{"id":32,"date":"2019-04-22T13:26:37","date_gmt":"2019-04-22T11:26:37","guid":{"rendered":"http:\/\/www.lmp-securite.com\/?page_id=32"},"modified":"2023-04-03T14:45:00","modified_gmt":"2023-04-03T12:45:00","slug":"la-societe-lmp-securite-travail-en-hauteur-filets-de-securite-thermobachage","status":"publish","type":"page","link":"https:\/\/www.lmp-securite.com\/?page_id=32","title":{"rendered":"La soci\u00e9t\u00e9"},"content":{"rendered":"\n<p><\/p>\n\n\n\n<p class=\"has-very-dark-gray-color has-text-color\" style=\"font-size:18px\">La soci\u00e9t\u00e9 LMP S\u00e9curit\u00e9 est implant\u00e9e depuis plus de 35 ans \u00e0 Barbezieux en Charente. <strong>LMP S\u00e9curit\u00e9<\/strong> assure contre les <a href=\"https:\/\/travail-emploi.gouv.fr\/sante-au-travail\/prevention-des-risques-pour-la-sante-au-travail\/autres-dangers-et-risques\/article\/chutes-de-hauteur#:~:text=La%20chute%20de%20hauteur%20se,%2C%20fosses%2C%20etc.).\">risques de chutes<\/a> gr\u00e2ce \u00e0 ses filets de protection. Elle est sp\u00e9cialis\u00e9e dans la s\u00e9curit\u00e9 en hauteur.<\/p>\n\n\n\n<p style=\"font-size:18px\">R\u00e9active et efficace, <strong>LMP S\u00e9curit\u00e9<\/strong> propose une large gamme de prestations mettant en \u0153uvre des moyens et des techniques hautement qualifi\u00e9s. <\/p>\n\n\n\n<p style=\"font-size:18px\">En effet, pour tout entrepreneur, anticiper les risques d&rsquo;accident demeure une priorit\u00e9 essentielle. Il est primordial de veiller au bon d\u00e9roulement des travaux en ext\u00e9rieur comme en int\u00e9rieur. Les filets <strong>LMP S\u00e9curit\u00e9<\/strong> sont adapt\u00e9s \u00e0 ces <a href=\"https:\/\/www.lmp-securite.com\/lmp-la-meilleure-protection-securite-travail-en-hauteur-filets-de-securite-thermobachage\/reglementation-travail-en-hauteur\/\">imp\u00e9ratifs<\/a>. <\/p>\n\n\n\n<p>Soucieuse de la s\u00e9curit\u00e9 compl\u00e8te de ses clients et de leurs biens,  LMP S\u00e9curit\u00e9 propose \u00e9galement, depuis 2021, la mise hors d&rsquo;eau , hors d&rsquo;air et hors de poussi\u00e8re des b\u00e2timents et des biens gr\u00e2ce \u00e0 la technologie du <a href=\"https:\/\/www.lmp-securite.com\/accueil-site-lmp-securite-filets-de-securite-thermobachage-fabrication-location-pose-ventes-securisation-du-travail-en-hauteur\/le-thermobachage-par-lmp-securite-permet-la-mise-hors-deau-hors-dair-hors-de-poussieres-grace-au-film-thermoretractable\/\">thermob\u00e2chage<\/a>. <\/p>\n\n\n\n<p>Celle-ci permet d\u2019innombrables applications telles que la r\u00e9fection d\u2019ouvrage d\u2019art, les mises hors gel, d\u2019eau et de poussi\u00e8re (int\u00e9rieur comme ext\u00e9rieur) des chantiers en r\u00e9novation sans oublier l\u2019emballage de mat\u00e9riel, de machines-outils destin\u00e9es \u00e0 l\u2019export ou encore l\u2019hivernage.<\/p>\n\n\n\n<p style=\"font-size:18px\"><a href=\"https:\/\/www.lmp-securite.com\/nos-realisations-lmp-securite\/\">Nos clients<\/a> sont charpentiers, couvreurs, \u00e9tancheurs, d\u00e9samianteurs ou encore installateurs de panneaux photovolta\u00efques.<\/p>\n\n\n\n<p style=\"font-size:18px\">Les b\u00e2timents sur lesquels nous intervenons sont des surfaces commerciales ou artisanales, industries a\u00e9ronautiques, industries agroalimentaires, plateformes logistiques, b\u00e2timents agricoles, b\u00e2timents photovolta\u00efques, ensembles scolaires, b\u00e2timents de loisirs, locaux sportifs, immeubles, \u00e9tablissements sanitaires.<\/p>\n\n\n\n<p class=\"has-medium-font-size\"><strong><mark style=\"background-color:rgba(0, 0, 0, 0)\" class=\"has-inline-color has-vivid-cyan-blue-color\">LMP S\u00e9curit\u00e9 fabrique, vend ou loue et installe des filets de s\u00e9curit\u00e9 de toutes les sortes :<\/mark><\/strong><\/p>\n\n\n\n<ul>\n<li><a href=\"https:\/\/www.lmp-securite.com\/pose-de-filets-de-securite-peripherique\/\"><strong>Filets de s\u00e9curit\u00e9 en sous<\/strong>&#8211;<strong>face et p\u00e9riph\u00e9riques<\/strong><\/a><strong> <\/strong><\/li>\n\n\n\n<li><a href=\"https:\/\/www.lmp-securite.com\/filets-securite-pour-desamiantage-ou-refection\/\"><strong>Filets double<\/strong>&#8211;<strong>polyane pour les poussi\u00e8res<\/strong><\/a><\/li>\n\n\n\n<li><a href=\"https:\/\/www.lmp-securite.com\/filets-avec-pare-gravats-preservent-la-voie-publique-des-salissures-et-gravats-protegent-les-passants-et-previennent-la-chute-dobjets\/\"><strong>Filets pare<\/strong>&#8211;<strong>gravats<\/strong><\/a><\/li>\n\n\n\n<li><a href=\"https:\/\/www.lmp-securite.com\/pose-de-filets-pare-ballons-stades-terrains-de-sport-salles-de-sport-respect-norme-en1263\/\"><strong>Filets pare<\/strong>&#8211;<strong>ballons pour les \u00e9quipements sportifs<\/strong><\/a><\/li>\n\n\n\n<li><a href=\"https:\/\/www.lmp-securite.com\/pose-de-filets-anti-volatiles-aucun-residus-aucun-danger-des-animaux\/\"><strong>Filets pare<\/strong>&#8211;<strong>oiseaux<\/strong><\/a><\/li>\n\n\n\n<li><a href=\"https:\/\/www.lmp-securite.com\/pose-de-filets-verticaux-ou-de-de-facade\/\"><strong>Filets verticaux ou de fa<\/strong>\u00e7<strong>ade<\/strong><\/a><\/li>\n\n\n\n<li><strong><a href=\"https:\/\/www.lmp-securite.com\/accueil-site-lmp-securite-filets-de-securite-thermobachage-fabrication-location-pose-ventes-securisation-du-travail-en-hauteur\/le-thermobachage-par-lmp-securite-permet-la-mise-hors-deau-hors-dair-hors-de-poussieres-grace-au-film-thermoretractable\/\">Films thermo-r\u00e9tractables pour le thermob\u00e2chage<\/a><\/strong><\/li>\n\n\n\n<li><strong><a href=\"https:\/\/www.lmp-securite.com\/contactez-nous\/\">Filets de benne pour \u00e9quiper vos camions <\/a><\/strong><\/li>\n<\/ul>\n\n\n\n<p><\/p>\n\n\n\n<p class=\"has-medium-font-size\"><strong><mark style=\"background-color:rgba(0, 0, 0, 0)\" class=\"has-inline-color has-vivid-cyan-blue-color\">De la pr\u00e9paration \u00e0 la pose des filets, LMP S\u00e9curit\u00e9 \u0153uvre pour votre tranquillit\u00e9.<\/mark><\/strong><\/p>\n\n\n\n<p><\/p>\n\n\n\n<p><\/p>\n\n\n\n<p><\/p>\n\n\n\n<h2 class=\"wp-block-heading\"><strong><mark style=\"background-color:rgba(0, 0, 0, 0)\" class=\"has-inline-color has-vivid-cyan-blue-color\">NOS COMP<strong>\u00c9<\/strong>TENCES AU SERVICE DE VOS BESOINS :<\/mark><\/strong><\/h2>\n\n\n\n<p><\/p>\n\n\n\n<p style=\"font-size:18px\"><strong>R\u00e9activit\u00e9 de r\u00e9ponse<\/strong><\/p>\n\n\n\n<p style=\"font-size:18px\"><strong>Efficacit\u00e9 d&rsquo;intervention<\/strong><\/p>\n\n\n\n<p style=\"font-size:18px\"><strong>Adaptation aux situations complexes<\/strong><\/p>\n\n\n\n<p style=\"font-size:18px\"><strong><strong>\u00c9<\/strong>quipe professionnelle<\/strong><\/p>\n\n\n\n<p style=\"font-size:18px\"><strong>Respect des budgets<\/strong><\/p>\n\n\n\n<p><\/p>\n\n\n\n<p style=\"font-size:18px\"><strong><mark style=\"background-color:rgba(0, 0, 0, 0)\" class=\"has-inline-color has-vivid-cyan-blue-color\">Nous vous assurons un r\u00f4le d&rsquo;audit et de conseil dans votre d\u00e9marche de s\u00e9curisation de vos b\u00e2timents.<\/mark><\/strong><\/p>\n\n\n\n<p><\/p>\n\n\n\n<p><\/p>\n\n\n\n<p><\/p>\n\n\n\n<h2 class=\"wp-block-heading\"><strong><mark style=\"background-color:rgba(0, 0, 0, 0)\" class=\"has-inline-color has-vivid-cyan-blue-color\">NOTRE SAVOIR FAIRE<\/mark><\/strong><\/h2>\n\n\n\n<p><\/p>\n\n\n\n<p style=\"font-size:18px\">Des poses de filets les plus complexes aux acc\u00e8s les plus difficiles, <strong>LMP S\u00e9curit\u00e9<\/strong> met tout en oeuvre pour assurer la protection de vos b\u00e2timents et de vos hommes. <\/p>\n\n\n\n<p style=\"font-size:18px\"><strong>LMP S\u00e9curit\u00e9<\/strong> intervient pour les b\u00e2timents neufs sur les r\u00e9gions Nouvelle Aquitaine et Midi Pyr\u00e9n\u00e9es et pour les b\u00e2timents en r\u00e9fection sur toute la France. <\/p>\n\n\n\n<p style=\"font-size:18px\">La pose se fait dans le respect de la norme EN1263-2 et recommandation R446.<\/p>\n\n\n\n<p><\/p>\n\n\n\n<p><\/p>\n\n\n\n<h2 class=\"wp-block-heading\"><strong><mark style=\"background-color:rgba(0, 0, 0, 0)\" class=\"has-inline-color has-vivid-cyan-blue-color\">NOTRE ATELIER DE PR<strong>\u00c9<\/strong>PARATION<\/mark><\/strong><\/h2>\n\n\n\n<p><\/p>\n\n\n\n<p style=\"font-size:18px\">Cette unit\u00e9 de production de 500m2 pr\u00e9pare et adapte les filets \u00e0 vos dimensions. Elle fabrique sur-mesure et r\u00e9pare vos filets. Le fa\u00e7onnage est ex\u00e9cut\u00e9 \u00e0 la main par une \u00e9quipe sp\u00e9cialement form\u00e9e, qui vous assure une qualit\u00e9 irr\u00e9prochable de finition.<\/p>\n\n\n\n<p style=\"font-size:18px\"><\/p>\n\n\n\n<p><\/p>\n\n\n\n<p class=\"has-medium-font-size\"><strong>AVANTAGES : <\/strong><\/p>\n\n\n\n<p style=\"font-size:18px\"><strong>Qualit\u00e9 parfaite de finition des filets<\/strong><\/p>\n\n\n\n<p style=\"font-size:18px\"><strong>V\u00e9rification constante<\/strong><\/p>\n\n\n\n<p style=\"font-size:18px\"><strong>Possibilit\u00e9 du sur-mesure<\/strong><\/p>\n\n\n\n<p style=\"font-size:18px\"><strong>Co\u00fbts \u00e9tudi\u00e9s<\/strong><\/p>\n\n\n\n<p><\/p>\n\n\n\n<p><\/p>\n\n\n\n<h2 class=\"wp-block-heading\"><strong><mark style=\"background-color:rgba(0, 0, 0, 0)\" class=\"has-inline-color has-vivid-cyan-blue-color\">NOS MAT<strong>\u00c9<\/strong>RIAUX <\/mark><\/strong><\/h2>\n\n\n\n<p><\/p>\n\n\n\n<p>Nos filets de s\u00e9curit\u00e9 sont fabriqu\u00e9s avec des mat\u00e9riaux rigoureusement s\u00e9lectionn\u00e9s. <\/p>\n\n\n\n<p style=\"font-size:18px\">C&rsquo;est pourquoi ils sont contr\u00f4l\u00e9s et test\u00e9s dans le strict respect des normes en vigueur.<\/p>\n\n\n\n<p style=\"font-size:18px\">A cet \u00e9gard ils sont fa\u00e7onn\u00e9s techniquement selon les exigences de la norme EN1263-1 puis pos\u00e9s en respect de la norme EN 1263-2.<\/p>\n\n\n\n<p><\/p>\n\n\n\n<h2 class=\"wp-block-heading\"><strong><a href=\"http:\/\/www.lmp-securite.com\/la-societe\/zones-dintervention\/\">NOTRE <strong>\u00c9<\/strong>QUIPE<\/a><\/strong><\/h2>\n\n\n\n<p><\/p>\n\n\n\n<p style=\"font-size:18px\">Compos\u00e9e de personnes exp\u00e9riment\u00e9es, rigoureuses et r\u00e9alisant du travail de qualit\u00e9, c&rsquo;est une \u00e9quipe en formation permanente.<\/p>\n\n\n\n<p style=\"font-size:18px\">Ainsi qu&rsquo;il s&rsquo;agisse du travail en hauteur ou sur corde, de la conduite de nacelles \u00e9l\u00e9vatrices, du sauvetage et du secourisme au travail ainsi que de l&rsquo;habilitation amiante sous section 4, LMP S\u00e9curit\u00e9 poss\u00e8de LES comp\u00e9tences parfaitement adapt\u00e9es.<\/p>\n\n\n\n<p style=\"font-size:18px\">Nous avons en permanence 5 \u00e9quipes \u00e0 votre service pour poser nos filets sur vos b\u00e2timents.<\/p>\n\n\n\n<figure class=\"wp-block-image\"><img fetchpriority=\"high\" decoding=\"async\" width=\"1024\" height=\"768\" src=\"http:\/\/www.lmp-securite.com\/wp-content\/uploads\/2020\/03\/IMG_20200313_120239-1024x768.jpg\" alt=\"\" class=\"wp-image-865\" srcset=\"https:\/\/www.lmp-securite.com\/wp-content\/uploads\/2020\/03\/IMG_20200313_120239-1024x768.jpg 1024w, https:\/\/www.lmp-securite.com\/wp-content\/uploads\/2020\/03\/IMG_20200313_120239-300x225.jpg 300w, https:\/\/www.lmp-securite.com\/wp-content\/uploads\/2020\/03\/IMG_20200313_120239-768x576.jpg 768w\" sizes=\"(max-width: 1024px) 100vw, 1024px\" \/><\/figure>\n","protected":false},"excerpt":{"rendered":"<p>La soci\u00e9t\u00e9 LMP S\u00e9curit\u00e9 est implant\u00e9e depuis plus de 35 ans \u00e0 Barbezieux en Charente. LMP S\u00e9curit\u00e9 assure contre les risques de chutes gr\u00e2ce \u00e0 ses filets de protection. Elle est sp\u00e9cialis\u00e9e dans la s\u00e9curit\u00e9 en hauteur. R\u00e9active et efficace, LMP S\u00e9curit\u00e9 propose une large gamme de prestations mettant en \u0153uvre des moyens et des [&hellip;]<\/p>\n","protected":false},"author":1,"featured_media":1205,"parent":0,"menu_order":0,"comment_status":"closed","ping_status":"closed","template":"","meta":[],"yoast_head":"<!-- This site is optimized with the Yoast SEO plugin v20.4 - https:\/\/yoast.com\/wordpress\/plugins\/seo\/ -->\n<title>La soci\u00e9t\u00e9 LMP S\u00e9curit\u00e9<\/title>\n<meta name=\"description\" content=\"La soci\u00e9t\u00e9 LMP S\u00e9curit\u00e9 : Le sp\u00e9cialiste de la s\u00e9curit\u00e9 au travail. Filets de s\u00e9curit\u00e9, fabrication location et pose. Vente. Thermob\u00e2chage.\" \/>\n<meta name=\"robots\" content=\"index, follow, max-snippet:-1, max-image-preview:large, max-video-preview:-1\" \/>\n<link rel=\"canonical\" href=\"https:\/\/www.lmp-securite.com\/la-societe-lmp-securite-travail-en-hauteur-filets-de-securite-thermobachage\/\" \/>\n<meta property=\"og:locale\" content=\"fr_FR\" \/>\n<meta property=\"og:type\" content=\"article\" \/>\n<meta property=\"og:title\" content=\"La soci\u00e9t\u00e9 LMP S\u00e9curit\u00e9\" \/>\n<meta property=\"og:description\" content=\"La soci\u00e9t\u00e9 LMP S\u00e9curit\u00e9 : Le sp\u00e9cialiste de la s\u00e9curit\u00e9 au travail. Filets de s\u00e9curit\u00e9, fabrication location et pose. Vente. Thermob\u00e2chage.\" \/>\n<meta property=\"og:url\" content=\"https:\/\/www.lmp-securite.com\/la-societe-lmp-securite-travail-en-hauteur-filets-de-securite-thermobachage\/\" \/>\n<meta property=\"og:site_name\" content=\"Lmp S\u00e9curit\u00e9\" \/>\n<meta property=\"article:publisher\" content=\"https:\/\/www.facebook.com\/LMPsecurite\" \/>\n<meta property=\"article:modified_time\" content=\"2023-04-03T12:45:00+00:00\" \/>\n<meta property=\"og:image\" content=\"https:\/\/www.lmp-securite.com\/wp-content\/uploads\/2021\/05\/Siege-social-LMP-Securite.png\" \/>\n\t<meta property=\"og:image:width\" content=\"2203\" \/>\n\t<meta property=\"og:image:height\" content=\"1189\" \/>\n\t<meta property=\"og:image:type\" content=\"image\/png\" \/>\n<meta name=\"twitter:card\" content=\"summary_large_image\" \/>\n<meta name=\"twitter:site\" content=\"@LmpSecurite\" \/>\n<meta name=\"twitter:label1\" content=\"Dur\u00e9e de lecture estim\u00e9e\" \/>\n\t<meta name=\"twitter:data1\" content=\"4 minutes\" \/>\n<script type=\"application\/ld+json\" class=\"yoast-schema-graph\">{\"@context\":\"https:\/\/schema.org\",\"@graph\":[{\"@type\":[\"WebPage\",\"SearchResultsPage\"],\"@id\":\"https:\/\/www.lmp-securite.com\/la-societe-lmp-securite-travail-en-hauteur-filets-de-securite-thermobachage\/\",\"url\":\"https:\/\/www.lmp-securite.com\/la-societe-lmp-securite-travail-en-hauteur-filets-de-securite-thermobachage\/\",\"name\":\"La soci\u00e9t\u00e9 LMP S\u00e9curit\u00e9\",\"isPartOf\":{\"@id\":\"https:\/\/www.lmp-securite.com\/#website\"},\"datePublished\":\"2019-04-22T11:26:37+00:00\",\"dateModified\":\"2023-04-03T12:45:00+00:00\",\"description\":\"La soci\u00e9t\u00e9 LMP S\u00e9curit\u00e9 : Le sp\u00e9cialiste de la s\u00e9curit\u00e9 au travail. Filets de s\u00e9curit\u00e9, fabrication location et pose. Vente. Thermob\u00e2chage.\",\"breadcrumb\":{\"@id\":\"https:\/\/www.lmp-securite.com\/la-societe-lmp-securite-travail-en-hauteur-filets-de-securite-thermobachage\/#breadcrumb\"},\"inLanguage\":\"fr-FR\",\"potentialAction\":[{\"@type\":\"ReadAction\",\"target\":[\"https:\/\/www.lmp-securite.com\/la-societe-lmp-securite-travail-en-hauteur-filets-de-securite-thermobachage\/\"]}]},{\"@type\":\"BreadcrumbList\",\"@id\":\"https:\/\/www.lmp-securite.com\/la-societe-lmp-securite-travail-en-hauteur-filets-de-securite-thermobachage\/#breadcrumb\",\"itemListElement\":[{\"@type\":\"ListItem\",\"position\":1,\"name\":\"Accueil\",\"item\":\"https:\/\/www.lmp-securite.com\/\"},{\"@type\":\"ListItem\",\"position\":2,\"name\":\"La soci\u00e9t\u00e9\"}]},{\"@type\":\"WebSite\",\"@id\":\"https:\/\/www.lmp-securite.com\/#website\",\"url\":\"https:\/\/www.lmp-securite.com\/\",\"name\":\"Lmp S\u00e9curit\u00e9\",\"description\":\"Filets de s\u00e9curit\u00e9\",\"publisher\":{\"@id\":\"https:\/\/www.lmp-securite.com\/#organization\"},\"potentialAction\":[{\"@type\":\"SearchAction\",\"target\":{\"@type\":\"EntryPoint\",\"urlTemplate\":\"https:\/\/www.lmp-securite.com\/?s={search_term_string}\"},\"query-input\":\"required name=search_term_string\"}],\"inLanguage\":\"fr-FR\"},{\"@type\":\"Organization\",\"@id\":\"https:\/\/www.lmp-securite.com\/#organization\",\"name\":\"LMP S\u00e9curit\u00e9\",\"url\":\"https:\/\/www.lmp-securite.com\/\",\"logo\":{\"@type\":\"ImageObject\",\"inLanguage\":\"fr-FR\",\"@id\":\"https:\/\/www.lmp-securite.com\/#\/schema\/logo\/image\/\",\"url\":\"https:\/\/www.lmp-securite.com\/wp-content\/uploads\/2021\/04\/LMP-modernise-compresse-pour-internet.png\",\"contentUrl\":\"https:\/\/www.lmp-securite.com\/wp-content\/uploads\/2021\/04\/LMP-modernise-compresse-pour-internet.png\",\"width\":6000,\"height\":4000,\"caption\":\"LMP S\u00e9curit\u00e9\"},\"image\":{\"@id\":\"https:\/\/www.lmp-securite.com\/#\/schema\/logo\/image\/\"},\"sameAs\":[\"https:\/\/www.facebook.com\/LMPsecurite\",\"https:\/\/twitter.com\/LmpSecurite\",\"https:\/\/www.instagram.com\/lmpsecurite\/\",\"https:\/\/www.linkedin.com\/company\/lmp-s\u00e9curit\u00e9\",\"https:\/\/www.youtube.com\/channel\/UCWk6fDe4a1UJE60gIvAml_w\"]}]}<\/script>\n<!-- \/ Yoast SEO plugin. -->","yoast_head_json":{"title":"La soci\u00e9t\u00e9 LMP S\u00e9curit\u00e9","description":"La soci\u00e9t\u00e9 LMP S\u00e9curit\u00e9 : Le sp\u00e9cialiste de la s\u00e9curit\u00e9 au travail. Filets de s\u00e9curit\u00e9, fabrication location et pose. Vente. Thermob\u00e2chage.","robots":{"index":"index","follow":"follow","max-snippet":"max-snippet:-1","max-image-preview":"max-image-preview:large","max-video-preview":"max-video-preview:-1"},"canonical":"https:\/\/www.lmp-securite.com\/la-societe-lmp-securite-travail-en-hauteur-filets-de-securite-thermobachage\/","og_locale":"fr_FR","og_type":"article","og_title":"La soci\u00e9t\u00e9 LMP S\u00e9curit\u00e9","og_description":"La soci\u00e9t\u00e9 LMP S\u00e9curit\u00e9 : Le sp\u00e9cialiste de la s\u00e9curit\u00e9 au travail. Filets de s\u00e9curit\u00e9, fabrication location et pose. Vente. Thermob\u00e2chage.","og_url":"https:\/\/www.lmp-securite.com\/la-societe-lmp-securite-travail-en-hauteur-filets-de-securite-thermobachage\/","og_site_name":"Lmp S\u00e9curit\u00e9","article_publisher":"https:\/\/www.facebook.com\/LMPsecurite","article_modified_time":"2023-04-03T12:45:00+00:00","og_image":[{"width":2203,"height":1189,"url":"https:\/\/www.lmp-securite.com\/wp-content\/uploads\/2021\/05\/Siege-social-LMP-Securite.png","type":"image\/png"}],"twitter_card":"summary_large_image","twitter_site":"@LmpSecurite","twitter_misc":{"Dur\u00e9e de lecture estim\u00e9e":"4 minutes"},"schema":{"@context":"https:\/\/schema.org","@graph":[{"@type":["WebPage","SearchResultsPage"],"@id":"https:\/\/www.lmp-securite.com\/la-societe-lmp-securite-travail-en-hauteur-filets-de-securite-thermobachage\/","url":"https:\/\/www.lmp-securite.com\/la-societe-lmp-securite-travail-en-hauteur-filets-de-securite-thermobachage\/","name":"La soci\u00e9t\u00e9 LMP S\u00e9curit\u00e9","isPartOf":{"@id":"https:\/\/www.lmp-securite.com\/#website"},"datePublished":"2019-04-22T11:26:37+00:00","dateModified":"2023-04-03T12:45:00+00:00","description":"La soci\u00e9t\u00e9 LMP S\u00e9curit\u00e9 : Le sp\u00e9cialiste de la s\u00e9curit\u00e9 au travail. Filets de s\u00e9curit\u00e9, fabrication location et pose. Vente. Thermob\u00e2chage.","breadcrumb":{"@id":"https:\/\/www.lmp-securite.com\/la-societe-lmp-securite-travail-en-hauteur-filets-de-securite-thermobachage\/#breadcrumb"},"inLanguage":"fr-FR","potentialAction":[{"@type":"ReadAction","target":["https:\/\/www.lmp-securite.com\/la-societe-lmp-securite-travail-en-hauteur-filets-de-securite-thermobachage\/"]}]},{"@type":"BreadcrumbList","@id":"https:\/\/www.lmp-securite.com\/la-societe-lmp-securite-travail-en-hauteur-filets-de-securite-thermobachage\/#breadcrumb","itemListElement":[{"@type":"ListItem","position":1,"name":"Accueil","item":"https:\/\/www.lmp-securite.com\/"},{"@type":"ListItem","position":2,"name":"La soci\u00e9t\u00e9"}]},{"@type":"WebSite","@id":"https:\/\/www.lmp-securite.com\/#website","url":"https:\/\/www.lmp-securite.com\/","name":"Lmp S\u00e9curit\u00e9","description":"Filets de s\u00e9curit\u00e9","publisher":{"@id":"https:\/\/www.lmp-securite.com\/#organization"},"potentialAction":[{"@type":"SearchAction","target":{"@type":"EntryPoint","urlTemplate":"https:\/\/www.lmp-securite.com\/?s={search_term_string}"},"query-input":"required name=search_term_string"}],"inLanguage":"fr-FR"},{"@type":"Organization","@id":"https:\/\/www.lmp-securite.com\/#organization","name":"LMP S\u00e9curit\u00e9","url":"https:\/\/www.lmp-securite.com\/","logo":{"@type":"ImageObject","inLanguage":"fr-FR","@id":"https:\/\/www.lmp-securite.com\/#\/schema\/logo\/image\/","url":"https:\/\/www.lmp-securite.com\/wp-content\/uploads\/2021\/04\/LMP-modernise-compresse-pour-internet.png","contentUrl":"https:\/\/www.lmp-securite.com\/wp-content\/uploads\/2021\/04\/LMP-modernise-compresse-pour-internet.png","width":6000,"height":4000,"caption":"LMP S\u00e9curit\u00e9"},"image":{"@id":"https:\/\/www.lmp-securite.com\/#\/schema\/logo\/image\/"},"sameAs":["https:\/\/www.facebook.com\/LMPsecurite","https:\/\/twitter.com\/LmpSecurite","https:\/\/www.instagram.com\/lmpsecurite\/","https:\/\/www.linkedin.com\/company\/lmp-s\u00e9curit\u00e9","https:\/\/www.youtube.com\/channel\/UCWk6fDe4a1UJE60gIvAml_w"]}]}},"_links":{"self":[{"href":"https:\/\/www.lmp-securite.com\/index.php?rest_route=\/wp\/v2\/pages\/32"}],"collection":[{"href":"https:\/\/www.lmp-securite.com\/index.php?rest_route=\/wp\/v2\/pages"}],"about":[{"href":"https:\/\/www.lmp-securite.com\/index.php?rest_route=\/wp\/v2\/types\/page"}],"author":[{"embeddable":true,"href":"https:\/\/www.lmp-securite.com\/index.php?rest_route=\/wp\/v2\/users\/1"}],"replies":[{"embeddable":true,"href":"https:\/\/www.lmp-securite.com\/index.php?rest_route=%2Fwp%2Fv2%2Fcomments&post=32"}],"version-history":[{"count":9,"href":"https:\/\/www.lmp-securite.com\/index.php?rest_route=\/wp\/v2\/pages\/32\/revisions"}],"predecessor-version":[{"id":1952,"href":"https:\/\/www.lmp-securite.com\/index.php?rest_route=\/wp\/v2\/pages\/32\/revisions\/1952"}],"wp:featuredmedia":[{"embeddable":true,"href":"https:\/\/www.lmp-securite.com\/index.php?rest_route=\/wp\/v2\/media\/1205"}],"wp:attachment":[{"href":"https:\/\/www.lmp-securite.com\/index.php?rest_route=%2Fwp%2Fv2%2Fmedia&parent=32"}],"curies":[{"name":"wp","href":"https:\/\/api.w.org\/{rel}","templated":true}]}}