{"id":313,"date":"2020-02-27T15:20:26","date_gmt":"2020-02-27T14:20:26","guid":{"rendered":"http:\/\/www.lmp-securite.com\/?page_id=313"},"modified":"2023-04-03T13:28:36","modified_gmt":"2023-04-03T11:28:36","slug":"pose-de-filets-de-securite-peripherique","status":"publish","type":"page","link":"https:\/\/www.lmp-securite.com\/?page_id=313","title":{"rendered":"Pose de filets de s\u00e9curit\u00e9 p\u00e9riph\u00e9rique"},"content":{"rendered":"\n<p><\/p>\n\n\n\n<h3 class=\"wp-block-heading\">Aussi appel\u00e9s \u00ab\u00a0filets de retenue p\u00e9riph\u00e9rique\u00a0\u00bb. Destin\u00e9s \u00e0 \u00e9quiper les garde-corps en p\u00e9riph\u00e9rie pour les travaux de couverture et d&rsquo;\u00e9tanch\u00e9it\u00e9. <\/h3>\n\n\n\n<figure class=\"wp-block-gallery has-nested-images columns-default is-cropped wp-block-gallery-1 is-layout-flex\">\n<figure class=\"wp-block-image size-large\"><img fetchpriority=\"high\" decoding=\"async\" width=\"1024\" height=\"768\" data-id=\"376\"  src=\"https:\/\/www.lmp-securite.com\/wp-content\/uploads\/2020\/02\/PC070069-2-e1583142485725-1024x768.jpg\" alt=\"Filet de s\u00e9curit\u00e9 p\u00e9riph\u00e9rique 2\" class=\"wp-image-376\" srcset=\"https:\/\/www.lmp-securite.com\/wp-content\/uploads\/2020\/02\/PC070069-2-e1583142485725-1024x768.jpg 1024w, https:\/\/www.lmp-securite.com\/wp-content\/uploads\/2020\/02\/PC070069-2-e1583142485725-300x225.jpg 300w, https:\/\/www.lmp-securite.com\/wp-content\/uploads\/2020\/02\/PC070069-2-e1583142485725-768x576.jpg 768w\" sizes=\"(max-width: 1024px) 100vw, 1024px\" \/><\/figure>\n\n\n\n<figure class=\"wp-block-image size-large\"><img decoding=\"async\" width=\"640\" height=\"853\" data-id=\"693\"  src=\"https:\/\/www.lmp-securite.com\/wp-content\/uploads\/2020\/03\/IMG_1476.jpg\" alt=\"Filet de s\u00e9curit\u00e9 p\u00e9riph\u00e9rique\" class=\"wp-image-693\" srcset=\"https:\/\/www.lmp-securite.com\/wp-content\/uploads\/2020\/03\/IMG_1476.jpg 640w, https:\/\/www.lmp-securite.com\/wp-content\/uploads\/2020\/03\/IMG_1476-225x300.jpg 225w\" sizes=\"(max-width: 640px) 100vw, 640px\" \/><\/figure>\n<\/figure>\n\n\n\n<p>Pose de filets de s\u00e9curit\u00e9 p\u00e9riph\u00e9rique. Faites confiance \u00e0 LMP S\u00e9curit\u00e9 pour prot\u00e9ger vos zones de travail en hauteur. <\/p>\n\n\n\n<p>Tress\u00e9s \u00e0 la main dans notre atelier ces <a href=\"https:\/\/fr.wikipedia.org\/wiki\/Filet_de_s%C3%A9curit%C3%A9\">filets<\/a> vous garantissent s\u00e9curit\u00e9 et long\u00e9vit\u00e9. Adaptables aux <a href=\"https:\/\/www.lmp-securite.com\/contactez-nous\/\">mesures souhait\u00e9es<\/a>.<\/p>\n\n\n\n<h4 class=\"wp-block-heading\"><mark style=\"background-color:rgba(0, 0, 0, 0)\" class=\"has-inline-color has-vivid-cyan-blue-color\">Les filets de s\u00e9curit\u00e9 p\u00e9riph\u00e9riques sont utilis\u00e9s pour prot\u00e9ger les travailleurs et les personnes travaillant en hauteur contre les chutes. Les avantages sont nombreux :<\/mark><\/h4>\n\n\n\n<p><\/p>\n\n\n\n<p><strong>Protection contre les chutes<\/strong> : Ils sont con\u00e7us pour emp\u00eacher les travailleurs de tomber d&rsquo;une hauteur. Ils sont install\u00e9s autour des bords des toits, des \u00e9chafaudages et des b\u00e2timents pour fournir une barri\u00e8re de protection contre les chutes.<\/p>\n\n\n\n<p><strong>Facilit\u00e9 d&rsquo;installation<\/strong> : Ils sont faciles \u00e0 installer et peuvent \u00eatre mis en place rapidement. En effet, fabriqu\u00e9s \u00e0 partir de mat\u00e9riaux l\u00e9gers, ils sont facilement transportables et positionnables sur le site.<\/p>\n\n\n\n<p><strong>Flexibilit\u00e9<\/strong> : Les filets peuvent \u00eatre utilis\u00e9s dans une vari\u00e9t\u00e9 d&rsquo;applications. En effet ils sont souvent utilis\u00e9s sur les toits, les \u00e9chafaudages, les plates-formes de travail et les b\u00e2timents.<\/p>\n\n\n\n<p><strong>R\u00e9duction des blessures<\/strong> : Ils r\u00e9duisent les risques de blessures en cas de chute. En effet, les filets amortissent la chute et r\u00e9duisent les forces d&rsquo;impact, ce qui r\u00e9duit les risques de blessures graves.<\/p>\n\n\n\n<p><strong>Durabilit\u00e9<\/strong> : Ils sont fabriqu\u00e9s \u00e0 partir de mat\u00e9riaux de haute qualit\u00e9 et r\u00e9sistants \u00e0 l&rsquo;usure. Aussi ils r\u00e9sistent aux intemp\u00e9ries et aux conditions environnementales difficiles.<\/p>\n\n\n\n<p><strong>Co\u00fbt abordable<\/strong> : Les filets de s\u00e9curit\u00e9 p\u00e9riph\u00e9riques sont souvent plus abordables que les autres syst\u00e8mes de protection contre les chutes, comme les harnais de s\u00e9curit\u00e9 ou les barri\u00e8res de protection. C&rsquo;est pourquoi cela les rend accessibles \u00e0 un plus grand nombre d&rsquo;entreprises et de travailleurs.<\/p>\n\n\n\n<p>Les filets de s\u00e9curit\u00e9 p\u00e9riph\u00e9riques sont un moyen efficace et abordable de prot\u00e9ger les travailleurs contre les chutes. Ils offrent une protection fiable, sont faciles \u00e0 installer et durables.<\/p>\n\n\n<p><strong>Fabricants de filets de s\u00e9curit\u00e9 : notre c\u0153ur de m\u00e9tier. La <\/strong><b><strong>protection optimale : notre devoir<\/strong><\/b>.<\/p>","protected":false},"excerpt":{"rendered":"<p>Aussi appel\u00e9s \u00ab\u00a0filets de retenue p\u00e9riph\u00e9rique\u00a0\u00bb. Destin\u00e9s \u00e0 \u00e9quiper les garde-corps en p\u00e9riph\u00e9rie pour les travaux de couverture et d&rsquo;\u00e9tanch\u00e9it\u00e9. Pose de filets de s\u00e9curit\u00e9 p\u00e9riph\u00e9rique. Faites confiance \u00e0 LMP S\u00e9curit\u00e9 pour prot\u00e9ger vos zones de travail en hauteur. Tress\u00e9s \u00e0 la main dans notre atelier ces filets vous garantissent s\u00e9curit\u00e9 et long\u00e9vit\u00e9. Adaptables aux [&hellip;]<\/p>\n","protected":false},"author":2,"featured_media":0,"parent":0,"menu_order":0,"comment_status":"closed","ping_status":"closed","template":"","meta":[],"yoast_head":"<!-- This site is optimized with the Yoast SEO plugin v20.4 - https:\/\/yoast.com\/wordpress\/plugins\/seo\/ -->\n<title>Pose de filets de s\u00e9curit\u00e9 p\u00e9riph\u00e9rique - Lmp S\u00e9curit\u00e9<\/title>\n<meta name=\"description\" content=\"Pose de filets de s\u00e9curit\u00e9 p\u00e9riph\u00e9rique : \u00e9quipent les garde-corps pour les travaux de couverture et d&#039;\u00e9tanch\u00e9it\u00e9. Disponibles en sur-mesure.\" \/>\n<meta name=\"robots\" content=\"index, follow, max-snippet:-1, max-image-preview:large, max-video-preview:-1\" \/>\n<link rel=\"canonical\" href=\"https:\/\/www.lmp-securite.com\/pose-de-filets-de-securite-peripherique\/\" \/>\n<meta property=\"og:locale\" content=\"fr_FR\" \/>\n<meta property=\"og:type\" content=\"article\" \/>\n<meta property=\"og:title\" content=\"Pose de filets de s\u00e9curit\u00e9 p\u00e9riph\u00e9rique - Lmp S\u00e9curit\u00e9\" \/>\n<meta property=\"og:description\" content=\"Pose de filets de s\u00e9curit\u00e9 p\u00e9riph\u00e9rique : \u00e9quipent les garde-corps pour les travaux de couverture et d&#039;\u00e9tanch\u00e9it\u00e9. Disponibles en sur-mesure.\" \/>\n<meta property=\"og:url\" content=\"https:\/\/www.lmp-securite.com\/pose-de-filets-de-securite-peripherique\/\" \/>\n<meta property=\"og:site_name\" content=\"Lmp S\u00e9curit\u00e9\" \/>\n<meta property=\"article:publisher\" content=\"https:\/\/www.facebook.com\/LMPsecurite\" \/>\n<meta property=\"article:modified_time\" content=\"2023-04-03T11:28:36+00:00\" \/>\n<meta property=\"og:image\" content=\"https:\/\/www.lmp-securite.com\/wp-content\/uploads\/2020\/02\/PC070069-2-e1583142485725-1024x768.jpg\" \/>\n<meta name=\"twitter:card\" content=\"summary_large_image\" \/>\n<meta name=\"twitter:site\" content=\"@LmpSecurite\" \/>\n<meta name=\"twitter:label1\" content=\"Dur\u00e9e de lecture estim\u00e9e\" \/>\n\t<meta name=\"twitter:data1\" content=\"3 minutes\" \/>\n<script type=\"application\/ld+json\" class=\"yoast-schema-graph\">{\"@context\":\"https:\/\/schema.org\",\"@graph\":[{\"@type\":\"WebPage\",\"@id\":\"https:\/\/www.lmp-securite.com\/pose-de-filets-de-securite-peripherique\/\",\"url\":\"https:\/\/www.lmp-securite.com\/pose-de-filets-de-securite-peripherique\/\",\"name\":\"Pose de filets de s\u00e9curit\u00e9 p\u00e9riph\u00e9rique - Lmp S\u00e9curit\u00e9\",\"isPartOf\":{\"@id\":\"https:\/\/www.lmp-securite.com\/#website\"},\"datePublished\":\"2020-02-27T14:20:26+00:00\",\"dateModified\":\"2023-04-03T11:28:36+00:00\",\"description\":\"Pose de filets de s\u00e9curit\u00e9 p\u00e9riph\u00e9rique : \u00e9quipent les garde-corps pour les travaux de couverture et d'\u00e9tanch\u00e9it\u00e9. Disponibles en sur-mesure.\",\"breadcrumb\":{\"@id\":\"https:\/\/www.lmp-securite.com\/pose-de-filets-de-securite-peripherique\/#breadcrumb\"},\"inLanguage\":\"fr-FR\",\"potentialAction\":[{\"@type\":\"ReadAction\",\"target\":[\"https:\/\/www.lmp-securite.com\/pose-de-filets-de-securite-peripherique\/\"]}]},{\"@type\":\"BreadcrumbList\",\"@id\":\"https:\/\/www.lmp-securite.com\/pose-de-filets-de-securite-peripherique\/#breadcrumb\",\"itemListElement\":[{\"@type\":\"ListItem\",\"position\":1,\"name\":\"Accueil\",\"item\":\"https:\/\/www.lmp-securite.com\/\"},{\"@type\":\"ListItem\",\"position\":2,\"name\":\"Pose de filets de s\u00e9curit\u00e9 p\u00e9riph\u00e9rique\"}]},{\"@type\":\"WebSite\",\"@id\":\"https:\/\/www.lmp-securite.com\/#website\",\"url\":\"https:\/\/www.lmp-securite.com\/\",\"name\":\"Lmp S\u00e9curit\u00e9\",\"description\":\"Filets de s\u00e9curit\u00e9\",\"publisher\":{\"@id\":\"https:\/\/www.lmp-securite.com\/#organization\"},\"potentialAction\":[{\"@type\":\"SearchAction\",\"target\":{\"@type\":\"EntryPoint\",\"urlTemplate\":\"https:\/\/www.lmp-securite.com\/?s={search_term_string}\"},\"query-input\":\"required name=search_term_string\"}],\"inLanguage\":\"fr-FR\"},{\"@type\":\"Organization\",\"@id\":\"https:\/\/www.lmp-securite.com\/#organization\",\"name\":\"LMP S\u00e9curit\u00e9\",\"url\":\"https:\/\/www.lmp-securite.com\/\",\"logo\":{\"@type\":\"ImageObject\",\"inLanguage\":\"fr-FR\",\"@id\":\"https:\/\/www.lmp-securite.com\/#\/schema\/logo\/image\/\",\"url\":\"https:\/\/www.lmp-securite.com\/wp-content\/uploads\/2021\/04\/LMP-modernise-compresse-pour-internet.png\",\"contentUrl\":\"https:\/\/www.lmp-securite.com\/wp-content\/uploads\/2021\/04\/LMP-modernise-compresse-pour-internet.png\",\"width\":6000,\"height\":4000,\"caption\":\"LMP S\u00e9curit\u00e9\"},\"image\":{\"@id\":\"https:\/\/www.lmp-securite.com\/#\/schema\/logo\/image\/\"},\"sameAs\":[\"https:\/\/www.facebook.com\/LMPsecurite\",\"https:\/\/twitter.com\/LmpSecurite\",\"https:\/\/www.instagram.com\/lmpsecurite\/\",\"https:\/\/www.linkedin.com\/company\/lmp-s\u00e9curit\u00e9\",\"https:\/\/www.youtube.com\/channel\/UCWk6fDe4a1UJE60gIvAml_w\"]}]}<\/script>\n<!-- \/ Yoast SEO plugin. -->","yoast_head_json":{"title":"Pose de filets de s\u00e9curit\u00e9 p\u00e9riph\u00e9rique - Lmp S\u00e9curit\u00e9","description":"Pose de filets de s\u00e9curit\u00e9 p\u00e9riph\u00e9rique : \u00e9quipent les garde-corps pour les travaux de couverture et d'\u00e9tanch\u00e9it\u00e9. Disponibles en sur-mesure.","robots":{"index":"index","follow":"follow","max-snippet":"max-snippet:-1","max-image-preview":"max-image-preview:large","max-video-preview":"max-video-preview:-1"},"canonical":"https:\/\/www.lmp-securite.com\/pose-de-filets-de-securite-peripherique\/","og_locale":"fr_FR","og_type":"article","og_title":"Pose de filets de s\u00e9curit\u00e9 p\u00e9riph\u00e9rique - Lmp S\u00e9curit\u00e9","og_description":"Pose de filets de s\u00e9curit\u00e9 p\u00e9riph\u00e9rique : \u00e9quipent les garde-corps pour les travaux de couverture et d'\u00e9tanch\u00e9it\u00e9. Disponibles en sur-mesure.","og_url":"https:\/\/www.lmp-securite.com\/pose-de-filets-de-securite-peripherique\/","og_site_name":"Lmp S\u00e9curit\u00e9","article_publisher":"https:\/\/www.facebook.com\/LMPsecurite","article_modified_time":"2023-04-03T11:28:36+00:00","og_image":[{"url":"https:\/\/www.lmp-securite.com\/wp-content\/uploads\/2020\/02\/PC070069-2-e1583142485725-1024x768.jpg"}],"twitter_card":"summary_large_image","twitter_site":"@LmpSecurite","twitter_misc":{"Dur\u00e9e de lecture estim\u00e9e":"3 minutes"},"schema":{"@context":"https:\/\/schema.org","@graph":[{"@type":"WebPage","@id":"https:\/\/www.lmp-securite.com\/pose-de-filets-de-securite-peripherique\/","url":"https:\/\/www.lmp-securite.com\/pose-de-filets-de-securite-peripherique\/","name":"Pose de filets de s\u00e9curit\u00e9 p\u00e9riph\u00e9rique - Lmp S\u00e9curit\u00e9","isPartOf":{"@id":"https:\/\/www.lmp-securite.com\/#website"},"datePublished":"2020-02-27T14:20:26+00:00","dateModified":"2023-04-03T11:28:36+00:00","description":"Pose de filets de s\u00e9curit\u00e9 p\u00e9riph\u00e9rique : \u00e9quipent les garde-corps pour les travaux de couverture et d'\u00e9tanch\u00e9it\u00e9. Disponibles en sur-mesure.","breadcrumb":{"@id":"https:\/\/www.lmp-securite.com\/pose-de-filets-de-securite-peripherique\/#breadcrumb"},"inLanguage":"fr-FR","potentialAction":[{"@type":"ReadAction","target":["https:\/\/www.lmp-securite.com\/pose-de-filets-de-securite-peripherique\/"]}]},{"@type":"BreadcrumbList","@id":"https:\/\/www.lmp-securite.com\/pose-de-filets-de-securite-peripherique\/#breadcrumb","itemListElement":[{"@type":"ListItem","position":1,"name":"Accueil","item":"https:\/\/www.lmp-securite.com\/"},{"@type":"ListItem","position":2,"name":"Pose de filets de s\u00e9curit\u00e9 p\u00e9riph\u00e9rique"}]},{"@type":"WebSite","@id":"https:\/\/www.lmp-securite.com\/#website","url":"https:\/\/www.lmp-securite.com\/","name":"Lmp S\u00e9curit\u00e9","description":"Filets de s\u00e9curit\u00e9","publisher":{"@id":"https:\/\/www.lmp-securite.com\/#organization"},"potentialAction":[{"@type":"SearchAction","target":{"@type":"EntryPoint","urlTemplate":"https:\/\/www.lmp-securite.com\/?s={search_term_string}"},"query-input":"required name=search_term_string"}],"inLanguage":"fr-FR"},{"@type":"Organization","@id":"https:\/\/www.lmp-securite.com\/#organization","name":"LMP S\u00e9curit\u00e9","url":"https:\/\/www.lmp-securite.com\/","logo":{"@type":"ImageObject","inLanguage":"fr-FR","@id":"https:\/\/www.lmp-securite.com\/#\/schema\/logo\/image\/","url":"https:\/\/www.lmp-securite.com\/wp-content\/uploads\/2021\/04\/LMP-modernise-compresse-pour-internet.png","contentUrl":"https:\/\/www.lmp-securite.com\/wp-content\/uploads\/2021\/04\/LMP-modernise-compresse-pour-internet.png","width":6000,"height":4000,"caption":"LMP S\u00e9curit\u00e9"},"image":{"@id":"https:\/\/www.lmp-securite.com\/#\/schema\/logo\/image\/"},"sameAs":["https:\/\/www.facebook.com\/LMPsecurite","https:\/\/twitter.com\/LmpSecurite","https:\/\/www.instagram.com\/lmpsecurite\/","https:\/\/www.linkedin.com\/company\/lmp-s\u00e9curit\u00e9","https:\/\/www.youtube.com\/channel\/UCWk6fDe4a1UJE60gIvAml_w"]}]}},"_links":{"self":[{"href":"https:\/\/www.lmp-securite.com\/index.php?rest_route=\/wp\/v2\/pages\/313"}],"collection":[{"href":"https:\/\/www.lmp-securite.com\/index.php?rest_route=\/wp\/v2\/pages"}],"about":[{"href":"https:\/\/www.lmp-securite.com\/index.php?rest_route=\/wp\/v2\/types\/page"}],"author":[{"embeddable":true,"href":"https:\/\/www.lmp-securite.com\/index.php?rest_route=\/wp\/v2\/users\/2"}],"replies":[{"embeddable":true,"href":"https:\/\/www.lmp-securite.com\/index.php?rest_route=%2Fwp%2Fv2%2Fcomments&post=313"}],"version-history":[{"count":7,"href":"https:\/\/www.lmp-securite.com\/index.php?rest_route=\/wp\/v2\/pages\/313\/revisions"}],"predecessor-version":[{"id":1939,"href":"https:\/\/www.lmp-securite.com\/index.php?rest_route=\/wp\/v2\/pages\/313\/revisions\/1939"}],"wp:attachment":[{"href":"https:\/\/www.lmp-securite.com\/index.php?rest_route=%2Fwp%2Fv2%2Fmedia&parent=313"}],"curies":[{"name":"wp","href":"https:\/\/api.w.org\/{rel}","templated":true}]}}