{"id":306,"date":"2020-02-27T15:14:56","date_gmt":"2020-02-27T14:14:56","guid":{"rendered":"http:\/\/www.lmp-securite.com\/?page_id=306"},"modified":"2023-04-03T13:25:45","modified_gmt":"2023-04-03T11:25:45","slug":"pose-de-filets-verticaux-ou-de-de-facade","status":"publish","type":"page","link":"https:\/\/www.lmp-securite.com\/?page_id=306","title":{"rendered":"Pose de filets verticaux ou de fa\u00e7ade"},"content":{"rendered":"\n<p><\/p>\n\n\n\n<figure class=\"wp-block-gallery has-nested-images columns-default is-cropped wp-block-gallery-1 is-layout-flex\">\n<figure class=\"wp-block-image size-large\"><img fetchpriority=\"high\" decoding=\"async\" width=\"768\" height=\"1024\" data-id=\"378\"  src=\"https:\/\/www.lmp-securite.com\/wp-content\/uploads\/2020\/02\/photo-33-2-768x1024.jpg\" alt=\"Filet de fa\u00e7ade\" class=\"wp-image-378\" srcset=\"https:\/\/www.lmp-securite.com\/wp-content\/uploads\/2020\/02\/photo-33-2-768x1024.jpg 768w, https:\/\/www.lmp-securite.com\/wp-content\/uploads\/2020\/02\/photo-33-2-225x300.jpg 225w, https:\/\/www.lmp-securite.com\/wp-content\/uploads\/2020\/02\/photo-33-2.jpg 1920w\" sizes=\"(max-width: 768px) 100vw, 768px\" \/><\/figure>\n\n\n\n<figure class=\"wp-block-image size-large\"><img decoding=\"async\" width=\"1024\" height=\"768\" data-id=\"703\"  src=\"https:\/\/www.lmp-securite.com\/wp-content\/uploads\/2020\/03\/IMG_6487-1024x768.jpg\" alt=\"\" class=\"wp-image-703\" srcset=\"https:\/\/www.lmp-securite.com\/wp-content\/uploads\/2020\/03\/IMG_6487-1024x768.jpg 1024w, https:\/\/www.lmp-securite.com\/wp-content\/uploads\/2020\/03\/IMG_6487-300x225.jpg 300w, https:\/\/www.lmp-securite.com\/wp-content\/uploads\/2020\/03\/IMG_6487-768x576.jpg 768w\" sizes=\"(max-width: 1024px) 100vw, 1024px\" \/><\/figure>\n<\/figure>\n\n\n\n<p>Pose de filets verticaux ou de fa\u00e7ade. Pour la r\u00e9fection de vos b\u00e2timents nos <strong>filets verticaux<\/strong> prot\u00e8geront des chutes de gravats ou d&rsquo;objets. Adaptables \u00e0 la <a href=\"https:\/\/www.lmp-securite.com\/contactez-nous\/\">longueur souhait\u00e9e<\/a>.<\/p>\n\n\n\n<p><strong>Tress\u00e9s \u00e0 la main dans notre atelier de fabrication. <\/strong>Ils sont con\u00e7us pour une utilisation ext\u00e9rieure et r\u00e9sistent donc parfaitement aux conditions climatiques.<\/p>\n\n\n<div class=\"group w-full text-gray-800 dark:text-gray-100 border-b border-black\/10 dark:border-gray-900\/50 bg-gray-50 dark:bg-[#444654]\">\n<div class=\"text-base gap-4 md:gap-6 md:max-w-2xl lg:max-w-xl xl:max-w-3xl p-4 md:py-6 flex lg:px-0 m-auto\">\n<div class=\"relative flex w-[calc(100%-50px)] flex-col gap-1 md:gap-3 lg:w-[calc(100%-115px)]\">\n<div class=\"flex flex-grow flex-col gap-3\">\n<div class=\"min-h-[20px] flex flex-col items-start gap-4 whitespace-pre-wrap\">\n<div class=\"markdown prose w-full break-words dark:prose-invert light\">\n<h4>Voici quelques avantages des filets de fa\u00e7ade, ou filets verticaux\u00a0 :<\/h4>\n<p><strong>S\u00e9curit\u00e9 des travailleurs<\/strong> : ils sont utilis\u00e9s pour prot\u00e9ger les travailleurs contre les chutes de hauteur pendant les travaux de construction ou de r\u00e9novation. Ils offrent une s\u00e9curit\u00e9 essentielle pour les ouvriers qui travaillent sur les fa\u00e7ades, les toits ou les balcons.<\/p>\n<p><strong>Protection de l&rsquo;environnement<\/strong> : ils pr\u00e9viennent la chute de d\u00e9bris ou de mat\u00e9riaux, tels que des outils, sur les passants ou les v\u00e9hicules en dessous. Mais ils emp\u00eachent \u00e9galement la chute de d\u00e9bris dans les zones environnantes, ce qui contribue \u00e0 maintenir un environnement de travail propre et s\u00fbr.<\/p>\n<p><strong>R\u00e9duction des co\u00fbts<\/strong> : ils r\u00e9duisent les co\u00fbts de construction et de maintenance. En effet ils \u00e9liminent le recours \u00e0 l&rsquo;utilisation de syst\u00e8mes de protection plus co\u00fbteux, comme les \u00e9chafaudages. Ils sont plus faciles et plus rapides \u00e0 installer, ce qui diminue le temps et les co\u00fbts de construction.<\/p>\n<p><strong>Polyvalence<\/strong> : ils peuvent \u00eatre utilis\u00e9s pour une vari\u00e9t\u00e9 de travaux de construction ou de maintenance, tels que la peinture, la r\u00e9paration, le nettoyage ou l&rsquo;installation de rev\u00eatements de fa\u00e7ade.<\/p>\n<p>Les filets de fa\u00e7ade sont un moyen pratique et \u00e9conomique de prot\u00e9ger les travailleurs, l&rsquo;environnement et de r\u00e9duire les co\u00fbts lors de travaux de construction et de maintenance de b\u00e2timents.<\/p>\n<\/div>\n<\/div>\n<\/div>\n<div class=\"flex justify-between lg:block\">\n<div class=\"text-gray-400 flex self-end lg:self-center justify-center mt-2 gap-2 md:gap-3 lg:gap-1 lg:absolute lg:top-0 lg:translate-x-full lg:right-0 lg:mt-0 lg:pl-2 visible\">\u00a0<\/div>\n<\/div>\n<\/div>\n<\/div>\n<\/div>\n<p><strong>Fabricants de filets de s\u00e9curit\u00e9 : notre c\u0153ur de m\u00e9tier. La <\/strong><b><strong>protection optimale : notre devoir<\/strong><\/b>.<\/p>\n<p><strong>LMP S\u00e9curit\u00e9<\/strong> propose une large gamme de prestations mettant en \u0153uvre des moyens et des techniques hautement qualifi\u00e9s.<\/p>\n<p>Les filets <strong>LMP S\u00e9curit\u00e9, dont la pose de filets verticaux ou de fa\u00e7ade, <\/strong>sont adapt\u00e9s \u00e0 ces\u00a0<a href=\"https:\/\/www.lmp-securite.com\/lmp-la-meilleure-protection-securite-travail-en-hauteur-filets-de-securite-thermobachage\/reglementation-travail-en-hauteur\/\">imp\u00e9ratifs<\/a>.<\/p>\n<p><strong>LMP <\/strong><b><strong>S\u00e9curit\u00e9<\/strong><\/b> <strong>met tout en \u0153uvre<\/strong> pour assurer la protection de vos b\u00e2timents et de vos hommes.<\/p>\n<p>\u00a0<\/p>\n\n\n<\/p>\n<p>\n\n\n<p><\/p>","protected":false},"excerpt":{"rendered":"<p>Pose de filets verticaux ou de fa\u00e7ade. Pour la r\u00e9fection de vos b\u00e2timents nos filets verticaux prot\u00e8geront des chutes de gravats ou d&rsquo;objets. Adaptables \u00e0 la longueur souhait\u00e9e. Tress\u00e9s \u00e0 la main dans notre atelier de fabrication. Ils sont con\u00e7us pour une utilisation ext\u00e9rieure et r\u00e9sistent donc parfaitement aux conditions climatiques. Voici quelques avantages des [&hellip;]<\/p>\n","protected":false},"author":2,"featured_media":0,"parent":0,"menu_order":0,"comment_status":"closed","ping_status":"closed","template":"","meta":[],"yoast_head":"<!-- This site is optimized with the Yoast SEO plugin v20.4 - https:\/\/yoast.com\/wordpress\/plugins\/seo\/ -->\n<title>Pose de filets verticaux ou de fa\u00e7ade - Lmp S\u00e9curit\u00e9<\/title>\n<meta name=\"description\" content=\"Pose de filets verticaux ou de fa\u00e7ade : permettent de s\u00e9curiser les fa\u00e7ades de b\u00e2timents afin de prot\u00e9ger des chutes de gravats ou d\u2019objets.\" \/>\n<meta name=\"robots\" content=\"index, follow, max-snippet:-1, max-image-preview:large, max-video-preview:-1\" \/>\n<link rel=\"canonical\" href=\"https:\/\/www.lmp-securite.com\/pose-de-filets-verticaux-ou-de-de-facade\/\" \/>\n<meta property=\"og:locale\" content=\"fr_FR\" \/>\n<meta property=\"og:type\" content=\"article\" \/>\n<meta property=\"og:title\" content=\"Pose de filets verticaux ou de fa\u00e7ade - Lmp S\u00e9curit\u00e9\" \/>\n<meta property=\"og:description\" content=\"Pose de filets verticaux ou de fa\u00e7ade : permettent de s\u00e9curiser les fa\u00e7ades de b\u00e2timents afin de prot\u00e9ger des chutes de gravats ou d\u2019objets.\" \/>\n<meta property=\"og:url\" content=\"https:\/\/www.lmp-securite.com\/pose-de-filets-verticaux-ou-de-de-facade\/\" \/>\n<meta property=\"og:site_name\" content=\"Lmp S\u00e9curit\u00e9\" \/>\n<meta property=\"article:publisher\" content=\"https:\/\/www.facebook.com\/LMPsecurite\" \/>\n<meta property=\"article:modified_time\" content=\"2023-04-03T11:25:45+00:00\" \/>\n<meta property=\"og:image\" content=\"https:\/\/www.lmp-securite.com\/wp-content\/uploads\/2020\/02\/photo-33-2-768x1024.jpg\" \/>\n<meta name=\"twitter:card\" content=\"summary_large_image\" \/>\n<meta name=\"twitter:site\" content=\"@LmpSecurite\" \/>\n<meta name=\"twitter:label1\" content=\"Dur\u00e9e de lecture estim\u00e9e\" \/>\n\t<meta name=\"twitter:data1\" content=\"3 minutes\" \/>\n<script type=\"application\/ld+json\" class=\"yoast-schema-graph\">{\"@context\":\"https:\/\/schema.org\",\"@graph\":[{\"@type\":\"WebPage\",\"@id\":\"https:\/\/www.lmp-securite.com\/pose-de-filets-verticaux-ou-de-de-facade\/\",\"url\":\"https:\/\/www.lmp-securite.com\/pose-de-filets-verticaux-ou-de-de-facade\/\",\"name\":\"Pose de filets verticaux ou de fa\u00e7ade - Lmp S\u00e9curit\u00e9\",\"isPartOf\":{\"@id\":\"https:\/\/www.lmp-securite.com\/#website\"},\"datePublished\":\"2020-02-27T14:14:56+00:00\",\"dateModified\":\"2023-04-03T11:25:45+00:00\",\"description\":\"Pose de filets verticaux ou de fa\u00e7ade : permettent de s\u00e9curiser les fa\u00e7ades de b\u00e2timents afin de prot\u00e9ger des chutes de gravats ou d\u2019objets.\",\"breadcrumb\":{\"@id\":\"https:\/\/www.lmp-securite.com\/pose-de-filets-verticaux-ou-de-de-facade\/#breadcrumb\"},\"inLanguage\":\"fr-FR\",\"potentialAction\":[{\"@type\":\"ReadAction\",\"target\":[\"https:\/\/www.lmp-securite.com\/pose-de-filets-verticaux-ou-de-de-facade\/\"]}]},{\"@type\":\"BreadcrumbList\",\"@id\":\"https:\/\/www.lmp-securite.com\/pose-de-filets-verticaux-ou-de-de-facade\/#breadcrumb\",\"itemListElement\":[{\"@type\":\"ListItem\",\"position\":1,\"name\":\"Accueil\",\"item\":\"https:\/\/www.lmp-securite.com\/\"},{\"@type\":\"ListItem\",\"position\":2,\"name\":\"Pose de filets verticaux ou de fa\u00e7ade\"}]},{\"@type\":\"WebSite\",\"@id\":\"https:\/\/www.lmp-securite.com\/#website\",\"url\":\"https:\/\/www.lmp-securite.com\/\",\"name\":\"Lmp S\u00e9curit\u00e9\",\"description\":\"Filets de s\u00e9curit\u00e9\",\"publisher\":{\"@id\":\"https:\/\/www.lmp-securite.com\/#organization\"},\"potentialAction\":[{\"@type\":\"SearchAction\",\"target\":{\"@type\":\"EntryPoint\",\"urlTemplate\":\"https:\/\/www.lmp-securite.com\/?s={search_term_string}\"},\"query-input\":\"required name=search_term_string\"}],\"inLanguage\":\"fr-FR\"},{\"@type\":\"Organization\",\"@id\":\"https:\/\/www.lmp-securite.com\/#organization\",\"name\":\"LMP S\u00e9curit\u00e9\",\"url\":\"https:\/\/www.lmp-securite.com\/\",\"logo\":{\"@type\":\"ImageObject\",\"inLanguage\":\"fr-FR\",\"@id\":\"https:\/\/www.lmp-securite.com\/#\/schema\/logo\/image\/\",\"url\":\"https:\/\/www.lmp-securite.com\/wp-content\/uploads\/2021\/04\/LMP-modernise-compresse-pour-internet.png\",\"contentUrl\":\"https:\/\/www.lmp-securite.com\/wp-content\/uploads\/2021\/04\/LMP-modernise-compresse-pour-internet.png\",\"width\":6000,\"height\":4000,\"caption\":\"LMP S\u00e9curit\u00e9\"},\"image\":{\"@id\":\"https:\/\/www.lmp-securite.com\/#\/schema\/logo\/image\/\"},\"sameAs\":[\"https:\/\/www.facebook.com\/LMPsecurite\",\"https:\/\/twitter.com\/LmpSecurite\",\"https:\/\/www.instagram.com\/lmpsecurite\/\",\"https:\/\/www.linkedin.com\/company\/lmp-s\u00e9curit\u00e9\",\"https:\/\/www.youtube.com\/channel\/UCWk6fDe4a1UJE60gIvAml_w\"]}]}<\/script>\n<!-- \/ Yoast SEO plugin. -->","yoast_head_json":{"title":"Pose de filets verticaux ou de fa\u00e7ade - Lmp S\u00e9curit\u00e9","description":"Pose de filets verticaux ou de fa\u00e7ade : permettent de s\u00e9curiser les fa\u00e7ades de b\u00e2timents afin de prot\u00e9ger des chutes de gravats ou d\u2019objets.","robots":{"index":"index","follow":"follow","max-snippet":"max-snippet:-1","max-image-preview":"max-image-preview:large","max-video-preview":"max-video-preview:-1"},"canonical":"https:\/\/www.lmp-securite.com\/pose-de-filets-verticaux-ou-de-de-facade\/","og_locale":"fr_FR","og_type":"article","og_title":"Pose de filets verticaux ou de fa\u00e7ade - Lmp S\u00e9curit\u00e9","og_description":"Pose de filets verticaux ou de fa\u00e7ade : permettent de s\u00e9curiser les fa\u00e7ades de b\u00e2timents afin de prot\u00e9ger des chutes de gravats ou d\u2019objets.","og_url":"https:\/\/www.lmp-securite.com\/pose-de-filets-verticaux-ou-de-de-facade\/","og_site_name":"Lmp S\u00e9curit\u00e9","article_publisher":"https:\/\/www.facebook.com\/LMPsecurite","article_modified_time":"2023-04-03T11:25:45+00:00","og_image":[{"url":"https:\/\/www.lmp-securite.com\/wp-content\/uploads\/2020\/02\/photo-33-2-768x1024.jpg"}],"twitter_card":"summary_large_image","twitter_site":"@LmpSecurite","twitter_misc":{"Dur\u00e9e de lecture estim\u00e9e":"3 minutes"},"schema":{"@context":"https:\/\/schema.org","@graph":[{"@type":"WebPage","@id":"https:\/\/www.lmp-securite.com\/pose-de-filets-verticaux-ou-de-de-facade\/","url":"https:\/\/www.lmp-securite.com\/pose-de-filets-verticaux-ou-de-de-facade\/","name":"Pose de filets verticaux ou de fa\u00e7ade - Lmp S\u00e9curit\u00e9","isPartOf":{"@id":"https:\/\/www.lmp-securite.com\/#website"},"datePublished":"2020-02-27T14:14:56+00:00","dateModified":"2023-04-03T11:25:45+00:00","description":"Pose de filets verticaux ou de fa\u00e7ade : permettent de s\u00e9curiser les fa\u00e7ades de b\u00e2timents afin de prot\u00e9ger des chutes de gravats ou d\u2019objets.","breadcrumb":{"@id":"https:\/\/www.lmp-securite.com\/pose-de-filets-verticaux-ou-de-de-facade\/#breadcrumb"},"inLanguage":"fr-FR","potentialAction":[{"@type":"ReadAction","target":["https:\/\/www.lmp-securite.com\/pose-de-filets-verticaux-ou-de-de-facade\/"]}]},{"@type":"BreadcrumbList","@id":"https:\/\/www.lmp-securite.com\/pose-de-filets-verticaux-ou-de-de-facade\/#breadcrumb","itemListElement":[{"@type":"ListItem","position":1,"name":"Accueil","item":"https:\/\/www.lmp-securite.com\/"},{"@type":"ListItem","position":2,"name":"Pose de filets verticaux ou de fa\u00e7ade"}]},{"@type":"WebSite","@id":"https:\/\/www.lmp-securite.com\/#website","url":"https:\/\/www.lmp-securite.com\/","name":"Lmp S\u00e9curit\u00e9","description":"Filets de s\u00e9curit\u00e9","publisher":{"@id":"https:\/\/www.lmp-securite.com\/#organization"},"potentialAction":[{"@type":"SearchAction","target":{"@type":"EntryPoint","urlTemplate":"https:\/\/www.lmp-securite.com\/?s={search_term_string}"},"query-input":"required name=search_term_string"}],"inLanguage":"fr-FR"},{"@type":"Organization","@id":"https:\/\/www.lmp-securite.com\/#organization","name":"LMP S\u00e9curit\u00e9","url":"https:\/\/www.lmp-securite.com\/","logo":{"@type":"ImageObject","inLanguage":"fr-FR","@id":"https:\/\/www.lmp-securite.com\/#\/schema\/logo\/image\/","url":"https:\/\/www.lmp-securite.com\/wp-content\/uploads\/2021\/04\/LMP-modernise-compresse-pour-internet.png","contentUrl":"https:\/\/www.lmp-securite.com\/wp-content\/uploads\/2021\/04\/LMP-modernise-compresse-pour-internet.png","width":6000,"height":4000,"caption":"LMP S\u00e9curit\u00e9"},"image":{"@id":"https:\/\/www.lmp-securite.com\/#\/schema\/logo\/image\/"},"sameAs":["https:\/\/www.facebook.com\/LMPsecurite","https:\/\/twitter.com\/LmpSecurite","https:\/\/www.instagram.com\/lmpsecurite\/","https:\/\/www.linkedin.com\/company\/lmp-s\u00e9curit\u00e9","https:\/\/www.youtube.com\/channel\/UCWk6fDe4a1UJE60gIvAml_w"]}]}},"_links":{"self":[{"href":"https:\/\/www.lmp-securite.com\/index.php?rest_route=\/wp\/v2\/pages\/306"}],"collection":[{"href":"https:\/\/www.lmp-securite.com\/index.php?rest_route=\/wp\/v2\/pages"}],"about":[{"href":"https:\/\/www.lmp-securite.com\/index.php?rest_route=\/wp\/v2\/types\/page"}],"author":[{"embeddable":true,"href":"https:\/\/www.lmp-securite.com\/index.php?rest_route=\/wp\/v2\/users\/2"}],"replies":[{"embeddable":true,"href":"https:\/\/www.lmp-securite.com\/index.php?rest_route=%2Fwp%2Fv2%2Fcomments&post=306"}],"version-history":[{"count":4,"href":"https:\/\/www.lmp-securite.com\/index.php?rest_route=\/wp\/v2\/pages\/306\/revisions"}],"predecessor-version":[{"id":1936,"href":"https:\/\/www.lmp-securite.com\/index.php?rest_route=\/wp\/v2\/pages\/306\/revisions\/1936"}],"wp:attachment":[{"href":"https:\/\/www.lmp-securite.com\/index.php?rest_route=%2Fwp%2Fv2%2Fmedia&parent=306"}],"curies":[{"name":"wp","href":"https:\/\/api.w.org\/{rel}","templated":true}]}}