{"id":302,"date":"2020-02-27T14:58:57","date_gmt":"2020-02-27T13:58:57","guid":{"rendered":"http:\/\/www.lmp-securite.com\/?page_id=302"},"modified":"2023-03-31T12:15:51","modified_gmt":"2023-03-31T10:15:51","slug":"pose-de-filets-pare-ballons-stades-terrains-de-sport-salles-de-sport-respect-norme-en1263","status":"publish","type":"page","link":"https:\/\/www.lmp-securite.com\/?page_id=302","title":{"rendered":"Pose de filets de cl\u00f4ture pare-ballons"},"content":{"rendered":"\n<p><\/p>\n\n\n\n<figure class=\"wp-block-gallery has-nested-images columns-default is-cropped wp-block-gallery-1 is-layout-flex\">\n<figure class=\"wp-block-image size-large\"><img fetchpriority=\"high\" decoding=\"async\" width=\"640\" height=\"640\" data-id=\"701\"  src=\"https:\/\/www.lmp-securite.com\/wp-content\/uploads\/2020\/03\/IMG_4918.jpg\" alt=\"\" class=\"wp-image-701\" srcset=\"https:\/\/www.lmp-securite.com\/wp-content\/uploads\/2020\/03\/IMG_4918.jpg 640w, https:\/\/www.lmp-securite.com\/wp-content\/uploads\/2020\/03\/IMG_4918-150x150.jpg 150w, https:\/\/www.lmp-securite.com\/wp-content\/uploads\/2020\/03\/IMG_4918-300x300.jpg 300w\" sizes=\"(max-width: 640px) 100vw, 640px\" \/><\/figure>\n<\/figure>\n\n\n\n<p>Pose de filets de cl\u00f4ture pare-ballons : pour vos \u00e9quipements sportifs, faites confiance \u00e0 LMP S\u00e9curit\u00e9. La meilleure protection pour \u00e9quiper les stades, salles et terrains de sport avec des <strong>filets pare-ballons<\/strong>. Filets de sport confectionn\u00e9s dans le respect de la norme EN1263 et de la recommandation R446.<\/p>\n\n\n\n<p>Sp\u00e9cialiste de la fabrication et de la pose de filets, nous vous proposons des filets pare-ballons sur mesure.<\/p>\n\n\n<p>Les filets pare-ballons offrent plusieurs avantages importants, notamment :<\/p>\n<p><strong>S\u00e9curit\u00e9<\/strong> : Les filets pare-ballons pr\u00e9viennent les accidents en emp\u00eachant les ballons de sortir des zones de jeu. Ils \u00e9vitent ainsi de frapper les passants, les v\u00e9hicules ou les propri\u00e9t\u00e9s voisines. Ils peuvent \u00e9galement prot\u00e9ger les joueurs et les spectateurs de blessures potentielles.<\/p>\n<p><strong>Durabilit\u00e9<\/strong> : Les filets pare-ballons sont con\u00e7us pour r\u00e9sister aux conditions m\u00e9t\u00e9orologiques difficiles et aux impacts r\u00e9p\u00e9t\u00e9s des ballons. Ils sont fabriqu\u00e9s avec des mat\u00e9riaux de haute qualit\u00e9 et durent plusieurs ann\u00e9es.<\/p>\n<p><strong>Rentabilit\u00e9<\/strong> : Les filets pare-ballons sont moins co\u00fbteux que les autres options de s\u00e9curit\u00e9, telles que les murs ou les cl\u00f4tures. Ils peuvent \u00e9galement \u00eatre retir\u00e9s si n\u00e9cessaire pour des \u00e9v\u00e9nements sp\u00e9ciaux ou des travaux d&rsquo;entretien.<\/p>\n<p><strong>Esth\u00e9tique<\/strong> : Les filets pare-ballons sont discrets pour s&rsquo;adapter \u00e0 l&rsquo;esth\u00e9tique de la zone de jeu et peuvent am\u00e9liorer l&rsquo;apparence g\u00e9n\u00e9rale de l&rsquo;espace.<\/p>\n<p>\u00a0<\/p>\n<p><strong>Fabricants de filets de s\u00e9curit\u00e9 : notre c\u0153ur de m\u00e9tier. La <\/strong><b><strong>protection optimale : notre devoir<\/strong><\/b>.<\/p>\n<p>Notre \u00e9quipe professionnelle s&rsquo;adaptera aux situations les plus complexes et <br \/>vous accompagnera tout au long de <a href=\"https:\/\/www.lmp-securite.com\/contactez-nous\/\">votre projet<\/a>, dans le respect de votre budget.<\/p>\n<p>Aussi, r\u00e9active et efficace, <strong>LMP S\u00e9curit\u00e9<\/strong> propose une large gamme de prestations mettant en \u0153uvre des moyens et des techniques hautement qualifi\u00e9s.<\/p>\n<p>Pour tout entrepreneur, <a href=\"https:\/\/travail-emploi.gouv.fr\/sante-au-travail\/prevention-des-risques-pour-la-sante-au-travail\/autres-dangers-et-risques\/article\/chutes-de-hauteur#:~:text=La%20chute%20de%20hauteur%20se,%2C%20fosses%2C%20etc.).\">anticiper les risques d\u2019accident<\/a> demeure une priorit\u00e9 essentielle au bon d\u00e9roulement des travaux en ext\u00e9rieur comme en int\u00e9rieur. Les filets\u00a0<strong>LMP S\u00e9curit\u00e9 <\/strong>sont adapt\u00e9s \u00e0 ces\u00a0<a href=\"https:\/\/www.lmp-securite.com\/lmp-la-meilleure-protection-securite-travail-en-hauteur-filets-de-securite-thermobachage\/reglementation-travail-en-hauteur\/\">imp\u00e9ratifs<\/a>.<\/p>\n<p><\/p>\n<p><\/p>","protected":false},"excerpt":{"rendered":"<p>Pose de filets de cl\u00f4ture pare-ballons : pour vos \u00e9quipements sportifs, faites confiance \u00e0 LMP S\u00e9curit\u00e9. La meilleure protection pour \u00e9quiper les stades, salles et terrains de sport avec des filets pare-ballons. Filets de sport confectionn\u00e9s dans le respect de la norme EN1263 et de la recommandation R446. Sp\u00e9cialiste de la fabrication et de la [&hellip;]<\/p>\n","protected":false},"author":2,"featured_media":0,"parent":0,"menu_order":0,"comment_status":"closed","ping_status":"closed","template":"","meta":[],"yoast_head":"<!-- This site is optimized with the Yoast SEO plugin v20.4 - https:\/\/yoast.com\/wordpress\/plugins\/seo\/ -->\n<title>Pose de filets pare-ballons LMP S\u00e9curit\u00e9<\/title>\n<meta name=\"description\" content=\"Pose de filets de cl\u00f4ture pare-ballons : pour \u00e9quiper stades, salles de sport et terrains de sport. Respect de la norme EN1263.\" \/>\n<meta name=\"robots\" content=\"index, follow, max-snippet:-1, max-image-preview:large, max-video-preview:-1\" \/>\n<link rel=\"canonical\" href=\"https:\/\/www.lmp-securite.com\/pose-de-filets-pare-ballons-stades-terrains-de-sport-salles-de-sport-respect-norme-en1263\/\" \/>\n<meta property=\"og:locale\" content=\"fr_FR\" \/>\n<meta property=\"og:type\" content=\"article\" \/>\n<meta property=\"og:title\" content=\"Pose de filets pare-ballons LMP S\u00e9curit\u00e9\" \/>\n<meta property=\"og:description\" content=\"Pose de filets de cl\u00f4ture pare-ballons : pour \u00e9quiper stades, salles de sport et terrains de sport. Respect de la norme EN1263.\" \/>\n<meta property=\"og:url\" content=\"https:\/\/www.lmp-securite.com\/pose-de-filets-pare-ballons-stades-terrains-de-sport-salles-de-sport-respect-norme-en1263\/\" \/>\n<meta property=\"og:site_name\" content=\"Lmp S\u00e9curit\u00e9\" \/>\n<meta property=\"article:publisher\" content=\"https:\/\/www.facebook.com\/LMPsecurite\" \/>\n<meta property=\"article:modified_time\" content=\"2023-03-31T10:15:51+00:00\" \/>\n<meta property=\"og:image\" content=\"https:\/\/www.lmp-securite.com\/wp-content\/uploads\/2020\/03\/IMG_4918.jpg\" \/>\n<meta name=\"twitter:card\" content=\"summary_large_image\" \/>\n<meta name=\"twitter:site\" content=\"@LmpSecurite\" \/>\n<meta name=\"twitter:label1\" content=\"Dur\u00e9e de lecture estim\u00e9e\" \/>\n\t<meta name=\"twitter:data1\" content=\"2 minutes\" \/>\n<script type=\"application\/ld+json\" class=\"yoast-schema-graph\">{\"@context\":\"https:\/\/schema.org\",\"@graph\":[{\"@type\":\"WebPage\",\"@id\":\"https:\/\/www.lmp-securite.com\/pose-de-filets-pare-ballons-stades-terrains-de-sport-salles-de-sport-respect-norme-en1263\/\",\"url\":\"https:\/\/www.lmp-securite.com\/pose-de-filets-pare-ballons-stades-terrains-de-sport-salles-de-sport-respect-norme-en1263\/\",\"name\":\"Pose de filets pare-ballons LMP S\u00e9curit\u00e9\",\"isPartOf\":{\"@id\":\"https:\/\/www.lmp-securite.com\/#website\"},\"datePublished\":\"2020-02-27T13:58:57+00:00\",\"dateModified\":\"2023-03-31T10:15:51+00:00\",\"description\":\"Pose de filets de cl\u00f4ture pare-ballons : pour \u00e9quiper stades, salles de sport et terrains de sport. Respect de la norme EN1263.\",\"breadcrumb\":{\"@id\":\"https:\/\/www.lmp-securite.com\/pose-de-filets-pare-ballons-stades-terrains-de-sport-salles-de-sport-respect-norme-en1263\/#breadcrumb\"},\"inLanguage\":\"fr-FR\",\"potentialAction\":[{\"@type\":\"ReadAction\",\"target\":[\"https:\/\/www.lmp-securite.com\/pose-de-filets-pare-ballons-stades-terrains-de-sport-salles-de-sport-respect-norme-en1263\/\"]}]},{\"@type\":\"BreadcrumbList\",\"@id\":\"https:\/\/www.lmp-securite.com\/pose-de-filets-pare-ballons-stades-terrains-de-sport-salles-de-sport-respect-norme-en1263\/#breadcrumb\",\"itemListElement\":[{\"@type\":\"ListItem\",\"position\":1,\"name\":\"Accueil\",\"item\":\"https:\/\/www.lmp-securite.com\/\"},{\"@type\":\"ListItem\",\"position\":2,\"name\":\"Pose de filets de cl\u00f4ture pare-ballons\"}]},{\"@type\":\"WebSite\",\"@id\":\"https:\/\/www.lmp-securite.com\/#website\",\"url\":\"https:\/\/www.lmp-securite.com\/\",\"name\":\"Lmp S\u00e9curit\u00e9\",\"description\":\"Filets de s\u00e9curit\u00e9\",\"publisher\":{\"@id\":\"https:\/\/www.lmp-securite.com\/#organization\"},\"potentialAction\":[{\"@type\":\"SearchAction\",\"target\":{\"@type\":\"EntryPoint\",\"urlTemplate\":\"https:\/\/www.lmp-securite.com\/?s={search_term_string}\"},\"query-input\":\"required name=search_term_string\"}],\"inLanguage\":\"fr-FR\"},{\"@type\":\"Organization\",\"@id\":\"https:\/\/www.lmp-securite.com\/#organization\",\"name\":\"LMP S\u00e9curit\u00e9\",\"url\":\"https:\/\/www.lmp-securite.com\/\",\"logo\":{\"@type\":\"ImageObject\",\"inLanguage\":\"fr-FR\",\"@id\":\"https:\/\/www.lmp-securite.com\/#\/schema\/logo\/image\/\",\"url\":\"https:\/\/www.lmp-securite.com\/wp-content\/uploads\/2021\/04\/LMP-modernise-compresse-pour-internet.png\",\"contentUrl\":\"https:\/\/www.lmp-securite.com\/wp-content\/uploads\/2021\/04\/LMP-modernise-compresse-pour-internet.png\",\"width\":6000,\"height\":4000,\"caption\":\"LMP S\u00e9curit\u00e9\"},\"image\":{\"@id\":\"https:\/\/www.lmp-securite.com\/#\/schema\/logo\/image\/\"},\"sameAs\":[\"https:\/\/www.facebook.com\/LMPsecurite\",\"https:\/\/twitter.com\/LmpSecurite\",\"https:\/\/www.instagram.com\/lmpsecurite\/\",\"https:\/\/www.linkedin.com\/company\/lmp-s\u00e9curit\u00e9\",\"https:\/\/www.youtube.com\/channel\/UCWk6fDe4a1UJE60gIvAml_w\"]}]}<\/script>\n<!-- \/ Yoast SEO plugin. -->","yoast_head_json":{"title":"Pose de filets pare-ballons LMP S\u00e9curit\u00e9","description":"Pose de filets de cl\u00f4ture pare-ballons : pour \u00e9quiper stades, salles de sport et terrains de sport. Respect de la norme EN1263.","robots":{"index":"index","follow":"follow","max-snippet":"max-snippet:-1","max-image-preview":"max-image-preview:large","max-video-preview":"max-video-preview:-1"},"canonical":"https:\/\/www.lmp-securite.com\/pose-de-filets-pare-ballons-stades-terrains-de-sport-salles-de-sport-respect-norme-en1263\/","og_locale":"fr_FR","og_type":"article","og_title":"Pose de filets pare-ballons LMP S\u00e9curit\u00e9","og_description":"Pose de filets de cl\u00f4ture pare-ballons : pour \u00e9quiper stades, salles de sport et terrains de sport. Respect de la norme EN1263.","og_url":"https:\/\/www.lmp-securite.com\/pose-de-filets-pare-ballons-stades-terrains-de-sport-salles-de-sport-respect-norme-en1263\/","og_site_name":"Lmp S\u00e9curit\u00e9","article_publisher":"https:\/\/www.facebook.com\/LMPsecurite","article_modified_time":"2023-03-31T10:15:51+00:00","og_image":[{"url":"https:\/\/www.lmp-securite.com\/wp-content\/uploads\/2020\/03\/IMG_4918.jpg"}],"twitter_card":"summary_large_image","twitter_site":"@LmpSecurite","twitter_misc":{"Dur\u00e9e de lecture estim\u00e9e":"2 minutes"},"schema":{"@context":"https:\/\/schema.org","@graph":[{"@type":"WebPage","@id":"https:\/\/www.lmp-securite.com\/pose-de-filets-pare-ballons-stades-terrains-de-sport-salles-de-sport-respect-norme-en1263\/","url":"https:\/\/www.lmp-securite.com\/pose-de-filets-pare-ballons-stades-terrains-de-sport-salles-de-sport-respect-norme-en1263\/","name":"Pose de filets pare-ballons LMP S\u00e9curit\u00e9","isPartOf":{"@id":"https:\/\/www.lmp-securite.com\/#website"},"datePublished":"2020-02-27T13:58:57+00:00","dateModified":"2023-03-31T10:15:51+00:00","description":"Pose de filets de cl\u00f4ture pare-ballons : pour \u00e9quiper stades, salles de sport et terrains de sport. Respect de la norme EN1263.","breadcrumb":{"@id":"https:\/\/www.lmp-securite.com\/pose-de-filets-pare-ballons-stades-terrains-de-sport-salles-de-sport-respect-norme-en1263\/#breadcrumb"},"inLanguage":"fr-FR","potentialAction":[{"@type":"ReadAction","target":["https:\/\/www.lmp-securite.com\/pose-de-filets-pare-ballons-stades-terrains-de-sport-salles-de-sport-respect-norme-en1263\/"]}]},{"@type":"BreadcrumbList","@id":"https:\/\/www.lmp-securite.com\/pose-de-filets-pare-ballons-stades-terrains-de-sport-salles-de-sport-respect-norme-en1263\/#breadcrumb","itemListElement":[{"@type":"ListItem","position":1,"name":"Accueil","item":"https:\/\/www.lmp-securite.com\/"},{"@type":"ListItem","position":2,"name":"Pose de filets de cl\u00f4ture pare-ballons"}]},{"@type":"WebSite","@id":"https:\/\/www.lmp-securite.com\/#website","url":"https:\/\/www.lmp-securite.com\/","name":"Lmp S\u00e9curit\u00e9","description":"Filets de s\u00e9curit\u00e9","publisher":{"@id":"https:\/\/www.lmp-securite.com\/#organization"},"potentialAction":[{"@type":"SearchAction","target":{"@type":"EntryPoint","urlTemplate":"https:\/\/www.lmp-securite.com\/?s={search_term_string}"},"query-input":"required name=search_term_string"}],"inLanguage":"fr-FR"},{"@type":"Organization","@id":"https:\/\/www.lmp-securite.com\/#organization","name":"LMP S\u00e9curit\u00e9","url":"https:\/\/www.lmp-securite.com\/","logo":{"@type":"ImageObject","inLanguage":"fr-FR","@id":"https:\/\/www.lmp-securite.com\/#\/schema\/logo\/image\/","url":"https:\/\/www.lmp-securite.com\/wp-content\/uploads\/2021\/04\/LMP-modernise-compresse-pour-internet.png","contentUrl":"https:\/\/www.lmp-securite.com\/wp-content\/uploads\/2021\/04\/LMP-modernise-compresse-pour-internet.png","width":6000,"height":4000,"caption":"LMP S\u00e9curit\u00e9"},"image":{"@id":"https:\/\/www.lmp-securite.com\/#\/schema\/logo\/image\/"},"sameAs":["https:\/\/www.facebook.com\/LMPsecurite","https:\/\/twitter.com\/LmpSecurite","https:\/\/www.instagram.com\/lmpsecurite\/","https:\/\/www.linkedin.com\/company\/lmp-s\u00e9curit\u00e9","https:\/\/www.youtube.com\/channel\/UCWk6fDe4a1UJE60gIvAml_w"]}]}},"_links":{"self":[{"href":"https:\/\/www.lmp-securite.com\/index.php?rest_route=\/wp\/v2\/pages\/302"}],"collection":[{"href":"https:\/\/www.lmp-securite.com\/index.php?rest_route=\/wp\/v2\/pages"}],"about":[{"href":"https:\/\/www.lmp-securite.com\/index.php?rest_route=\/wp\/v2\/types\/page"}],"author":[{"embeddable":true,"href":"https:\/\/www.lmp-securite.com\/index.php?rest_route=\/wp\/v2\/users\/2"}],"replies":[{"embeddable":true,"href":"https:\/\/www.lmp-securite.com\/index.php?rest_route=%2Fwp%2Fv2%2Fcomments&post=302"}],"version-history":[{"count":7,"href":"https:\/\/www.lmp-securite.com\/index.php?rest_route=\/wp\/v2\/pages\/302\/revisions"}],"predecessor-version":[{"id":1839,"href":"https:\/\/www.lmp-securite.com\/index.php?rest_route=\/wp\/v2\/pages\/302\/revisions\/1839"}],"wp:attachment":[{"href":"https:\/\/www.lmp-securite.com\/index.php?rest_route=%2Fwp%2Fv2%2Fmedia&parent=302"}],"curies":[{"name":"wp","href":"https:\/\/api.w.org\/{rel}","templated":true}]}}