{"id":300,"date":"2020-02-27T14:58:31","date_gmt":"2020-02-27T13:58:31","guid":{"rendered":"http:\/\/www.lmp-securite.com\/?page_id=300"},"modified":"2023-04-03T12:01:01","modified_gmt":"2023-04-03T10:01:01","slug":"pose-de-filets-anti-volatiles-aucun-residus-aucun-danger-des-animaux","status":"publish","type":"page","link":"https:\/\/www.lmp-securite.com\/?page_id=300","title":{"rendered":"Pose de filets anti volatiles"},"content":{"rendered":"\n<figure class=\"wp-block-image size-large\"><img fetchpriority=\"high\" decoding=\"async\" width=\"1024\" height=\"576\" src=\"https:\/\/www.lmp-securite.com\/wp-content\/uploads\/2021\/11\/Filets-anti-volatiles-LMP-1024x576.jpg\" alt=\"Filets anti volatiles LMP\" class=\"wp-image-1748\" srcset=\"https:\/\/www.lmp-securite.com\/wp-content\/uploads\/2021\/11\/Filets-anti-volatiles-LMP-1024x576.jpg 1024w, https:\/\/www.lmp-securite.com\/wp-content\/uploads\/2021\/11\/Filets-anti-volatiles-LMP-300x169.jpg 300w, https:\/\/www.lmp-securite.com\/wp-content\/uploads\/2021\/11\/Filets-anti-volatiles-LMP-768x432.jpg 768w, https:\/\/www.lmp-securite.com\/wp-content\/uploads\/2021\/11\/Filets-anti-volatiles-LMP.jpg 1280w\" sizes=\"(max-width: 1024px) 100vw, 1024px\" \/><\/figure>\n\n\n\n<h3 class=\"wp-block-heading\">LMP S\u00e9curit\u00e9 mets en place des filets anti-volatiles (pare-oiseaux) sur vos b\u00e2timents afin de vous prot\u00e9ger des <a href=\"https:\/\/fr.wikipedia.org\/wiki\/Organisme_nuisible#En_France\">nuisibles<\/a>. <\/h3>\n\n\n\n<p><\/p>\n\n\n\n<p>Pose de filets anti-volatiles : con\u00e7us pour vos b\u00e2timents ou vos charpentes. Nos filets vous prot\u00e8geront des r\u00e9sidus et des d\u00e9sagr\u00e9ments li\u00e9s aux volatiles. <strong>Sans danger pour les animaux<\/strong>.<\/p>\n\n\n\n<p>Filets tress\u00e9s \u00e0 la main et adapt\u00e9s <a href=\"https:\/\/www.lmp-securite.com\/contactez-nous\/\">\u00e0 vos mesures<\/a> dans notre atelier de fabrication.<\/p>\n\n\n\n<p>Les filets anti-volatiles sont des dispositifs de s\u00e9curit\u00e9 qui sont souvent utilis\u00e9s pour prot\u00e9ger les b\u00e2timents contre les oiseaux et autres animaux volants. <\/p>\n\n\n\n<p><mark style=\"background-color:rgba(0, 0, 0, 0)\" class=\"has-inline-color has-vivid-cyan-blue-color\">Les avantages sont nombreux<\/mark> :<\/p>\n\n\n\n<p><strong>Emp\u00eacher les oiseaux de p\u00e9n\u00e9trer dans les b\u00e2timents<\/strong> : ils peuvent causer des dommages importants aux b\u00e2timents, en particulier aux toits et aux installations de ventilation. Les filets anti-volatiles emp\u00eachent les oiseaux d&rsquo;entrer dans les b\u00e2timents et r\u00e9duisent ainsi les risques de dommages.<\/p>\n\n\n\n<p><strong>Prot\u00e9ger les installations de ventilation<\/strong> : Les oiseaux et les autres animaux volants peuvent souvent entrer dans les installations de ventilation et causer des dommages. Les filets anti-volatiles emp\u00eachent ces animaux d&rsquo;entrer dans les installations de ventilation. Ils prot\u00e8gent ainsi les \u00e9quipements et les structures.<\/p>\n\n\n\n<p><strong>R\u00e9duire les risques de maladies<\/strong> : Les oiseaux peuvent propager des maladies dangereuses telles que la grippe aviaire. Les filets anti-volatiles emp\u00eachent les oiseaux de se poser et de nidifier sur les b\u00e2timents. Ils r\u00e9duisent ainsi le risque de propagation de maladies.<\/p>\n\n\n\n<p><strong>\u00c9viter les co\u00fbts de nettoyage<\/strong> : Les volatiles peuvent laisser des excr\u00e9ments et des d\u00e9bris sur les toits et les fa\u00e7ades des b\u00e2timents. En cons\u00e9quence des d\u00e9g\u00e2ts pouvant \u00eatre co\u00fbteux \u00e0 nettoyer. Les filets r\u00e9duisent la quantit\u00e9 d&rsquo;excr\u00e9ments et de d\u00e9bris qui s&rsquo;accumulent sur les b\u00e2timents, ce qui r\u00e9duit les co\u00fbts de nettoyage.<\/p>\n\n\n\n<p><strong>Pr\u00e9server l&rsquo;esth\u00e9tique des b\u00e2timents<\/strong> : Les oiseaux et les chauves-souris peuvent souvent causer des dommages esth\u00e9tiques aux b\u00e2timents. Ceci en laissant des excr\u00e9ments qui peuvent tacher les surfaces. Les filets anti-volatiles aident \u00e0 pr\u00e9server l&rsquo;esth\u00e9tique des b\u00e2timents en les emp\u00eachant de causer des dommages.<\/p>\n\n\n<p><strong>Fabricants de filets de s\u00e9curit\u00e9 : notre c\u0153ur de m\u00e9tier. La <\/strong><b><strong>protection optimale : notre devoir<\/strong><\/b>.<\/p>\n<p><strong>LMP <\/strong><b><strong>S\u00e9curit\u00e9<\/strong><\/b> <strong>met tout en \u0153uvre<\/strong> pour assurer la protection de vos b\u00e2timents et de vos hommes.<\/p>\n<p>\u00a0<\/p>","protected":false},"excerpt":{"rendered":"<p>LMP S\u00e9curit\u00e9 mets en place des filets anti-volatiles (pare-oiseaux) sur vos b\u00e2timents afin de vous prot\u00e9ger des nuisibles. Pose de filets anti-volatiles : con\u00e7us pour vos b\u00e2timents ou vos charpentes. Nos filets vous prot\u00e8geront des r\u00e9sidus et des d\u00e9sagr\u00e9ments li\u00e9s aux volatiles. Sans danger pour les animaux. Filets tress\u00e9s \u00e0 la main et adapt\u00e9s \u00e0 [&hellip;]<\/p>\n","protected":false},"author":2,"featured_media":0,"parent":0,"menu_order":0,"comment_status":"closed","ping_status":"closed","template":"","meta":[],"yoast_head":"<!-- This site is optimized with the Yoast SEO plugin v20.4 - https:\/\/yoast.com\/wordpress\/plugins\/seo\/ -->\n<title>Pose de filets anti volatiles - Lmp S\u00e9curit\u00e9<\/title>\n<meta name=\"description\" content=\"Pose de filets anti volatiles : prot\u00e8gent des r\u00e9sidus et des d\u00e9sagr\u00e9ments li\u00e9s aux volatiles sans les mettre en danger. Simple et efficace.\" \/>\n<meta name=\"robots\" content=\"index, follow, max-snippet:-1, max-image-preview:large, max-video-preview:-1\" \/>\n<link rel=\"canonical\" href=\"https:\/\/www.lmp-securite.com\/pose-de-filets-anti-volatiles-aucun-residus-aucun-danger-des-animaux\/\" \/>\n<meta property=\"og:locale\" content=\"fr_FR\" \/>\n<meta property=\"og:type\" content=\"article\" \/>\n<meta property=\"og:title\" content=\"Pose de filets anti volatiles - Lmp S\u00e9curit\u00e9\" \/>\n<meta property=\"og:description\" content=\"Pose de filets anti volatiles : prot\u00e8gent des r\u00e9sidus et des d\u00e9sagr\u00e9ments li\u00e9s aux volatiles sans les mettre en danger. Simple et efficace.\" \/>\n<meta property=\"og:url\" content=\"https:\/\/www.lmp-securite.com\/pose-de-filets-anti-volatiles-aucun-residus-aucun-danger-des-animaux\/\" \/>\n<meta property=\"og:site_name\" content=\"Lmp S\u00e9curit\u00e9\" \/>\n<meta property=\"article:publisher\" content=\"https:\/\/www.facebook.com\/LMPsecurite\" \/>\n<meta property=\"article:modified_time\" content=\"2023-04-03T10:01:01+00:00\" \/>\n<meta property=\"og:image\" content=\"https:\/\/www.lmp-securite.com\/wp-content\/uploads\/2021\/11\/Filets-anti-volatiles-LMP-1024x576.jpg\" \/>\n<meta name=\"twitter:card\" content=\"summary_large_image\" \/>\n<meta name=\"twitter:site\" content=\"@LmpSecurite\" \/>\n<meta name=\"twitter:label1\" content=\"Dur\u00e9e de lecture estim\u00e9e\" \/>\n\t<meta name=\"twitter:data1\" content=\"2 minutes\" \/>\n<script type=\"application\/ld+json\" class=\"yoast-schema-graph\">{\"@context\":\"https:\/\/schema.org\",\"@graph\":[{\"@type\":\"WebPage\",\"@id\":\"https:\/\/www.lmp-securite.com\/pose-de-filets-anti-volatiles-aucun-residus-aucun-danger-des-animaux\/\",\"url\":\"https:\/\/www.lmp-securite.com\/pose-de-filets-anti-volatiles-aucun-residus-aucun-danger-des-animaux\/\",\"name\":\"Pose de filets anti volatiles - Lmp S\u00e9curit\u00e9\",\"isPartOf\":{\"@id\":\"https:\/\/www.lmp-securite.com\/#website\"},\"datePublished\":\"2020-02-27T13:58:31+00:00\",\"dateModified\":\"2023-04-03T10:01:01+00:00\",\"description\":\"Pose de filets anti volatiles : prot\u00e8gent des r\u00e9sidus et des d\u00e9sagr\u00e9ments li\u00e9s aux volatiles sans les mettre en danger. Simple et efficace.\",\"breadcrumb\":{\"@id\":\"https:\/\/www.lmp-securite.com\/pose-de-filets-anti-volatiles-aucun-residus-aucun-danger-des-animaux\/#breadcrumb\"},\"inLanguage\":\"fr-FR\",\"potentialAction\":[{\"@type\":\"ReadAction\",\"target\":[\"https:\/\/www.lmp-securite.com\/pose-de-filets-anti-volatiles-aucun-residus-aucun-danger-des-animaux\/\"]}]},{\"@type\":\"BreadcrumbList\",\"@id\":\"https:\/\/www.lmp-securite.com\/pose-de-filets-anti-volatiles-aucun-residus-aucun-danger-des-animaux\/#breadcrumb\",\"itemListElement\":[{\"@type\":\"ListItem\",\"position\":1,\"name\":\"Accueil\",\"item\":\"https:\/\/www.lmp-securite.com\/\"},{\"@type\":\"ListItem\",\"position\":2,\"name\":\"Pose de filets anti volatiles\"}]},{\"@type\":\"WebSite\",\"@id\":\"https:\/\/www.lmp-securite.com\/#website\",\"url\":\"https:\/\/www.lmp-securite.com\/\",\"name\":\"Lmp S\u00e9curit\u00e9\",\"description\":\"Filets de s\u00e9curit\u00e9\",\"publisher\":{\"@id\":\"https:\/\/www.lmp-securite.com\/#organization\"},\"potentialAction\":[{\"@type\":\"SearchAction\",\"target\":{\"@type\":\"EntryPoint\",\"urlTemplate\":\"https:\/\/www.lmp-securite.com\/?s={search_term_string}\"},\"query-input\":\"required name=search_term_string\"}],\"inLanguage\":\"fr-FR\"},{\"@type\":\"Organization\",\"@id\":\"https:\/\/www.lmp-securite.com\/#organization\",\"name\":\"LMP S\u00e9curit\u00e9\",\"url\":\"https:\/\/www.lmp-securite.com\/\",\"logo\":{\"@type\":\"ImageObject\",\"inLanguage\":\"fr-FR\",\"@id\":\"https:\/\/www.lmp-securite.com\/#\/schema\/logo\/image\/\",\"url\":\"https:\/\/www.lmp-securite.com\/wp-content\/uploads\/2021\/04\/LMP-modernise-compresse-pour-internet.png\",\"contentUrl\":\"https:\/\/www.lmp-securite.com\/wp-content\/uploads\/2021\/04\/LMP-modernise-compresse-pour-internet.png\",\"width\":6000,\"height\":4000,\"caption\":\"LMP S\u00e9curit\u00e9\"},\"image\":{\"@id\":\"https:\/\/www.lmp-securite.com\/#\/schema\/logo\/image\/\"},\"sameAs\":[\"https:\/\/www.facebook.com\/LMPsecurite\",\"https:\/\/twitter.com\/LmpSecurite\",\"https:\/\/www.instagram.com\/lmpsecurite\/\",\"https:\/\/www.linkedin.com\/company\/lmp-s\u00e9curit\u00e9\",\"https:\/\/www.youtube.com\/channel\/UCWk6fDe4a1UJE60gIvAml_w\"]}]}<\/script>\n<!-- \/ Yoast SEO plugin. -->","yoast_head_json":{"title":"Pose de filets anti volatiles - Lmp S\u00e9curit\u00e9","description":"Pose de filets anti volatiles : prot\u00e8gent des r\u00e9sidus et des d\u00e9sagr\u00e9ments li\u00e9s aux volatiles sans les mettre en danger. Simple et efficace.","robots":{"index":"index","follow":"follow","max-snippet":"max-snippet:-1","max-image-preview":"max-image-preview:large","max-video-preview":"max-video-preview:-1"},"canonical":"https:\/\/www.lmp-securite.com\/pose-de-filets-anti-volatiles-aucun-residus-aucun-danger-des-animaux\/","og_locale":"fr_FR","og_type":"article","og_title":"Pose de filets anti volatiles - Lmp S\u00e9curit\u00e9","og_description":"Pose de filets anti volatiles : prot\u00e8gent des r\u00e9sidus et des d\u00e9sagr\u00e9ments li\u00e9s aux volatiles sans les mettre en danger. Simple et efficace.","og_url":"https:\/\/www.lmp-securite.com\/pose-de-filets-anti-volatiles-aucun-residus-aucun-danger-des-animaux\/","og_site_name":"Lmp S\u00e9curit\u00e9","article_publisher":"https:\/\/www.facebook.com\/LMPsecurite","article_modified_time":"2023-04-03T10:01:01+00:00","og_image":[{"url":"https:\/\/www.lmp-securite.com\/wp-content\/uploads\/2021\/11\/Filets-anti-volatiles-LMP-1024x576.jpg"}],"twitter_card":"summary_large_image","twitter_site":"@LmpSecurite","twitter_misc":{"Dur\u00e9e de lecture estim\u00e9e":"2 minutes"},"schema":{"@context":"https:\/\/schema.org","@graph":[{"@type":"WebPage","@id":"https:\/\/www.lmp-securite.com\/pose-de-filets-anti-volatiles-aucun-residus-aucun-danger-des-animaux\/","url":"https:\/\/www.lmp-securite.com\/pose-de-filets-anti-volatiles-aucun-residus-aucun-danger-des-animaux\/","name":"Pose de filets anti volatiles - Lmp S\u00e9curit\u00e9","isPartOf":{"@id":"https:\/\/www.lmp-securite.com\/#website"},"datePublished":"2020-02-27T13:58:31+00:00","dateModified":"2023-04-03T10:01:01+00:00","description":"Pose de filets anti volatiles : prot\u00e8gent des r\u00e9sidus et des d\u00e9sagr\u00e9ments li\u00e9s aux volatiles sans les mettre en danger. Simple et efficace.","breadcrumb":{"@id":"https:\/\/www.lmp-securite.com\/pose-de-filets-anti-volatiles-aucun-residus-aucun-danger-des-animaux\/#breadcrumb"},"inLanguage":"fr-FR","potentialAction":[{"@type":"ReadAction","target":["https:\/\/www.lmp-securite.com\/pose-de-filets-anti-volatiles-aucun-residus-aucun-danger-des-animaux\/"]}]},{"@type":"BreadcrumbList","@id":"https:\/\/www.lmp-securite.com\/pose-de-filets-anti-volatiles-aucun-residus-aucun-danger-des-animaux\/#breadcrumb","itemListElement":[{"@type":"ListItem","position":1,"name":"Accueil","item":"https:\/\/www.lmp-securite.com\/"},{"@type":"ListItem","position":2,"name":"Pose de filets anti volatiles"}]},{"@type":"WebSite","@id":"https:\/\/www.lmp-securite.com\/#website","url":"https:\/\/www.lmp-securite.com\/","name":"Lmp S\u00e9curit\u00e9","description":"Filets de s\u00e9curit\u00e9","publisher":{"@id":"https:\/\/www.lmp-securite.com\/#organization"},"potentialAction":[{"@type":"SearchAction","target":{"@type":"EntryPoint","urlTemplate":"https:\/\/www.lmp-securite.com\/?s={search_term_string}"},"query-input":"required name=search_term_string"}],"inLanguage":"fr-FR"},{"@type":"Organization","@id":"https:\/\/www.lmp-securite.com\/#organization","name":"LMP S\u00e9curit\u00e9","url":"https:\/\/www.lmp-securite.com\/","logo":{"@type":"ImageObject","inLanguage":"fr-FR","@id":"https:\/\/www.lmp-securite.com\/#\/schema\/logo\/image\/","url":"https:\/\/www.lmp-securite.com\/wp-content\/uploads\/2021\/04\/LMP-modernise-compresse-pour-internet.png","contentUrl":"https:\/\/www.lmp-securite.com\/wp-content\/uploads\/2021\/04\/LMP-modernise-compresse-pour-internet.png","width":6000,"height":4000,"caption":"LMP S\u00e9curit\u00e9"},"image":{"@id":"https:\/\/www.lmp-securite.com\/#\/schema\/logo\/image\/"},"sameAs":["https:\/\/www.facebook.com\/LMPsecurite","https:\/\/twitter.com\/LmpSecurite","https:\/\/www.instagram.com\/lmpsecurite\/","https:\/\/www.linkedin.com\/company\/lmp-s\u00e9curit\u00e9","https:\/\/www.youtube.com\/channel\/UCWk6fDe4a1UJE60gIvAml_w"]}]}},"_links":{"self":[{"href":"https:\/\/www.lmp-securite.com\/index.php?rest_route=\/wp\/v2\/pages\/300"}],"collection":[{"href":"https:\/\/www.lmp-securite.com\/index.php?rest_route=\/wp\/v2\/pages"}],"about":[{"href":"https:\/\/www.lmp-securite.com\/index.php?rest_route=\/wp\/v2\/types\/page"}],"author":[{"embeddable":true,"href":"https:\/\/www.lmp-securite.com\/index.php?rest_route=\/wp\/v2\/users\/2"}],"replies":[{"embeddable":true,"href":"https:\/\/www.lmp-securite.com\/index.php?rest_route=%2Fwp%2Fv2%2Fcomments&post=300"}],"version-history":[{"count":6,"href":"https:\/\/www.lmp-securite.com\/index.php?rest_route=\/wp\/v2\/pages\/300\/revisions"}],"predecessor-version":[{"id":1928,"href":"https:\/\/www.lmp-securite.com\/index.php?rest_route=\/wp\/v2\/pages\/300\/revisions\/1928"}],"wp:attachment":[{"href":"https:\/\/www.lmp-securite.com\/index.php?rest_route=%2Fwp%2Fv2%2Fmedia&parent=300"}],"curies":[{"name":"wp","href":"https:\/\/api.w.org\/{rel}","templated":true}]}}