{"id":296,"date":"2020-02-27T14:56:45","date_gmt":"2020-02-27T13:56:45","guid":{"rendered":"http:\/\/www.lmp-securite.com\/?page_id=296"},"modified":"2023-04-03T14:22:47","modified_gmt":"2023-04-03T12:22:47","slug":"filets-avec-pare-gravats-preservent-la-voie-publique-des-salissures-et-gravats-protegent-les-passants-et-previennent-la-chute-dobjets","status":"publish","type":"page","link":"https:\/\/www.lmp-securite.com\/?page_id=296","title":{"rendered":"Filets avec pare gravats"},"content":{"rendered":"\n<p><\/p>\n\n\n\n<p>Filets pare-gravats permettant de pr\u00e9server la voie publique des salissures et des <a href=\"https:\/\/fr.wikipedia.org\/wiki\/Gravats\">gravats<\/a> qui peuvent s&rsquo;av\u00e9rer dangereux pour les passants. <\/p>\n\n\n\n<p>Les filets pare gravats ont de tr\u00e8s fines mailles, pr\u00e9venant ainsi la chute d\u2019outils, de gravats, de poussi\u00e8res etc.<\/p>\n\n\n\n<p> <br>Ainsi les <strong>filets avec pare-gravats<\/strong>, pos\u00e9s en doublure d&rsquo;un <a href=\"https:\/\/www.lmp-securite.com\/contactez-nous\/\">filet grande maille<\/a>, pr\u00e9viennent la chute d\u2019objets sur un b\u00e2timent existant. <\/p>\n\n\n\n<p>Comme les b\u00e2timents sur lesquels nous intervenons sont des surfaces commerciales ou artisanales, des industries, des b\u00e2timents agricoles et historiques, LMP S\u00e9curit\u00e9 se doit d\u2019\u00eatre\u00a0<strong>TOUJOURS \u00e0 la pointe des techniques de pose<\/strong>.<\/p>\n\n\n\n<p>C&rsquo;est pourquoi qu\u2019il s\u2019agisse du travail en hauteur ou sur corde, de la conduite de nacelles \u00e9l\u00e9vatrices, du sauvetage et du secourisme au travail ainsi que de l\u2019habilitation amiante sous section 4,&nbsp;<strong>LMP S\u00e9curit\u00e9 poss\u00e8de LES comp\u00e9tences parfaitement adapt\u00e9es<\/strong>.<\/p>\n\n\n<p><strong>Fabricants de filets de s\u00e9curit\u00e9 : notre c\u0153ur de m\u00e9tier. La <\/strong><b><strong>protection optimale : notre devoir<\/strong><\/b>.<\/p>\n<p>Aussi, r\u00e9active et efficace, <strong>LMP S\u00e9curit\u00e9<\/strong> propose une large gamme de prestations mettant en \u0153uvre des moyens et des techniques hautement qualifi\u00e9s.<\/p>\n<p>Pour tout entrepreneur, <a href=\"https:\/\/travail-emploi.gouv.fr\/sante-au-travail\/prevention-des-risques-pour-la-sante-au-travail\/autres-dangers-et-risques\/article\/chutes-de-hauteur#:~:text=La%20chute%20de%20hauteur%20se,%2C%20fosses%2C%20etc.).\">anticiper les risques d\u2019accident<\/a> demeure une priorit\u00e9 essentielle au bon d\u00e9roulement des travaux en ext\u00e9rieur comme en int\u00e9rieur. Les filets\u00a0<strong>LMP S\u00e9curit\u00e9 <\/strong>sont adapt\u00e9s \u00e0 ces\u00a0<a href=\"https:\/\/www.lmp-securite.com\/lmp-la-meilleure-protection-securite-travail-en-hauteur-filets-de-securite-thermobachage\/reglementation-travail-en-hauteur\/\">imp\u00e9ratifs<\/a>.<\/p>\n<p><!-- \/wp:paragraph --><!-- wp:paragraph -->C&rsquo;est pourquoi, des poses de filets les plus complexes aux acc\u00e8s les plus difficiles, <strong>LMP <\/strong><b><strong>S\u00e9curit\u00e9<\/strong><\/b> <strong>met tout en \u0153uvre<\/strong> pour assurer la protection de vos b\u00e2timents et de vos hommes.<\/p>","protected":false},"excerpt":{"rendered":"<p>Filets pare-gravats permettant de pr\u00e9server la voie publique des salissures et des gravats qui peuvent s&rsquo;av\u00e9rer dangereux pour les passants. Les filets pare gravats ont de tr\u00e8s fines mailles, pr\u00e9venant ainsi la chute d\u2019outils, de gravats, de poussi\u00e8res etc. Ainsi les filets avec pare-gravats, pos\u00e9s en doublure d&rsquo;un filet grande maille, pr\u00e9viennent la chute d\u2019objets [&hellip;]<\/p>\n","protected":false},"author":2,"featured_media":1211,"parent":0,"menu_order":0,"comment_status":"closed","ping_status":"closed","template":"","meta":[],"yoast_head":"<!-- This site is optimized with the Yoast SEO plugin v20.4 - https:\/\/yoast.com\/wordpress\/plugins\/seo\/ -->\n<title>Filets avec pare-gravats LMP S\u00e9curit\u00e9<\/title>\n<meta name=\"description\" content=\"Filets avec pare-gravats : pr\u00e9servent la voie publique des salissures et gravats; prot\u00e8gent les passants et pr\u00e9viennent la chute d&#039;objets.\" \/>\n<meta name=\"robots\" content=\"index, follow, max-snippet:-1, max-image-preview:large, max-video-preview:-1\" \/>\n<link rel=\"canonical\" href=\"https:\/\/www.lmp-securite.com\/filets-avec-pare-gravats-preservent-la-voie-publique-des-salissures-et-gravats-protegent-les-passants-et-previennent-la-chute-dobjets\/\" \/>\n<meta property=\"og:locale\" content=\"fr_FR\" \/>\n<meta property=\"og:type\" content=\"article\" \/>\n<meta property=\"og:title\" content=\"Filets avec pare-gravats LMP S\u00e9curit\u00e9\" \/>\n<meta property=\"og:description\" content=\"Filets avec pare-gravats : pr\u00e9servent la voie publique des salissures et gravats; prot\u00e8gent les passants et pr\u00e9viennent la chute d&#039;objets.\" \/>\n<meta property=\"og:url\" content=\"https:\/\/www.lmp-securite.com\/filets-avec-pare-gravats-preservent-la-voie-publique-des-salissures-et-gravats-protegent-les-passants-et-previennent-la-chute-dobjets\/\" \/>\n<meta property=\"og:site_name\" content=\"Lmp S\u00e9curit\u00e9\" \/>\n<meta property=\"article:publisher\" content=\"https:\/\/www.facebook.com\/LMPsecurite\" \/>\n<meta property=\"article:modified_time\" content=\"2023-04-03T12:22:47+00:00\" \/>\n<meta property=\"og:image\" content=\"https:\/\/www.lmp-securite.com\/wp-content\/uploads\/2021\/05\/Filet-pare-gravats--scaled.jpg\" \/>\n\t<meta property=\"og:image:width\" content=\"2560\" \/>\n\t<meta property=\"og:image:height\" content=\"1920\" \/>\n\t<meta property=\"og:image:type\" content=\"image\/jpeg\" \/>\n<meta name=\"twitter:card\" content=\"summary_large_image\" \/>\n<meta name=\"twitter:site\" content=\"@LmpSecurite\" \/>\n<meta name=\"twitter:label1\" content=\"Dur\u00e9e de lecture estim\u00e9e\" \/>\n\t<meta name=\"twitter:data1\" content=\"2 minutes\" \/>\n<script type=\"application\/ld+json\" class=\"yoast-schema-graph\">{\"@context\":\"https:\/\/schema.org\",\"@graph\":[{\"@type\":\"WebPage\",\"@id\":\"https:\/\/www.lmp-securite.com\/filets-avec-pare-gravats-preservent-la-voie-publique-des-salissures-et-gravats-protegent-les-passants-et-previennent-la-chute-dobjets\/\",\"url\":\"https:\/\/www.lmp-securite.com\/filets-avec-pare-gravats-preservent-la-voie-publique-des-salissures-et-gravats-protegent-les-passants-et-previennent-la-chute-dobjets\/\",\"name\":\"Filets avec pare-gravats LMP S\u00e9curit\u00e9\",\"isPartOf\":{\"@id\":\"https:\/\/www.lmp-securite.com\/#website\"},\"datePublished\":\"2020-02-27T13:56:45+00:00\",\"dateModified\":\"2023-04-03T12:22:47+00:00\",\"description\":\"Filets avec pare-gravats : pr\u00e9servent la voie publique des salissures et gravats; prot\u00e8gent les passants et pr\u00e9viennent la chute d'objets.\",\"breadcrumb\":{\"@id\":\"https:\/\/www.lmp-securite.com\/filets-avec-pare-gravats-preservent-la-voie-publique-des-salissures-et-gravats-protegent-les-passants-et-previennent-la-chute-dobjets\/#breadcrumb\"},\"inLanguage\":\"fr-FR\",\"potentialAction\":[{\"@type\":\"ReadAction\",\"target\":[\"https:\/\/www.lmp-securite.com\/filets-avec-pare-gravats-preservent-la-voie-publique-des-salissures-et-gravats-protegent-les-passants-et-previennent-la-chute-dobjets\/\"]}]},{\"@type\":\"BreadcrumbList\",\"@id\":\"https:\/\/www.lmp-securite.com\/filets-avec-pare-gravats-preservent-la-voie-publique-des-salissures-et-gravats-protegent-les-passants-et-previennent-la-chute-dobjets\/#breadcrumb\",\"itemListElement\":[{\"@type\":\"ListItem\",\"position\":1,\"name\":\"Accueil\",\"item\":\"https:\/\/www.lmp-securite.com\/\"},{\"@type\":\"ListItem\",\"position\":2,\"name\":\"Filets avec pare gravats\"}]},{\"@type\":\"WebSite\",\"@id\":\"https:\/\/www.lmp-securite.com\/#website\",\"url\":\"https:\/\/www.lmp-securite.com\/\",\"name\":\"Lmp S\u00e9curit\u00e9\",\"description\":\"Filets de s\u00e9curit\u00e9\",\"publisher\":{\"@id\":\"https:\/\/www.lmp-securite.com\/#organization\"},\"potentialAction\":[{\"@type\":\"SearchAction\",\"target\":{\"@type\":\"EntryPoint\",\"urlTemplate\":\"https:\/\/www.lmp-securite.com\/?s={search_term_string}\"},\"query-input\":\"required name=search_term_string\"}],\"inLanguage\":\"fr-FR\"},{\"@type\":\"Organization\",\"@id\":\"https:\/\/www.lmp-securite.com\/#organization\",\"name\":\"LMP S\u00e9curit\u00e9\",\"url\":\"https:\/\/www.lmp-securite.com\/\",\"logo\":{\"@type\":\"ImageObject\",\"inLanguage\":\"fr-FR\",\"@id\":\"https:\/\/www.lmp-securite.com\/#\/schema\/logo\/image\/\",\"url\":\"https:\/\/www.lmp-securite.com\/wp-content\/uploads\/2021\/04\/LMP-modernise-compresse-pour-internet.png\",\"contentUrl\":\"https:\/\/www.lmp-securite.com\/wp-content\/uploads\/2021\/04\/LMP-modernise-compresse-pour-internet.png\",\"width\":6000,\"height\":4000,\"caption\":\"LMP S\u00e9curit\u00e9\"},\"image\":{\"@id\":\"https:\/\/www.lmp-securite.com\/#\/schema\/logo\/image\/\"},\"sameAs\":[\"https:\/\/www.facebook.com\/LMPsecurite\",\"https:\/\/twitter.com\/LmpSecurite\",\"https:\/\/www.instagram.com\/lmpsecurite\/\",\"https:\/\/www.linkedin.com\/company\/lmp-s\u00e9curit\u00e9\",\"https:\/\/www.youtube.com\/channel\/UCWk6fDe4a1UJE60gIvAml_w\"]}]}<\/script>\n<!-- \/ Yoast SEO plugin. -->","yoast_head_json":{"title":"Filets avec pare-gravats LMP S\u00e9curit\u00e9","description":"Filets avec pare-gravats : pr\u00e9servent la voie publique des salissures et gravats; prot\u00e8gent les passants et pr\u00e9viennent la chute d'objets.","robots":{"index":"index","follow":"follow","max-snippet":"max-snippet:-1","max-image-preview":"max-image-preview:large","max-video-preview":"max-video-preview:-1"},"canonical":"https:\/\/www.lmp-securite.com\/filets-avec-pare-gravats-preservent-la-voie-publique-des-salissures-et-gravats-protegent-les-passants-et-previennent-la-chute-dobjets\/","og_locale":"fr_FR","og_type":"article","og_title":"Filets avec pare-gravats LMP S\u00e9curit\u00e9","og_description":"Filets avec pare-gravats : pr\u00e9servent la voie publique des salissures et gravats; prot\u00e8gent les passants et pr\u00e9viennent la chute d'objets.","og_url":"https:\/\/www.lmp-securite.com\/filets-avec-pare-gravats-preservent-la-voie-publique-des-salissures-et-gravats-protegent-les-passants-et-previennent-la-chute-dobjets\/","og_site_name":"Lmp S\u00e9curit\u00e9","article_publisher":"https:\/\/www.facebook.com\/LMPsecurite","article_modified_time":"2023-04-03T12:22:47+00:00","og_image":[{"width":2560,"height":1920,"url":"https:\/\/www.lmp-securite.com\/wp-content\/uploads\/2021\/05\/Filet-pare-gravats--scaled.jpg","type":"image\/jpeg"}],"twitter_card":"summary_large_image","twitter_site":"@LmpSecurite","twitter_misc":{"Dur\u00e9e de lecture estim\u00e9e":"2 minutes"},"schema":{"@context":"https:\/\/schema.org","@graph":[{"@type":"WebPage","@id":"https:\/\/www.lmp-securite.com\/filets-avec-pare-gravats-preservent-la-voie-publique-des-salissures-et-gravats-protegent-les-passants-et-previennent-la-chute-dobjets\/","url":"https:\/\/www.lmp-securite.com\/filets-avec-pare-gravats-preservent-la-voie-publique-des-salissures-et-gravats-protegent-les-passants-et-previennent-la-chute-dobjets\/","name":"Filets avec pare-gravats LMP S\u00e9curit\u00e9","isPartOf":{"@id":"https:\/\/www.lmp-securite.com\/#website"},"datePublished":"2020-02-27T13:56:45+00:00","dateModified":"2023-04-03T12:22:47+00:00","description":"Filets avec pare-gravats : pr\u00e9servent la voie publique des salissures et gravats; prot\u00e8gent les passants et pr\u00e9viennent la chute d'objets.","breadcrumb":{"@id":"https:\/\/www.lmp-securite.com\/filets-avec-pare-gravats-preservent-la-voie-publique-des-salissures-et-gravats-protegent-les-passants-et-previennent-la-chute-dobjets\/#breadcrumb"},"inLanguage":"fr-FR","potentialAction":[{"@type":"ReadAction","target":["https:\/\/www.lmp-securite.com\/filets-avec-pare-gravats-preservent-la-voie-publique-des-salissures-et-gravats-protegent-les-passants-et-previennent-la-chute-dobjets\/"]}]},{"@type":"BreadcrumbList","@id":"https:\/\/www.lmp-securite.com\/filets-avec-pare-gravats-preservent-la-voie-publique-des-salissures-et-gravats-protegent-les-passants-et-previennent-la-chute-dobjets\/#breadcrumb","itemListElement":[{"@type":"ListItem","position":1,"name":"Accueil","item":"https:\/\/www.lmp-securite.com\/"},{"@type":"ListItem","position":2,"name":"Filets avec pare gravats"}]},{"@type":"WebSite","@id":"https:\/\/www.lmp-securite.com\/#website","url":"https:\/\/www.lmp-securite.com\/","name":"Lmp S\u00e9curit\u00e9","description":"Filets de s\u00e9curit\u00e9","publisher":{"@id":"https:\/\/www.lmp-securite.com\/#organization"},"potentialAction":[{"@type":"SearchAction","target":{"@type":"EntryPoint","urlTemplate":"https:\/\/www.lmp-securite.com\/?s={search_term_string}"},"query-input":"required name=search_term_string"}],"inLanguage":"fr-FR"},{"@type":"Organization","@id":"https:\/\/www.lmp-securite.com\/#organization","name":"LMP S\u00e9curit\u00e9","url":"https:\/\/www.lmp-securite.com\/","logo":{"@type":"ImageObject","inLanguage":"fr-FR","@id":"https:\/\/www.lmp-securite.com\/#\/schema\/logo\/image\/","url":"https:\/\/www.lmp-securite.com\/wp-content\/uploads\/2021\/04\/LMP-modernise-compresse-pour-internet.png","contentUrl":"https:\/\/www.lmp-securite.com\/wp-content\/uploads\/2021\/04\/LMP-modernise-compresse-pour-internet.png","width":6000,"height":4000,"caption":"LMP S\u00e9curit\u00e9"},"image":{"@id":"https:\/\/www.lmp-securite.com\/#\/schema\/logo\/image\/"},"sameAs":["https:\/\/www.facebook.com\/LMPsecurite","https:\/\/twitter.com\/LmpSecurite","https:\/\/www.instagram.com\/lmpsecurite\/","https:\/\/www.linkedin.com\/company\/lmp-s\u00e9curit\u00e9","https:\/\/www.youtube.com\/channel\/UCWk6fDe4a1UJE60gIvAml_w"]}]}},"_links":{"self":[{"href":"https:\/\/www.lmp-securite.com\/index.php?rest_route=\/wp\/v2\/pages\/296"}],"collection":[{"href":"https:\/\/www.lmp-securite.com\/index.php?rest_route=\/wp\/v2\/pages"}],"about":[{"href":"https:\/\/www.lmp-securite.com\/index.php?rest_route=\/wp\/v2\/types\/page"}],"author":[{"embeddable":true,"href":"https:\/\/www.lmp-securite.com\/index.php?rest_route=\/wp\/v2\/users\/2"}],"replies":[{"embeddable":true,"href":"https:\/\/www.lmp-securite.com\/index.php?rest_route=%2Fwp%2Fv2%2Fcomments&post=296"}],"version-history":[{"count":2,"href":"https:\/\/www.lmp-securite.com\/index.php?rest_route=\/wp\/v2\/pages\/296\/revisions"}],"predecessor-version":[{"id":1944,"href":"https:\/\/www.lmp-securite.com\/index.php?rest_route=\/wp\/v2\/pages\/296\/revisions\/1944"}],"wp:featuredmedia":[{"embeddable":true,"href":"https:\/\/www.lmp-securite.com\/index.php?rest_route=\/wp\/v2\/media\/1211"}],"wp:attachment":[{"href":"https:\/\/www.lmp-securite.com\/index.php?rest_route=%2Fwp%2Fv2%2Fmedia&parent=296"}],"curies":[{"name":"wp","href":"https:\/\/api.w.org\/{rel}","templated":true}]}}