{"id":294,"date":"2020-02-27T14:56:20","date_gmt":"2020-02-27T13:56:20","guid":{"rendered":"http:\/\/www.lmp-securite.com\/?page_id=294"},"modified":"2023-04-03T09:23:34","modified_gmt":"2023-04-03T07:23:34","slug":"filets-amiante-avec-polyane","status":"publish","type":"page","link":"https:\/\/www.lmp-securite.com\/?page_id=294","title":{"rendered":"Filet avec polyane"},"content":{"rendered":"\n<p><\/p>\n\n\n\n<h3 class=\"wp-block-heading\">Filets amiante avec polyane : Nos filets amiante (ou filets de confinement) r\u00e9pondent \u00e0 des normes strictes relatives aux travaux de d\u00e9samiantage. Ils prot\u00e8gent efficacement contre les poussi\u00e8res d&rsquo;amiante.  <\/h3>\n\n\n\n<p><\/p>\n\n\n\n<p><br>Le polyane (ou b\u00e2che) est pos\u00e9 en doublure des filets de s\u00e9curit\u00e9. Ainsi les filets amiante avec polyane retiennent efficacement l&rsquo;amiante et\/ou autres poussi\u00e8res. <\/p>\n\n\n\n<p>Nous vous garantissons un travail de qualit\u00e9 et r\u00e9pondant aux normes amiante. <\/p>\n\n\n\n<p>Selon le d\u00e9cret du 4 mai 2012 les personnels r\u00e9alisant des interventions susceptibles de provoquer l\u2019\u00e9mission de fibres d<a href=\"https:\/\/fr.wikipedia.org\/wiki\/Amiante#:~:text=Cependant%20ce%20mat%C3%A9riau%20est%20toxique,larynx%20et%20des%20voies%20digestives.\">\u2019amiante<\/a> doivent \u00eatre form\u00e9s aux techniques et aux conditions de s\u00e9curit\u00e9 sp\u00e9cifiques \u00e0 l\u2019amiante.<\/p>\n\n\n\n<p><\/p>\n\n\n\n<figure class=\"wp-block-gallery has-nested-images columns-default is-cropped wp-block-gallery-1 is-layout-flex\">\n<figure class=\"wp-block-image size-large\"><img fetchpriority=\"high\" decoding=\"async\" width=\"640\" height=\"480\" data-id=\"379\"  src=\"https:\/\/www.lmp-securite.com\/wp-content\/uploads\/2020\/02\/photo-43-2.jpg\" alt=\"Filets pour salles de sport\" class=\"wp-image-379\" srcset=\"https:\/\/www.lmp-securite.com\/wp-content\/uploads\/2020\/02\/photo-43-2.jpg 640w, https:\/\/www.lmp-securite.com\/wp-content\/uploads\/2020\/02\/photo-43-2-300x225.jpg 300w\" sizes=\"(max-width: 640px) 100vw, 640px\" \/><\/figure>\n\n\n\n<figure class=\"wp-block-image size-large\"><img decoding=\"async\" width=\"350\" height=\"250\" data-id=\"715\"  src=\"https:\/\/www.lmp-securite.com\/wp-content\/uploads\/2020\/03\/logo-amiante-49.jpg\" alt=\"\" class=\"wp-image-715\" srcset=\"https:\/\/www.lmp-securite.com\/wp-content\/uploads\/2020\/03\/logo-amiante-49.jpg 350w, https:\/\/www.lmp-securite.com\/wp-content\/uploads\/2020\/03\/logo-amiante-49-300x214.jpg 300w\" sizes=\"(max-width: 350px) 100vw, 350px\" \/><\/figure>\n\n\n\n<figure class=\"wp-block-image size-large\"><img decoding=\"async\" width=\"1024\" height=\"768\" data-id=\"696\"  src=\"https:\/\/www.lmp-securite.com\/wp-content\/uploads\/2020\/03\/IMG_1593-1024x768.jpg\" alt=\"Fabricants de filets de s\u00e9curit\u00e9\" class=\"wp-image-696\" srcset=\"https:\/\/www.lmp-securite.com\/wp-content\/uploads\/2020\/03\/IMG_1593-1024x768.jpg 1024w, https:\/\/www.lmp-securite.com\/wp-content\/uploads\/2020\/03\/IMG_1593-300x225.jpg 300w, https:\/\/www.lmp-securite.com\/wp-content\/uploads\/2020\/03\/IMG_1593-768x576.jpg 768w\" sizes=\"(max-width: 1024px) 100vw, 1024px\" \/><\/figure>\n<\/figure>\n\n\n\n<p><\/p>\n\n\n\n<p>Nos techniciens sont habilit\u00e9s \u00e0 intervenir sur des b\u00e2timents contenant de l\u2019amiante.<\/p>\n\n\n\n<p>LMP S\u00e9curit\u00e9 \u0153uvre conform\u00e9ment \u00e0 la <a href=\"https:\/\/www.lmp-securite.com\/lmp-la-meilleure-protection-securite-travail-en-hauteur-filets-de-securite-thermobachage\/reglementation-travail-en-hauteur\/\">r\u00e9glementation en vigueur<\/a> sous-section 4 article R 4412-139 du Code du Travail. <\/p>\n\n\n\n<p>Cette formation nous permet d\u2019intervenir sur toutes les toitures pour installer ou assurer la maintenance des dispositifs de s\u00e9curit\u00e9.<\/p>\n\n\n\n<p>Comme les b\u00e2timents sur lesquels nous intervenons sont des surfaces commerciales ou artisanales, des industries, des b\u00e2timents agricoles etc. LMP S\u00e9curit\u00e9 se doit d\u2019\u00eatre&nbsp;<strong>toujours \u00e0 la pointe des techniques de pose<\/strong>.<\/p>\n\n\n\n<p>Ainsi qu\u2019il s\u2019agisse du travail en hauteur ou sur corde, de la conduite de nacelles \u00e9l\u00e9vatrices, du sauvetage et du secourisme au travail ainsi que de l\u2019habilitation amiante sous section 4,&nbsp;<strong>LMP S\u00e9curit\u00e9 poss\u00e8de LES comp\u00e9tences parfaitement adapt\u00e9es<\/strong>.<\/p>\n\n\n\n<p>C\u2019est pourquoi nous avons en permanence 5 \u00e9quipes \u00e0 votre service pour poser nos filets sur vos b\u00e2timents.<\/p>\n","protected":false},"excerpt":{"rendered":"<p>Filets amiante avec polyane : Nos filets amiante (ou filets de confinement) r\u00e9pondent \u00e0 des normes strictes relatives aux travaux de d\u00e9samiantage. Ils prot\u00e8gent efficacement contre les poussi\u00e8res d&rsquo;amiante. Le polyane (ou b\u00e2che) est pos\u00e9 en doublure des filets de s\u00e9curit\u00e9. Ainsi les filets amiante avec polyane retiennent efficacement l&rsquo;amiante et\/ou autres poussi\u00e8res. Nous vous [&hellip;]<\/p>\n","protected":false},"author":2,"featured_media":0,"parent":0,"menu_order":0,"comment_status":"closed","ping_status":"closed","template":"","meta":[],"yoast_head":"<!-- This site is optimized with the Yoast SEO plugin v20.4 - https:\/\/yoast.com\/wordpress\/plugins\/seo\/ -->\n<title>Filets amiante avec polyane<\/title>\n<meta name=\"description\" content=\"Filets amiante avec polyane : (ou b\u00e2che) est pos\u00e9 en doublure des filets de s\u00e9curit\u00e9 et retient efficacement l&#039;amiante ou autres poussi\u00e8res.\" \/>\n<meta name=\"robots\" content=\"index, follow, max-snippet:-1, max-image-preview:large, max-video-preview:-1\" \/>\n<link rel=\"canonical\" href=\"https:\/\/www.lmp-securite.com\/filets-amiante-avec-polyane\/\" \/>\n<meta property=\"og:locale\" content=\"fr_FR\" \/>\n<meta property=\"og:type\" content=\"article\" \/>\n<meta property=\"og:title\" content=\"Filets amiante avec polyane\" \/>\n<meta property=\"og:description\" content=\"Filets amiante avec polyane : (ou b\u00e2che) est pos\u00e9 en doublure des filets de s\u00e9curit\u00e9 et retient efficacement l&#039;amiante ou autres poussi\u00e8res.\" \/>\n<meta property=\"og:url\" content=\"https:\/\/www.lmp-securite.com\/filets-amiante-avec-polyane\/\" \/>\n<meta property=\"og:site_name\" content=\"Lmp S\u00e9curit\u00e9\" \/>\n<meta property=\"article:publisher\" content=\"https:\/\/www.facebook.com\/LMPsecurite\" \/>\n<meta property=\"article:modified_time\" content=\"2023-04-03T07:23:34+00:00\" \/>\n<meta property=\"og:image\" content=\"https:\/\/www.lmp-securite.com\/wp-content\/uploads\/2020\/02\/photo-43-2.jpg\" \/>\n<meta name=\"twitter:card\" content=\"summary_large_image\" \/>\n<meta name=\"twitter:site\" content=\"@LmpSecurite\" \/>\n<meta name=\"twitter:label1\" content=\"Dur\u00e9e de lecture estim\u00e9e\" \/>\n\t<meta name=\"twitter:data1\" content=\"2 minutes\" \/>\n<script type=\"application\/ld+json\" class=\"yoast-schema-graph\">{\"@context\":\"https:\/\/schema.org\",\"@graph\":[{\"@type\":\"WebPage\",\"@id\":\"https:\/\/www.lmp-securite.com\/filets-amiante-avec-polyane\/\",\"url\":\"https:\/\/www.lmp-securite.com\/filets-amiante-avec-polyane\/\",\"name\":\"Filets amiante avec polyane\",\"isPartOf\":{\"@id\":\"https:\/\/www.lmp-securite.com\/#website\"},\"datePublished\":\"2020-02-27T13:56:20+00:00\",\"dateModified\":\"2023-04-03T07:23:34+00:00\",\"description\":\"Filets amiante avec polyane : (ou b\u00e2che) est pos\u00e9 en doublure des filets de s\u00e9curit\u00e9 et retient efficacement l'amiante ou autres poussi\u00e8res.\",\"breadcrumb\":{\"@id\":\"https:\/\/www.lmp-securite.com\/filets-amiante-avec-polyane\/#breadcrumb\"},\"inLanguage\":\"fr-FR\",\"potentialAction\":[{\"@type\":\"ReadAction\",\"target\":[\"https:\/\/www.lmp-securite.com\/filets-amiante-avec-polyane\/\"]}]},{\"@type\":\"BreadcrumbList\",\"@id\":\"https:\/\/www.lmp-securite.com\/filets-amiante-avec-polyane\/#breadcrumb\",\"itemListElement\":[{\"@type\":\"ListItem\",\"position\":1,\"name\":\"Accueil\",\"item\":\"https:\/\/www.lmp-securite.com\/\"},{\"@type\":\"ListItem\",\"position\":2,\"name\":\"Filet avec polyane\"}]},{\"@type\":\"WebSite\",\"@id\":\"https:\/\/www.lmp-securite.com\/#website\",\"url\":\"https:\/\/www.lmp-securite.com\/\",\"name\":\"Lmp S\u00e9curit\u00e9\",\"description\":\"Filets de s\u00e9curit\u00e9\",\"publisher\":{\"@id\":\"https:\/\/www.lmp-securite.com\/#organization\"},\"potentialAction\":[{\"@type\":\"SearchAction\",\"target\":{\"@type\":\"EntryPoint\",\"urlTemplate\":\"https:\/\/www.lmp-securite.com\/?s={search_term_string}\"},\"query-input\":\"required name=search_term_string\"}],\"inLanguage\":\"fr-FR\"},{\"@type\":\"Organization\",\"@id\":\"https:\/\/www.lmp-securite.com\/#organization\",\"name\":\"LMP S\u00e9curit\u00e9\",\"url\":\"https:\/\/www.lmp-securite.com\/\",\"logo\":{\"@type\":\"ImageObject\",\"inLanguage\":\"fr-FR\",\"@id\":\"https:\/\/www.lmp-securite.com\/#\/schema\/logo\/image\/\",\"url\":\"https:\/\/www.lmp-securite.com\/wp-content\/uploads\/2021\/04\/LMP-modernise-compresse-pour-internet.png\",\"contentUrl\":\"https:\/\/www.lmp-securite.com\/wp-content\/uploads\/2021\/04\/LMP-modernise-compresse-pour-internet.png\",\"width\":6000,\"height\":4000,\"caption\":\"LMP S\u00e9curit\u00e9\"},\"image\":{\"@id\":\"https:\/\/www.lmp-securite.com\/#\/schema\/logo\/image\/\"},\"sameAs\":[\"https:\/\/www.facebook.com\/LMPsecurite\",\"https:\/\/twitter.com\/LmpSecurite\",\"https:\/\/www.instagram.com\/lmpsecurite\/\",\"https:\/\/www.linkedin.com\/company\/lmp-s\u00e9curit\u00e9\",\"https:\/\/www.youtube.com\/channel\/UCWk6fDe4a1UJE60gIvAml_w\"]}]}<\/script>\n<!-- \/ Yoast SEO plugin. -->","yoast_head_json":{"title":"Filets amiante avec polyane","description":"Filets amiante avec polyane : (ou b\u00e2che) est pos\u00e9 en doublure des filets de s\u00e9curit\u00e9 et retient efficacement l'amiante ou autres poussi\u00e8res.","robots":{"index":"index","follow":"follow","max-snippet":"max-snippet:-1","max-image-preview":"max-image-preview:large","max-video-preview":"max-video-preview:-1"},"canonical":"https:\/\/www.lmp-securite.com\/filets-amiante-avec-polyane\/","og_locale":"fr_FR","og_type":"article","og_title":"Filets amiante avec polyane","og_description":"Filets amiante avec polyane : (ou b\u00e2che) est pos\u00e9 en doublure des filets de s\u00e9curit\u00e9 et retient efficacement l'amiante ou autres poussi\u00e8res.","og_url":"https:\/\/www.lmp-securite.com\/filets-amiante-avec-polyane\/","og_site_name":"Lmp S\u00e9curit\u00e9","article_publisher":"https:\/\/www.facebook.com\/LMPsecurite","article_modified_time":"2023-04-03T07:23:34+00:00","og_image":[{"url":"https:\/\/www.lmp-securite.com\/wp-content\/uploads\/2020\/02\/photo-43-2.jpg"}],"twitter_card":"summary_large_image","twitter_site":"@LmpSecurite","twitter_misc":{"Dur\u00e9e de lecture estim\u00e9e":"2 minutes"},"schema":{"@context":"https:\/\/schema.org","@graph":[{"@type":"WebPage","@id":"https:\/\/www.lmp-securite.com\/filets-amiante-avec-polyane\/","url":"https:\/\/www.lmp-securite.com\/filets-amiante-avec-polyane\/","name":"Filets amiante avec polyane","isPartOf":{"@id":"https:\/\/www.lmp-securite.com\/#website"},"datePublished":"2020-02-27T13:56:20+00:00","dateModified":"2023-04-03T07:23:34+00:00","description":"Filets amiante avec polyane : (ou b\u00e2che) est pos\u00e9 en doublure des filets de s\u00e9curit\u00e9 et retient efficacement l'amiante ou autres poussi\u00e8res.","breadcrumb":{"@id":"https:\/\/www.lmp-securite.com\/filets-amiante-avec-polyane\/#breadcrumb"},"inLanguage":"fr-FR","potentialAction":[{"@type":"ReadAction","target":["https:\/\/www.lmp-securite.com\/filets-amiante-avec-polyane\/"]}]},{"@type":"BreadcrumbList","@id":"https:\/\/www.lmp-securite.com\/filets-amiante-avec-polyane\/#breadcrumb","itemListElement":[{"@type":"ListItem","position":1,"name":"Accueil","item":"https:\/\/www.lmp-securite.com\/"},{"@type":"ListItem","position":2,"name":"Filet avec polyane"}]},{"@type":"WebSite","@id":"https:\/\/www.lmp-securite.com\/#website","url":"https:\/\/www.lmp-securite.com\/","name":"Lmp S\u00e9curit\u00e9","description":"Filets de s\u00e9curit\u00e9","publisher":{"@id":"https:\/\/www.lmp-securite.com\/#organization"},"potentialAction":[{"@type":"SearchAction","target":{"@type":"EntryPoint","urlTemplate":"https:\/\/www.lmp-securite.com\/?s={search_term_string}"},"query-input":"required name=search_term_string"}],"inLanguage":"fr-FR"},{"@type":"Organization","@id":"https:\/\/www.lmp-securite.com\/#organization","name":"LMP S\u00e9curit\u00e9","url":"https:\/\/www.lmp-securite.com\/","logo":{"@type":"ImageObject","inLanguage":"fr-FR","@id":"https:\/\/www.lmp-securite.com\/#\/schema\/logo\/image\/","url":"https:\/\/www.lmp-securite.com\/wp-content\/uploads\/2021\/04\/LMP-modernise-compresse-pour-internet.png","contentUrl":"https:\/\/www.lmp-securite.com\/wp-content\/uploads\/2021\/04\/LMP-modernise-compresse-pour-internet.png","width":6000,"height":4000,"caption":"LMP S\u00e9curit\u00e9"},"image":{"@id":"https:\/\/www.lmp-securite.com\/#\/schema\/logo\/image\/"},"sameAs":["https:\/\/www.facebook.com\/LMPsecurite","https:\/\/twitter.com\/LmpSecurite","https:\/\/www.instagram.com\/lmpsecurite\/","https:\/\/www.linkedin.com\/company\/lmp-s\u00e9curit\u00e9","https:\/\/www.youtube.com\/channel\/UCWk6fDe4a1UJE60gIvAml_w"]}]}},"_links":{"self":[{"href":"https:\/\/www.lmp-securite.com\/index.php?rest_route=\/wp\/v2\/pages\/294"}],"collection":[{"href":"https:\/\/www.lmp-securite.com\/index.php?rest_route=\/wp\/v2\/pages"}],"about":[{"href":"https:\/\/www.lmp-securite.com\/index.php?rest_route=\/wp\/v2\/types\/page"}],"author":[{"embeddable":true,"href":"https:\/\/www.lmp-securite.com\/index.php?rest_route=\/wp\/v2\/users\/2"}],"replies":[{"embeddable":true,"href":"https:\/\/www.lmp-securite.com\/index.php?rest_route=%2Fwp%2Fv2%2Fcomments&post=294"}],"version-history":[{"count":1,"href":"https:\/\/www.lmp-securite.com\/index.php?rest_route=\/wp\/v2\/pages\/294\/revisions"}],"predecessor-version":[{"id":1870,"href":"https:\/\/www.lmp-securite.com\/index.php?rest_route=\/wp\/v2\/pages\/294\/revisions\/1870"}],"wp:attachment":[{"href":"https:\/\/www.lmp-securite.com\/index.php?rest_route=%2Fwp%2Fv2%2Fmedia&parent=294"}],"curies":[{"name":"wp","href":"https:\/\/api.w.org\/{rel}","templated":true}]}}