{"id":290,"date":"2020-02-27T14:54:10","date_gmt":"2020-02-27T13:54:10","guid":{"rendered":"http:\/\/www.lmp-securite.com\/?page_id=290"},"modified":"2023-04-03T13:19:20","modified_gmt":"2023-04-03T11:19:20","slug":"filets-securite-pour-desamiantage-ou-refection","status":"publish","type":"page","link":"https:\/\/www.lmp-securite.com\/?page_id=290","title":{"rendered":"Pose de filets de s\u00e9curit\u00e9 pour d\u00e9samiantage ou r\u00e9fection"},"content":{"rendered":"\n<h3 class=\"wp-block-heading\"> <br>Filets de s\u00e9curit\u00e9 pour <mark style=\"background-color:rgba(0, 0, 0, 0)\" class=\"has-inline-color has-vivid-cyan-blue-color\">d\u00e9samiantage<\/mark> ou <mark style=\"background-color:rgba(0, 0, 0, 0)\" class=\"has-inline-color has-vivid-cyan-blue-color\">r\u00e9fection<\/mark> : pour effectuer ces travaux, la pose de filets de s\u00e9curit\u00e9 est indispensable. <\/h3>\n\n\n\n<p><\/p>\n\n\n\n<p>Les filets de s\u00e9curit\u00e9 sont utilis\u00e9s <strong>dans le cadre de projets de<mark style=\"background-color:rgba(0, 0, 0, 0)\" class=\"has-inline-color has-vivid-cyan-blue-color\"> d\u00e9samiantage<\/mark><\/strong>. Ils prot\u00e8gent les travailleurs et l&rsquo;environnement contre les risques li\u00e9s \u00e0 la manipulation de mat\u00e9riaux contenant de l&rsquo;amiante. <\/p>\n\n\n\n<h4 class=\"wp-block-heading\"><mark style=\"background-color:rgba(0, 0, 0, 0)\" class=\"has-inline-color has-vivid-cyan-blue-color\">Voici quelques avantages des filets de s\u00e9curit\u00e9 de d\u00e9samiantage<\/mark> :<\/h4>\n\n\n\n<p><strong>Protection des travailleurs<\/strong> : Les filets de s\u00e9curit\u00e9 de d\u00e9samiantage prot\u00e8gent les travailleurs. Ils retiennent les d\u00e9bris et les mat\u00e9riaux contenant de l&rsquo;amiante qui pourraient se d\u00e9tacher pendant le processus de d\u00e9samiantage. Ainsi les travailleurs peuvent effectuer leur travail en toute s\u00e9curit\u00e9, sans \u00eatre expos\u00e9s aux fibres d&rsquo;amiante.<\/p>\n\n\n\n<p><strong>Protection de l&rsquo;environnement<\/strong> : Ils emp\u00eachent les d\u00e9bris et les mat\u00e9riaux contenant de l&rsquo;amiante de se disperser dans l&rsquo;environnement. Cela r\u00e9duit les risques pour les populations locales et les \u00e9cosyst\u00e8mes.<\/p>\n\n\n\n<p><strong>R\u00e9duction des co\u00fbts<\/strong> : L&rsquo;utilisation de filets de s\u00e9curit\u00e9 de d\u00e9samiantage r\u00e9duit les co\u00fbts globaux du projet. Ils diminuent les risques de contamination et les co\u00fbts li\u00e9s aux mesures de nettoyage et de d\u00e9contamination.<\/p>\n\n\n\n<p><strong>Facilit\u00e9 d&rsquo;utilisation<\/strong> : Ils font gagner du temps et r\u00e9duisent les temps d&rsquo;arr\u00eat pour les travaux de d\u00e9samiantage.<\/p>\n\n\n\n<p><\/p>\n\n\n\n<p>LMP S\u00e9curit\u00e9 n&rsquo;utilise et ne pose que les meilleurs mat\u00e9riaux. C&rsquo;est pourquoi elle pose des filets de confinement avec <a href=\"https:\/\/www.lmp-securite.com\/filet-amiante-avec-polyane\/\">polyane<\/a>. Ils offrent une solution pratique et \u00e9conomique pour la gestion des risques li\u00e9s \u00e0 la manipulation des mat\u00e9riaux contenant de l&rsquo;amiante. Aussi ils prot\u00e8gent les travailleurs et l&rsquo;environnement tout en r\u00e9duisant les co\u00fbts globaux du projet.<\/p>\n\n\n\n<p><\/p>\n\n\n\n<h4 class=\"wp-block-heading\">Les \u00e9quipes LMP S\u00e9curit\u00e9 poss\u00e8dent l&rsquo;<a href=\"https:\/\/www.lmp-securite.com\/habilitations-formations-aptitudes-desamiantage\/\">habilitation AMIANTE SOUS SECTION 4<\/a>. <\/h4>\n\n\n\n<p>En effet selon le d\u00e9cret du 04 mai 2012, les personnels effectuant des interventions susceptibles de provoquer l&rsquo;\u00e9mission de fibres d&rsquo;amiante doivent \u00eatre form\u00e9s aux techniques ainsi qu&rsquo;aux conditions de s\u00e9curit\u00e9 sp\u00e9cifiques \u00e0 l&rsquo;amiante. <\/p>\n\n\n\n<p>LMP S\u00e9curit\u00e9 \u0153uvre conform\u00e9ment \u00e0 la <a href=\"https:\/\/www.lmp-securite.com\/lmp-la-meilleure-protection-securite-travail-en-hauteur-filets-de-securite-thermobachage\/la-reglementation\/\">r\u00e9glementation en vigueur<\/a> sous-section 4 article R 4412-139 du Code du Travail.<\/p>\n\n\n\n<p><\/p>\n\n\n\n<p><strong>Travaux de r\u00e9fection<\/strong> : LMP S\u00e9curit\u00e9 pose des<a href=\"https:\/\/www.lmp-securite.com\/pose-de-filets-pare-gravats-preservent-la-voie-publique-des-salissures\/\"> filets pare-gravats<\/a>. Ils pr\u00e9servent la voie publique des salissures et des gravats susceptibles de d\u00e9ranger ou d&rsquo;\u00eatre dangereux pour les passants. Ainsi ils pr\u00e9viennent donc la chute d&rsquo;objets sur un b\u00e2timent existant.<\/p>\n\n\n\n<p><\/p>\n\n\n\n<p><\/p>\n\n\n\n<div class=\"wp-block-media-text alignwide is-stacked-on-mobile\" style=\"grid-template-columns:18% auto\"><figure class=\"wp-block-media-text__media\"><a href=\"https:\/\/fr.wikipedia.org\/wiki\/Amiante#:~:text=Cependant%20ce%20mat%C3%A9riau%20est%20toxique,larynx%20et%20des%20voies%20digestives.\"><img fetchpriority=\"high\" decoding=\"async\" width=\"767\" height=\"767\" src=\"https:\/\/www.lmp-securite.com\/wp-content\/uploads\/2023\/03\/Filets-de-securite-LMP-Securite-3b.jpg\" alt=\"Filets de s\u00e9curit\u00e9 de d\u00e9samiantage\" class=\"wp-image-1859 size-full\" srcset=\"https:\/\/www.lmp-securite.com\/wp-content\/uploads\/2023\/03\/Filets-de-securite-LMP-Securite-3b.jpg 767w, https:\/\/www.lmp-securite.com\/wp-content\/uploads\/2023\/03\/Filets-de-securite-LMP-Securite-3b-300x300.jpg 300w, https:\/\/www.lmp-securite.com\/wp-content\/uploads\/2023\/03\/Filets-de-securite-LMP-Securite-3b-150x150.jpg 150w\" sizes=\"(max-width: 767px) 100vw, 767px\" \/><\/a><\/figure><div class=\"wp-block-media-text__content\">\n<p class=\"has-small-font-size\">L&rsquo;amiante est l&rsquo;un des agents canc\u00e9rig\u00e8nes les plus dangereux pour l&rsquo;homme. Il existe un lien \u00e9tabli avec le cancer du poumon, le m\u00e9soth\u00e9liome et d&rsquo;autres maladies respiratoires graves.<\/p>\n<\/div><\/div>\n","protected":false},"excerpt":{"rendered":"<p>Filets de s\u00e9curit\u00e9 pour d\u00e9samiantage ou r\u00e9fection : pour effectuer ces travaux, la pose de filets de s\u00e9curit\u00e9 est indispensable. Les filets de s\u00e9curit\u00e9 sont utilis\u00e9s dans le cadre de projets de d\u00e9samiantage. Ils prot\u00e8gent les travailleurs et l&rsquo;environnement contre les risques li\u00e9s \u00e0 la manipulation de mat\u00e9riaux contenant de l&rsquo;amiante. Voici quelques avantages des [&hellip;]<\/p>\n","protected":false},"author":2,"featured_media":699,"parent":0,"menu_order":0,"comment_status":"closed","ping_status":"closed","template":"","meta":[],"yoast_head":"<!-- This site is optimized with the Yoast SEO plugin v20.4 - https:\/\/yoast.com\/wordpress\/plugins\/seo\/ -->\n<title>Filets de s\u00e9curit\u00e9 pour d\u00e9samiantage ou r\u00e9fection par LMP S\u00e9curit\u00e9<\/title>\n<meta name=\"description\" content=\"Filets de s\u00e9curit\u00e9 pour d\u00e9samiantage ou r\u00e9fection par LMP S\u00e9curit\u00e9 : pose des filets de confinement avec polyane pour prot\u00e9ger de l&#039;amiante.\" \/>\n<meta name=\"robots\" content=\"index, follow, max-snippet:-1, max-image-preview:large, max-video-preview:-1\" \/>\n<link rel=\"canonical\" href=\"https:\/\/www.lmp-securite.com\/filets-securite-pour-desamiantage-ou-refection\/\" \/>\n<meta property=\"og:locale\" content=\"fr_FR\" \/>\n<meta property=\"og:type\" content=\"article\" \/>\n<meta property=\"og:title\" content=\"Filets de s\u00e9curit\u00e9 pour d\u00e9samiantage ou r\u00e9fection par LMP S\u00e9curit\u00e9\" \/>\n<meta property=\"og:description\" content=\"Filets de s\u00e9curit\u00e9 pour d\u00e9samiantage ou r\u00e9fection par LMP S\u00e9curit\u00e9 : pose des filets de confinement avec polyane pour prot\u00e9ger de l&#039;amiante.\" \/>\n<meta property=\"og:url\" content=\"https:\/\/www.lmp-securite.com\/filets-securite-pour-desamiantage-ou-refection\/\" \/>\n<meta property=\"og:site_name\" content=\"Lmp S\u00e9curit\u00e9\" \/>\n<meta property=\"article:publisher\" content=\"https:\/\/www.facebook.com\/LMPsecurite\" \/>\n<meta property=\"article:modified_time\" content=\"2023-04-03T11:19:20+00:00\" \/>\n<meta property=\"og:image\" content=\"https:\/\/www.lmp-securite.com\/wp-content\/uploads\/2020\/03\/IMG_4335-1024x768.jpg\" \/>\n\t<meta property=\"og:image:width\" content=\"1024\" \/>\n\t<meta property=\"og:image:height\" content=\"768\" \/>\n\t<meta property=\"og:image:type\" content=\"image\/jpeg\" \/>\n<meta name=\"twitter:card\" content=\"summary_large_image\" \/>\n<meta name=\"twitter:site\" content=\"@LmpSecurite\" \/>\n<meta name=\"twitter:label1\" content=\"Dur\u00e9e de lecture estim\u00e9e\" \/>\n\t<meta name=\"twitter:data1\" content=\"3 minutes\" \/>\n<script type=\"application\/ld+json\" class=\"yoast-schema-graph\">{\"@context\":\"https:\/\/schema.org\",\"@graph\":[{\"@type\":\"WebPage\",\"@id\":\"https:\/\/www.lmp-securite.com\/filets-securite-pour-desamiantage-ou-refection\/\",\"url\":\"https:\/\/www.lmp-securite.com\/filets-securite-pour-desamiantage-ou-refection\/\",\"name\":\"Filets de s\u00e9curit\u00e9 pour d\u00e9samiantage ou r\u00e9fection par LMP S\u00e9curit\u00e9\",\"isPartOf\":{\"@id\":\"https:\/\/www.lmp-securite.com\/#website\"},\"datePublished\":\"2020-02-27T13:54:10+00:00\",\"dateModified\":\"2023-04-03T11:19:20+00:00\",\"description\":\"Filets de s\u00e9curit\u00e9 pour d\u00e9samiantage ou r\u00e9fection par LMP S\u00e9curit\u00e9 : pose des filets de confinement avec polyane pour prot\u00e9ger de l'amiante.\",\"breadcrumb\":{\"@id\":\"https:\/\/www.lmp-securite.com\/filets-securite-pour-desamiantage-ou-refection\/#breadcrumb\"},\"inLanguage\":\"fr-FR\",\"potentialAction\":[{\"@type\":\"ReadAction\",\"target\":[\"https:\/\/www.lmp-securite.com\/filets-securite-pour-desamiantage-ou-refection\/\"]}]},{\"@type\":\"BreadcrumbList\",\"@id\":\"https:\/\/www.lmp-securite.com\/filets-securite-pour-desamiantage-ou-refection\/#breadcrumb\",\"itemListElement\":[{\"@type\":\"ListItem\",\"position\":1,\"name\":\"Accueil\",\"item\":\"https:\/\/www.lmp-securite.com\/\"},{\"@type\":\"ListItem\",\"position\":2,\"name\":\"Pose de filets de s\u00e9curit\u00e9 pour d\u00e9samiantage ou r\u00e9fection\"}]},{\"@type\":\"WebSite\",\"@id\":\"https:\/\/www.lmp-securite.com\/#website\",\"url\":\"https:\/\/www.lmp-securite.com\/\",\"name\":\"Lmp S\u00e9curit\u00e9\",\"description\":\"Filets de s\u00e9curit\u00e9\",\"publisher\":{\"@id\":\"https:\/\/www.lmp-securite.com\/#organization\"},\"potentialAction\":[{\"@type\":\"SearchAction\",\"target\":{\"@type\":\"EntryPoint\",\"urlTemplate\":\"https:\/\/www.lmp-securite.com\/?s={search_term_string}\"},\"query-input\":\"required name=search_term_string\"}],\"inLanguage\":\"fr-FR\"},{\"@type\":\"Organization\",\"@id\":\"https:\/\/www.lmp-securite.com\/#organization\",\"name\":\"LMP S\u00e9curit\u00e9\",\"url\":\"https:\/\/www.lmp-securite.com\/\",\"logo\":{\"@type\":\"ImageObject\",\"inLanguage\":\"fr-FR\",\"@id\":\"https:\/\/www.lmp-securite.com\/#\/schema\/logo\/image\/\",\"url\":\"https:\/\/www.lmp-securite.com\/wp-content\/uploads\/2021\/04\/LMP-modernise-compresse-pour-internet.png\",\"contentUrl\":\"https:\/\/www.lmp-securite.com\/wp-content\/uploads\/2021\/04\/LMP-modernise-compresse-pour-internet.png\",\"width\":6000,\"height\":4000,\"caption\":\"LMP S\u00e9curit\u00e9\"},\"image\":{\"@id\":\"https:\/\/www.lmp-securite.com\/#\/schema\/logo\/image\/\"},\"sameAs\":[\"https:\/\/www.facebook.com\/LMPsecurite\",\"https:\/\/twitter.com\/LmpSecurite\",\"https:\/\/www.instagram.com\/lmpsecurite\/\",\"https:\/\/www.linkedin.com\/company\/lmp-s\u00e9curit\u00e9\",\"https:\/\/www.youtube.com\/channel\/UCWk6fDe4a1UJE60gIvAml_w\"]}]}<\/script>\n<!-- \/ Yoast SEO plugin. -->","yoast_head_json":{"title":"Filets de s\u00e9curit\u00e9 pour d\u00e9samiantage ou r\u00e9fection par LMP S\u00e9curit\u00e9","description":"Filets de s\u00e9curit\u00e9 pour d\u00e9samiantage ou r\u00e9fection par LMP S\u00e9curit\u00e9 : pose des filets de confinement avec polyane pour prot\u00e9ger de l'amiante.","robots":{"index":"index","follow":"follow","max-snippet":"max-snippet:-1","max-image-preview":"max-image-preview:large","max-video-preview":"max-video-preview:-1"},"canonical":"https:\/\/www.lmp-securite.com\/filets-securite-pour-desamiantage-ou-refection\/","og_locale":"fr_FR","og_type":"article","og_title":"Filets de s\u00e9curit\u00e9 pour d\u00e9samiantage ou r\u00e9fection par LMP S\u00e9curit\u00e9","og_description":"Filets de s\u00e9curit\u00e9 pour d\u00e9samiantage ou r\u00e9fection par LMP S\u00e9curit\u00e9 : pose des filets de confinement avec polyane pour prot\u00e9ger de l'amiante.","og_url":"https:\/\/www.lmp-securite.com\/filets-securite-pour-desamiantage-ou-refection\/","og_site_name":"Lmp S\u00e9curit\u00e9","article_publisher":"https:\/\/www.facebook.com\/LMPsecurite","article_modified_time":"2023-04-03T11:19:20+00:00","og_image":[{"width":1024,"height":768,"url":"https:\/\/www.lmp-securite.com\/wp-content\/uploads\/2020\/03\/IMG_4335-1024x768.jpg","type":"image\/jpeg"}],"twitter_card":"summary_large_image","twitter_site":"@LmpSecurite","twitter_misc":{"Dur\u00e9e de lecture estim\u00e9e":"3 minutes"},"schema":{"@context":"https:\/\/schema.org","@graph":[{"@type":"WebPage","@id":"https:\/\/www.lmp-securite.com\/filets-securite-pour-desamiantage-ou-refection\/","url":"https:\/\/www.lmp-securite.com\/filets-securite-pour-desamiantage-ou-refection\/","name":"Filets de s\u00e9curit\u00e9 pour d\u00e9samiantage ou r\u00e9fection par LMP S\u00e9curit\u00e9","isPartOf":{"@id":"https:\/\/www.lmp-securite.com\/#website"},"datePublished":"2020-02-27T13:54:10+00:00","dateModified":"2023-04-03T11:19:20+00:00","description":"Filets de s\u00e9curit\u00e9 pour d\u00e9samiantage ou r\u00e9fection par LMP S\u00e9curit\u00e9 : pose des filets de confinement avec polyane pour prot\u00e9ger de l'amiante.","breadcrumb":{"@id":"https:\/\/www.lmp-securite.com\/filets-securite-pour-desamiantage-ou-refection\/#breadcrumb"},"inLanguage":"fr-FR","potentialAction":[{"@type":"ReadAction","target":["https:\/\/www.lmp-securite.com\/filets-securite-pour-desamiantage-ou-refection\/"]}]},{"@type":"BreadcrumbList","@id":"https:\/\/www.lmp-securite.com\/filets-securite-pour-desamiantage-ou-refection\/#breadcrumb","itemListElement":[{"@type":"ListItem","position":1,"name":"Accueil","item":"https:\/\/www.lmp-securite.com\/"},{"@type":"ListItem","position":2,"name":"Pose de filets de s\u00e9curit\u00e9 pour d\u00e9samiantage ou r\u00e9fection"}]},{"@type":"WebSite","@id":"https:\/\/www.lmp-securite.com\/#website","url":"https:\/\/www.lmp-securite.com\/","name":"Lmp S\u00e9curit\u00e9","description":"Filets de s\u00e9curit\u00e9","publisher":{"@id":"https:\/\/www.lmp-securite.com\/#organization"},"potentialAction":[{"@type":"SearchAction","target":{"@type":"EntryPoint","urlTemplate":"https:\/\/www.lmp-securite.com\/?s={search_term_string}"},"query-input":"required name=search_term_string"}],"inLanguage":"fr-FR"},{"@type":"Organization","@id":"https:\/\/www.lmp-securite.com\/#organization","name":"LMP S\u00e9curit\u00e9","url":"https:\/\/www.lmp-securite.com\/","logo":{"@type":"ImageObject","inLanguage":"fr-FR","@id":"https:\/\/www.lmp-securite.com\/#\/schema\/logo\/image\/","url":"https:\/\/www.lmp-securite.com\/wp-content\/uploads\/2021\/04\/LMP-modernise-compresse-pour-internet.png","contentUrl":"https:\/\/www.lmp-securite.com\/wp-content\/uploads\/2021\/04\/LMP-modernise-compresse-pour-internet.png","width":6000,"height":4000,"caption":"LMP S\u00e9curit\u00e9"},"image":{"@id":"https:\/\/www.lmp-securite.com\/#\/schema\/logo\/image\/"},"sameAs":["https:\/\/www.facebook.com\/LMPsecurite","https:\/\/twitter.com\/LmpSecurite","https:\/\/www.instagram.com\/lmpsecurite\/","https:\/\/www.linkedin.com\/company\/lmp-s\u00e9curit\u00e9","https:\/\/www.youtube.com\/channel\/UCWk6fDe4a1UJE60gIvAml_w"]}]}},"_links":{"self":[{"href":"https:\/\/www.lmp-securite.com\/index.php?rest_route=\/wp\/v2\/pages\/290"}],"collection":[{"href":"https:\/\/www.lmp-securite.com\/index.php?rest_route=\/wp\/v2\/pages"}],"about":[{"href":"https:\/\/www.lmp-securite.com\/index.php?rest_route=\/wp\/v2\/types\/page"}],"author":[{"embeddable":true,"href":"https:\/\/www.lmp-securite.com\/index.php?rest_route=\/wp\/v2\/users\/2"}],"replies":[{"embeddable":true,"href":"https:\/\/www.lmp-securite.com\/index.php?rest_route=%2Fwp%2Fv2%2Fcomments&post=290"}],"version-history":[{"count":14,"href":"https:\/\/www.lmp-securite.com\/index.php?rest_route=\/wp\/v2\/pages\/290\/revisions"}],"predecessor-version":[{"id":1934,"href":"https:\/\/www.lmp-securite.com\/index.php?rest_route=\/wp\/v2\/pages\/290\/revisions\/1934"}],"wp:featuredmedia":[{"embeddable":true,"href":"https:\/\/www.lmp-securite.com\/index.php?rest_route=\/wp\/v2\/media\/699"}],"wp:attachment":[{"href":"https:\/\/www.lmp-securite.com\/index.php?rest_route=%2Fwp%2Fv2%2Fmedia&parent=290"}],"curies":[{"name":"wp","href":"https:\/\/api.w.org\/{rel}","templated":true}]}}