{"id":288,"date":"2020-02-27T14:53:08","date_gmt":"2020-02-27T13:53:08","guid":{"rendered":"http:\/\/www.lmp-securite.com\/?page_id=288"},"modified":"2023-03-31T16:31:43","modified_gmt":"2023-03-31T14:31:43","slug":"pose-de-filets-de-securite-sur-batiment-neuf","status":"publish","type":"page","link":"https:\/\/www.lmp-securite.com\/?page_id=288","title":{"rendered":"Pose de filets de s\u00e9curit\u00e9 sur b\u00e2timent neuf"},"content":{"rendered":"\n<p><\/p>\n\n\n\n<figure class=\"wp-block-gallery has-nested-images columns-default is-cropped wp-block-gallery-1 is-layout-flex\">\n<figure class=\"wp-block-image size-large\"><img fetchpriority=\"high\" decoding=\"async\" width=\"1024\" height=\"1024\" data-id=\"1775\"  src=\"https:\/\/www.lmp-securite.com\/wp-content\/uploads\/2023\/03\/PUBLICATION-POUR-ARTICLE-SUR-SITE-INTERNET-LMP-V6-1024x1024.jpg\" alt=\"Pose de filets de s\u00e9curit\u00e9 sur construction neuve ossature m\u00e9tallique\" class=\"wp-image-1775\" srcset=\"https:\/\/www.lmp-securite.com\/wp-content\/uploads\/2023\/03\/PUBLICATION-POUR-ARTICLE-SUR-SITE-INTERNET-LMP-V6-1024x1024.jpg 1024w, https:\/\/www.lmp-securite.com\/wp-content\/uploads\/2023\/03\/PUBLICATION-POUR-ARTICLE-SUR-SITE-INTERNET-LMP-V6-300x300.jpg 300w, https:\/\/www.lmp-securite.com\/wp-content\/uploads\/2023\/03\/PUBLICATION-POUR-ARTICLE-SUR-SITE-INTERNET-LMP-V6-150x150.jpg 150w, https:\/\/www.lmp-securite.com\/wp-content\/uploads\/2023\/03\/PUBLICATION-POUR-ARTICLE-SUR-SITE-INTERNET-LMP-V6-768x768.jpg 768w, https:\/\/www.lmp-securite.com\/wp-content\/uploads\/2023\/03\/PUBLICATION-POUR-ARTICLE-SUR-SITE-INTERNET-LMP-V6.jpg 1080w\" sizes=\"(max-width: 1024px) 100vw, 1024px\" \/><\/figure>\n\n\n\n<figure class=\"wp-block-image size-large\"><img decoding=\"async\" width=\"1024\" height=\"1024\" data-id=\"1777\"  src=\"https:\/\/www.lmp-securite.com\/wp-content\/uploads\/2023\/03\/PUBLICATION-POUR-ARTICLE-SUR-SITE-INTERNET-LMP-V8-1024x1024.jpg\" alt=\"Pose de filets de s\u00e9curit\u00e9 en sous face sur structure m\u00e9tallique\" class=\"wp-image-1777\" srcset=\"https:\/\/www.lmp-securite.com\/wp-content\/uploads\/2023\/03\/PUBLICATION-POUR-ARTICLE-SUR-SITE-INTERNET-LMP-V8-1024x1024.jpg 1024w, https:\/\/www.lmp-securite.com\/wp-content\/uploads\/2023\/03\/PUBLICATION-POUR-ARTICLE-SUR-SITE-INTERNET-LMP-V8-300x300.jpg 300w, https:\/\/www.lmp-securite.com\/wp-content\/uploads\/2023\/03\/PUBLICATION-POUR-ARTICLE-SUR-SITE-INTERNET-LMP-V8-150x150.jpg 150w, https:\/\/www.lmp-securite.com\/wp-content\/uploads\/2023\/03\/PUBLICATION-POUR-ARTICLE-SUR-SITE-INTERNET-LMP-V8-768x768.jpg 768w, https:\/\/www.lmp-securite.com\/wp-content\/uploads\/2023\/03\/PUBLICATION-POUR-ARTICLE-SUR-SITE-INTERNET-LMP-V8.jpg 1080w\" sizes=\"(max-width: 1024px) 100vw, 1024px\" \/><\/figure>\n\n\n\n<figure class=\"wp-block-image size-large\"><img decoding=\"async\" width=\"1024\" height=\"768\" data-id=\"348\"  src=\"https:\/\/www.lmp-securite.com\/wp-content\/uploads\/2020\/02\/IMG_1094-2-1024x768.jpg\" alt=\"Filet de s\u00e9curit\u00e9 sur b\u00e2timent neuf\" class=\"wp-image-348\" srcset=\"https:\/\/www.lmp-securite.com\/wp-content\/uploads\/2020\/02\/IMG_1094-2-1024x768.jpg 1024w, https:\/\/www.lmp-securite.com\/wp-content\/uploads\/2020\/02\/IMG_1094-2-300x225.jpg 300w, https:\/\/www.lmp-securite.com\/wp-content\/uploads\/2020\/02\/IMG_1094-2-768x576.jpg 768w\" sizes=\"(max-width: 1024px) 100vw, 1024px\" \/><\/figure>\n<\/figure>\n\n\n\n<p>Pose de filets de s\u00e9curit\u00e9 sur b\u00e2timent neuf : une s\u00e9curit\u00e9 optimale pour vos b\u00e2timents neufs. Parce que les <a href=\"https:\/\/fr.wikipedia.org\/wiki\/Filet_de_s%C3%A9curit%C3%A9\">filets de s\u00e9curit\u00e9<\/a> en sous face permettent une protection collective r\u00e9pondant \u00e0 la norme 1263-1. Cette norme encadre les exigences relatives aux filets de s\u00e9curit\u00e9 couramment utilis\u00e9es en BTP.  <br>Nos filets respectent donc la\u00a0<strong>norme EN 1263-01<\/strong>.  <\/p>\n\n\n\n<p><\/p>\n\n\n\n<p><mark style=\"background-color:rgba(0, 0, 0, 0)\" class=\"has-inline-color has-vivid-cyan-blue-color\">Les avantages \u00e0 poser des filets de s\u00e9curit\u00e9 sur un b\u00e2timent neuf sont nombreux<\/mark>  :<\/p>\n\n\n\n<p><strong>S\u00e9curit\u00e9 des travailleurs<\/strong> : Les filets de s\u00e9curit\u00e9 prot\u00e8gent les travailleurs contre les chutes et les accidents. Ils fournissent une barri\u00e8re de s\u00e9curit\u00e9 qui peut pr\u00e9venir les blessures graves, voire mortelles, en cas de chute.<\/p>\n\n\n\n<p><strong>Protection de l&rsquo;environnement<\/strong> : Les filets de s\u00e9curit\u00e9 emp\u00eachent \u00e9galement les d\u00e9bris et les mat\u00e9riaux de tomber du b\u00e2timent en construction, ce qui r\u00e9duit les risques pour l&rsquo;environnement et la sant\u00e9 publique.<\/p>\n\n\n\n<p><strong>R\u00e9duction des co\u00fbts<\/strong> : En r\u00e9duisant les risques d&rsquo;accidents sur le chantier, les filets de s\u00e9curit\u00e9 peuvent \u00e9galement aider \u00e0 r\u00e9duire les co\u00fbts li\u00e9s aux accidents du travail, tels que les cong\u00e9s de maladie, les frais m\u00e9dicaux et les co\u00fbts d&rsquo;assurance.<\/p>\n\n\n\n<p><strong>Respect des normes de s\u00e9curit\u00e9<\/strong> : Les filets de s\u00e9curit\u00e9 sont souvent requis par les codes de construction locaux, r\u00e9gionaux ou nationaux. Les installer permet donc de se conformer aux normes en vigueur, \u00e9vitant ainsi les sanctions et les amendes.<\/p>\n\n\n\n<p><strong>Am\u00e9lioration de la productivit\u00e9<\/strong> : En cr\u00e9ant un environnement de travail plus s\u00fbr, les travailleurs sont plus enclins \u00e0 se concentrer sur leur travail, ce qui peut am\u00e9liorer la productivit\u00e9 globale du chantier.<\/p>\n\n\n\n<p><\/p>\n\n\n\n<p>En somme, l&rsquo;installation de filets de s\u00e9curit\u00e9 sur un b\u00e2timent neuf pr\u00e9sente de nombreux avantages pour la s\u00e9curit\u00e9 des travailleurs, l&rsquo;environnement, les co\u00fbts et la conformit\u00e9 aux normes de s\u00e9curit\u00e9.<\/p>\n\n\n\n<h3 class=\"wp-block-heading\">Faites appel \u00e0 notre \u00e9quipe pour la pose de filets de s\u00e9curit\u00e9 sur b\u00e2timent neuf : nous vous proposerons <a href=\"https:\/\/www.lmp-securite.com\/contactez-nous\/\">la solution la plus adapt\u00e9e<\/a>.<\/h3>\n\n\n<p>\u00a0<\/p>\n<p><strong>Fabricants de filets de s\u00e9curit\u00e9 : notre c\u0153ur de m\u00e9tier. La <\/strong><b><strong>protection optimale : notre devoir<\/strong><\/b>.<\/p>\n<p>Pour tout entrepreneur, anticiper les risques d\u2019accident demeure une priorit\u00e9 essentielle au bon d\u00e9roulement des travaux en ext\u00e9rieur comme en int\u00e9rieur. Les filets\u00a0<strong>LMP S\u00e9curit\u00e9, dont la pose de filets de s\u00e9curit\u00e9 sur b\u00e2timent neuf, <\/strong>sont adapt\u00e9s \u00e0 ces\u00a0<a href=\"https:\/\/www.lmp-securite.com\/lmp-la-meilleure-protection-securite-travail-en-hauteur-filets-de-securite-thermobachage\/reglementation-travail-en-hauteur\/\">imp\u00e9ratifs<\/a>.<\/p>\n<p><!-- \/wp:paragraph --><!-- wp:paragraph -->C&rsquo;est pourquoi, des poses de filets les plus complexes aux acc\u00e8s les plus difficiles, <strong>LMP <\/strong><b><strong>S\u00e9curit\u00e9<\/strong><\/b> <strong>met tout en \u0153uvre<\/strong> pour assurer la protection de vos b\u00e2timents et de vos hommes.<\/p>\n<p><!-- wp:paragraph --><\/p>\n<p><!-- \/wp:paragraph --><\/p>","protected":false},"excerpt":{"rendered":"<p>Pose de filets de s\u00e9curit\u00e9 sur b\u00e2timent neuf : une s\u00e9curit\u00e9 optimale pour vos b\u00e2timents neufs. Parce que les filets de s\u00e9curit\u00e9 en sous face permettent une protection collective r\u00e9pondant \u00e0 la norme 1263-1. Cette norme encadre les exigences relatives aux filets de s\u00e9curit\u00e9 couramment utilis\u00e9es en BTP. Nos filets respectent donc la\u00a0norme EN 1263-01. [&hellip;]<\/p>\n","protected":false},"author":2,"featured_media":0,"parent":0,"menu_order":0,"comment_status":"closed","ping_status":"closed","template":"","meta":[],"yoast_head":"<!-- This site is optimized with the Yoast SEO plugin v20.4 - https:\/\/yoast.com\/wordpress\/plugins\/seo\/ -->\n<title>Pose de filets de s\u00e9curit\u00e9 sur b\u00e2timent neuf<\/title>\n<meta name=\"description\" content=\"Pose de filets de s\u00e9curit\u00e9 sur b\u00e2timent neuf par LMP S\u00e9curit\u00e9 : une s\u00e9curit\u00e9 optimale pour les b\u00e2timents neufs. S\u00e9curisation garantit.\" \/>\n<meta name=\"robots\" content=\"index, follow, max-snippet:-1, max-image-preview:large, max-video-preview:-1\" \/>\n<link rel=\"canonical\" href=\"https:\/\/www.lmp-securite.com\/pose-de-filets-de-securite-sur-batiment-neuf\/\" \/>\n<meta property=\"og:locale\" content=\"fr_FR\" \/>\n<meta property=\"og:type\" content=\"article\" \/>\n<meta property=\"og:title\" content=\"Pose de filets de s\u00e9curit\u00e9 sur b\u00e2timent neuf\" \/>\n<meta property=\"og:description\" content=\"Pose de filets de s\u00e9curit\u00e9 sur b\u00e2timent neuf par LMP S\u00e9curit\u00e9 : une s\u00e9curit\u00e9 optimale pour les b\u00e2timents neufs. S\u00e9curisation garantit.\" \/>\n<meta property=\"og:url\" content=\"https:\/\/www.lmp-securite.com\/pose-de-filets-de-securite-sur-batiment-neuf\/\" \/>\n<meta property=\"og:site_name\" content=\"Lmp S\u00e9curit\u00e9\" \/>\n<meta property=\"article:publisher\" content=\"https:\/\/www.facebook.com\/LMPsecurite\" \/>\n<meta property=\"article:modified_time\" content=\"2023-03-31T14:31:43+00:00\" \/>\n<meta property=\"og:image\" content=\"https:\/\/www.lmp-securite.com\/wp-content\/uploads\/2023\/03\/PUBLICATION-POUR-ARTICLE-SUR-SITE-INTERNET-LMP-V6-1024x1024.jpg\" \/>\n<meta name=\"twitter:card\" content=\"summary_large_image\" \/>\n<meta name=\"twitter:site\" content=\"@LmpSecurite\" \/>\n<meta name=\"twitter:label1\" content=\"Dur\u00e9e de lecture estim\u00e9e\" \/>\n\t<meta name=\"twitter:data1\" content=\"3 minutes\" \/>\n<script type=\"application\/ld+json\" class=\"yoast-schema-graph\">{\"@context\":\"https:\/\/schema.org\",\"@graph\":[{\"@type\":\"WebPage\",\"@id\":\"https:\/\/www.lmp-securite.com\/pose-de-filets-de-securite-sur-batiment-neuf\/\",\"url\":\"https:\/\/www.lmp-securite.com\/pose-de-filets-de-securite-sur-batiment-neuf\/\",\"name\":\"Pose de filets de s\u00e9curit\u00e9 sur b\u00e2timent neuf\",\"isPartOf\":{\"@id\":\"https:\/\/www.lmp-securite.com\/#website\"},\"datePublished\":\"2020-02-27T13:53:08+00:00\",\"dateModified\":\"2023-03-31T14:31:43+00:00\",\"description\":\"Pose de filets de s\u00e9curit\u00e9 sur b\u00e2timent neuf par LMP S\u00e9curit\u00e9 : une s\u00e9curit\u00e9 optimale pour les b\u00e2timents neufs. S\u00e9curisation garantit.\",\"breadcrumb\":{\"@id\":\"https:\/\/www.lmp-securite.com\/pose-de-filets-de-securite-sur-batiment-neuf\/#breadcrumb\"},\"inLanguage\":\"fr-FR\",\"potentialAction\":[{\"@type\":\"ReadAction\",\"target\":[\"https:\/\/www.lmp-securite.com\/pose-de-filets-de-securite-sur-batiment-neuf\/\"]}]},{\"@type\":\"BreadcrumbList\",\"@id\":\"https:\/\/www.lmp-securite.com\/pose-de-filets-de-securite-sur-batiment-neuf\/#breadcrumb\",\"itemListElement\":[{\"@type\":\"ListItem\",\"position\":1,\"name\":\"Accueil\",\"item\":\"https:\/\/www.lmp-securite.com\/\"},{\"@type\":\"ListItem\",\"position\":2,\"name\":\"Pose de filets de s\u00e9curit\u00e9 sur b\u00e2timent neuf\"}]},{\"@type\":\"WebSite\",\"@id\":\"https:\/\/www.lmp-securite.com\/#website\",\"url\":\"https:\/\/www.lmp-securite.com\/\",\"name\":\"Lmp S\u00e9curit\u00e9\",\"description\":\"Filets de s\u00e9curit\u00e9\",\"publisher\":{\"@id\":\"https:\/\/www.lmp-securite.com\/#organization\"},\"potentialAction\":[{\"@type\":\"SearchAction\",\"target\":{\"@type\":\"EntryPoint\",\"urlTemplate\":\"https:\/\/www.lmp-securite.com\/?s={search_term_string}\"},\"query-input\":\"required name=search_term_string\"}],\"inLanguage\":\"fr-FR\"},{\"@type\":\"Organization\",\"@id\":\"https:\/\/www.lmp-securite.com\/#organization\",\"name\":\"LMP S\u00e9curit\u00e9\",\"url\":\"https:\/\/www.lmp-securite.com\/\",\"logo\":{\"@type\":\"ImageObject\",\"inLanguage\":\"fr-FR\",\"@id\":\"https:\/\/www.lmp-securite.com\/#\/schema\/logo\/image\/\",\"url\":\"https:\/\/www.lmp-securite.com\/wp-content\/uploads\/2021\/04\/LMP-modernise-compresse-pour-internet.png\",\"contentUrl\":\"https:\/\/www.lmp-securite.com\/wp-content\/uploads\/2021\/04\/LMP-modernise-compresse-pour-internet.png\",\"width\":6000,\"height\":4000,\"caption\":\"LMP S\u00e9curit\u00e9\"},\"image\":{\"@id\":\"https:\/\/www.lmp-securite.com\/#\/schema\/logo\/image\/\"},\"sameAs\":[\"https:\/\/www.facebook.com\/LMPsecurite\",\"https:\/\/twitter.com\/LmpSecurite\",\"https:\/\/www.instagram.com\/lmpsecurite\/\",\"https:\/\/www.linkedin.com\/company\/lmp-s\u00e9curit\u00e9\",\"https:\/\/www.youtube.com\/channel\/UCWk6fDe4a1UJE60gIvAml_w\"]}]}<\/script>\n<!-- \/ Yoast SEO plugin. -->","yoast_head_json":{"title":"Pose de filets de s\u00e9curit\u00e9 sur b\u00e2timent neuf","description":"Pose de filets de s\u00e9curit\u00e9 sur b\u00e2timent neuf par LMP S\u00e9curit\u00e9 : une s\u00e9curit\u00e9 optimale pour les b\u00e2timents neufs. S\u00e9curisation garantit.","robots":{"index":"index","follow":"follow","max-snippet":"max-snippet:-1","max-image-preview":"max-image-preview:large","max-video-preview":"max-video-preview:-1"},"canonical":"https:\/\/www.lmp-securite.com\/pose-de-filets-de-securite-sur-batiment-neuf\/","og_locale":"fr_FR","og_type":"article","og_title":"Pose de filets de s\u00e9curit\u00e9 sur b\u00e2timent neuf","og_description":"Pose de filets de s\u00e9curit\u00e9 sur b\u00e2timent neuf par LMP S\u00e9curit\u00e9 : une s\u00e9curit\u00e9 optimale pour les b\u00e2timents neufs. S\u00e9curisation garantit.","og_url":"https:\/\/www.lmp-securite.com\/pose-de-filets-de-securite-sur-batiment-neuf\/","og_site_name":"Lmp S\u00e9curit\u00e9","article_publisher":"https:\/\/www.facebook.com\/LMPsecurite","article_modified_time":"2023-03-31T14:31:43+00:00","og_image":[{"url":"https:\/\/www.lmp-securite.com\/wp-content\/uploads\/2023\/03\/PUBLICATION-POUR-ARTICLE-SUR-SITE-INTERNET-LMP-V6-1024x1024.jpg"}],"twitter_card":"summary_large_image","twitter_site":"@LmpSecurite","twitter_misc":{"Dur\u00e9e de lecture estim\u00e9e":"3 minutes"},"schema":{"@context":"https:\/\/schema.org","@graph":[{"@type":"WebPage","@id":"https:\/\/www.lmp-securite.com\/pose-de-filets-de-securite-sur-batiment-neuf\/","url":"https:\/\/www.lmp-securite.com\/pose-de-filets-de-securite-sur-batiment-neuf\/","name":"Pose de filets de s\u00e9curit\u00e9 sur b\u00e2timent neuf","isPartOf":{"@id":"https:\/\/www.lmp-securite.com\/#website"},"datePublished":"2020-02-27T13:53:08+00:00","dateModified":"2023-03-31T14:31:43+00:00","description":"Pose de filets de s\u00e9curit\u00e9 sur b\u00e2timent neuf par LMP S\u00e9curit\u00e9 : une s\u00e9curit\u00e9 optimale pour les b\u00e2timents neufs. S\u00e9curisation garantit.","breadcrumb":{"@id":"https:\/\/www.lmp-securite.com\/pose-de-filets-de-securite-sur-batiment-neuf\/#breadcrumb"},"inLanguage":"fr-FR","potentialAction":[{"@type":"ReadAction","target":["https:\/\/www.lmp-securite.com\/pose-de-filets-de-securite-sur-batiment-neuf\/"]}]},{"@type":"BreadcrumbList","@id":"https:\/\/www.lmp-securite.com\/pose-de-filets-de-securite-sur-batiment-neuf\/#breadcrumb","itemListElement":[{"@type":"ListItem","position":1,"name":"Accueil","item":"https:\/\/www.lmp-securite.com\/"},{"@type":"ListItem","position":2,"name":"Pose de filets de s\u00e9curit\u00e9 sur b\u00e2timent neuf"}]},{"@type":"WebSite","@id":"https:\/\/www.lmp-securite.com\/#website","url":"https:\/\/www.lmp-securite.com\/","name":"Lmp S\u00e9curit\u00e9","description":"Filets de s\u00e9curit\u00e9","publisher":{"@id":"https:\/\/www.lmp-securite.com\/#organization"},"potentialAction":[{"@type":"SearchAction","target":{"@type":"EntryPoint","urlTemplate":"https:\/\/www.lmp-securite.com\/?s={search_term_string}"},"query-input":"required name=search_term_string"}],"inLanguage":"fr-FR"},{"@type":"Organization","@id":"https:\/\/www.lmp-securite.com\/#organization","name":"LMP S\u00e9curit\u00e9","url":"https:\/\/www.lmp-securite.com\/","logo":{"@type":"ImageObject","inLanguage":"fr-FR","@id":"https:\/\/www.lmp-securite.com\/#\/schema\/logo\/image\/","url":"https:\/\/www.lmp-securite.com\/wp-content\/uploads\/2021\/04\/LMP-modernise-compresse-pour-internet.png","contentUrl":"https:\/\/www.lmp-securite.com\/wp-content\/uploads\/2021\/04\/LMP-modernise-compresse-pour-internet.png","width":6000,"height":4000,"caption":"LMP S\u00e9curit\u00e9"},"image":{"@id":"https:\/\/www.lmp-securite.com\/#\/schema\/logo\/image\/"},"sameAs":["https:\/\/www.facebook.com\/LMPsecurite","https:\/\/twitter.com\/LmpSecurite","https:\/\/www.instagram.com\/lmpsecurite\/","https:\/\/www.linkedin.com\/company\/lmp-s\u00e9curit\u00e9","https:\/\/www.youtube.com\/channel\/UCWk6fDe4a1UJE60gIvAml_w"]}]}},"_links":{"self":[{"href":"https:\/\/www.lmp-securite.com\/index.php?rest_route=\/wp\/v2\/pages\/288"}],"collection":[{"href":"https:\/\/www.lmp-securite.com\/index.php?rest_route=\/wp\/v2\/pages"}],"about":[{"href":"https:\/\/www.lmp-securite.com\/index.php?rest_route=\/wp\/v2\/types\/page"}],"author":[{"embeddable":true,"href":"https:\/\/www.lmp-securite.com\/index.php?rest_route=\/wp\/v2\/users\/2"}],"replies":[{"embeddable":true,"href":"https:\/\/www.lmp-securite.com\/index.php?rest_route=%2Fwp%2Fv2%2Fcomments&post=288"}],"version-history":[{"count":1,"href":"https:\/\/www.lmp-securite.com\/index.php?rest_route=\/wp\/v2\/pages\/288\/revisions"}],"predecessor-version":[{"id":1846,"href":"https:\/\/www.lmp-securite.com\/index.php?rest_route=\/wp\/v2\/pages\/288\/revisions\/1846"}],"wp:attachment":[{"href":"https:\/\/www.lmp-securite.com\/index.php?rest_route=%2Fwp%2Fv2%2Fmedia&parent=288"}],"curies":[{"name":"wp","href":"https:\/\/api.w.org\/{rel}","templated":true}]}}