{"id":283,"date":"2020-02-27T14:48:50","date_gmt":"2020-02-27T13:48:50","guid":{"rendered":"http:\/\/www.lmp-securite.com\/?page_id=283"},"modified":"2023-04-03T14:08:56","modified_gmt":"2023-04-03T12:08:56","slug":"fabricants-de-filets-de-securite-lmp-possede-son-propre-atelier-de-fabrication-a-barbezieux-en-charente-dans-la-nouvelle-aquitaine","status":"publish","type":"page","link":"https:\/\/www.lmp-securite.com\/?page_id=283","title":{"rendered":"Fabricants de filets de s\u00e9curit\u00e9"},"content":{"rendered":"\n<p><\/p>\n\n\n\n<p><\/p>\n\n\n\n<figure class=\"wp-block-gallery has-nested-images columns-default is-cropped wp-block-gallery-1 is-layout-flex\">\n<figure class=\"wp-block-image size-large\"><img fetchpriority=\"high\" decoding=\"async\" width=\"768\" height=\"1024\" data-id=\"708\"  src=\"https:\/\/www.lmp-securite.com\/wp-content\/uploads\/2020\/03\/IMG_1588-2-768x1024.jpg\" alt=\"Fabricants de filets de s\u00e9curit\u00e9\" class=\"wp-image-708\" srcset=\"https:\/\/www.lmp-securite.com\/wp-content\/uploads\/2020\/03\/IMG_1588-2-768x1024.jpg 768w, https:\/\/www.lmp-securite.com\/wp-content\/uploads\/2020\/03\/IMG_1588-2-225x300.jpg 225w\" sizes=\"(max-width: 768px) 100vw, 768px\" \/><\/figure>\n\n\n\n<figure class=\"wp-block-image size-large\"><img decoding=\"async\" width=\"1024\" height=\"581\" data-id=\"790\"  src=\"https:\/\/www.lmp-securite.com\/wp-content\/uploads\/2020\/03\/vlcsnap-2020-03-09-18h02m03s172-2-1024x581.png\" alt=\"Fabricants de filets de s\u00e9curit\u00e9\" class=\"wp-image-790\" srcset=\"https:\/\/www.lmp-securite.com\/wp-content\/uploads\/2020\/03\/vlcsnap-2020-03-09-18h02m03s172-2-1024x581.png 1024w, https:\/\/www.lmp-securite.com\/wp-content\/uploads\/2020\/03\/vlcsnap-2020-03-09-18h02m03s172-2-300x170.png 300w, https:\/\/www.lmp-securite.com\/wp-content\/uploads\/2020\/03\/vlcsnap-2020-03-09-18h02m03s172-2-768x436.png 768w, https:\/\/www.lmp-securite.com\/wp-content\/uploads\/2020\/03\/vlcsnap-2020-03-09-18h02m03s172-2.png 1920w\" sizes=\"(max-width: 1024px) 100vw, 1024px\" \/><\/figure>\n\n\n\n<figure class=\"wp-block-image size-large\"><img decoding=\"async\" width=\"1024\" height=\"581\" data-id=\"792\"  src=\"https:\/\/www.lmp-securite.com\/wp-content\/uploads\/2020\/03\/vlcsnap-2020-03-09-18h02m30s939-1-1024x581.png\" alt=\"Fabricants de filets de s\u00e9curit\u00e9\" class=\"wp-image-792\" srcset=\"https:\/\/www.lmp-securite.com\/wp-content\/uploads\/2020\/03\/vlcsnap-2020-03-09-18h02m30s939-1-1024x581.png 1024w, https:\/\/www.lmp-securite.com\/wp-content\/uploads\/2020\/03\/vlcsnap-2020-03-09-18h02m30s939-1-300x170.png 300w, https:\/\/www.lmp-securite.com\/wp-content\/uploads\/2020\/03\/vlcsnap-2020-03-09-18h02m30s939-1-768x436.png 768w, https:\/\/www.lmp-securite.com\/wp-content\/uploads\/2020\/03\/vlcsnap-2020-03-09-18h02m30s939-1.png 1920w\" sizes=\"(max-width: 1024px) 100vw, 1024px\" \/><\/figure>\n\n\n\n<figure class=\"wp-block-image size-large\"><img loading=\"lazy\" decoding=\"async\" width=\"1024\" height=\"581\" data-id=\"793\"  src=\"https:\/\/www.lmp-securite.com\/wp-content\/uploads\/2020\/03\/vlcsnap-2020-03-10-09h13m58s201-1-1024x581.png\" alt=\"Fabricants de filets de s\u00e9curit\u00e9\" class=\"wp-image-793\" srcset=\"https:\/\/www.lmp-securite.com\/wp-content\/uploads\/2020\/03\/vlcsnap-2020-03-10-09h13m58s201-1-1024x581.png 1024w, https:\/\/www.lmp-securite.com\/wp-content\/uploads\/2020\/03\/vlcsnap-2020-03-10-09h13m58s201-1-300x170.png 300w, https:\/\/www.lmp-securite.com\/wp-content\/uploads\/2020\/03\/vlcsnap-2020-03-10-09h13m58s201-1-768x436.png 768w, https:\/\/www.lmp-securite.com\/wp-content\/uploads\/2020\/03\/vlcsnap-2020-03-10-09h13m58s201-1.png 1920w\" sizes=\"(max-width: 1024px) 100vw, 1024px\" \/><\/figure>\n\n\n\n<figure class=\"wp-block-image size-large\"><img loading=\"lazy\" decoding=\"async\" width=\"1024\" height=\"581\" data-id=\"794\"  src=\"https:\/\/www.lmp-securite.com\/wp-content\/uploads\/2020\/03\/vlcsnap-2020-03-10-09h14m20s664-1-1024x581.png\" alt=\"Fabricants de filets de s\u00e9curit\u00e9\" class=\"wp-image-794\" srcset=\"https:\/\/www.lmp-securite.com\/wp-content\/uploads\/2020\/03\/vlcsnap-2020-03-10-09h14m20s664-1-1024x581.png 1024w, https:\/\/www.lmp-securite.com\/wp-content\/uploads\/2020\/03\/vlcsnap-2020-03-10-09h14m20s664-1-300x170.png 300w, https:\/\/www.lmp-securite.com\/wp-content\/uploads\/2020\/03\/vlcsnap-2020-03-10-09h14m20s664-1-768x436.png 768w, https:\/\/www.lmp-securite.com\/wp-content\/uploads\/2020\/03\/vlcsnap-2020-03-10-09h14m20s664-1.png 1920w\" sizes=\"(max-width: 1024px) 100vw, 1024px\" \/><\/figure>\n<\/figure>\n\n\n\n<p><\/p>\n\n\n\n<p>Fabricants de filets de s\u00e9curit\u00e9 : LMP S\u00e9curit\u00e9 poss\u00e8de son propre atelier de fabrication de <a href=\"https:\/\/fr.wikipedia.org\/wiki\/Filet_de_s%C3%A9curit%C3%A9\">filets de s\u00e9curit\u00e9<\/a>. Cet atelier, interne, est situ\u00e9 \u00e0 Barbezieux Saint Hilaire en Charente, dans la r\u00e9gion Nouvelle-Aquitaine. <\/p>\n\n\n\n<p>Aussi nos filets sont tous conformes aux <a href=\"https:\/\/www.lmp-securite.com\/lmp-la-meilleure-protection-securite-travail-en-hauteur-filets-de-securite-thermobachage\/reglementation-travail-en-hauteur\/\">normes en vigueur<\/a> (EN 1263). <\/p>\n\n\n\n<p>Notre expertise et notre exp\u00e9rience nous permettent de vous proposer vos filets de s\u00e9curit\u00e9 sur mesure : <\/p>\n\n\n\n<p><a href=\"https:\/\/www.lmp-securite.com\/pose-de-filets-de-securite-sur-batiment-neuf\/\" target=\"_blank\" rel=\"noreferrer noopener\"><strong>Filets de s\u00e9curit\u00e9 pour les b\u00e2timents neufs<\/strong><\/a><\/p>\n\n\n\n<p><a href=\"https:\/\/www.lmp-securite.com\/pose-de-filets-de-securite-peripherique\/\"><strong>Filets de s\u00e9curit\u00e9 en sous<\/strong>\u2013<strong>face et p\u00e9riph\u00e9riques<\/strong><\/a><\/p>\n\n\n\n<p><a href=\"https:\/\/www.lmp-securite.com\/filets-securite-pour-desamiantage-ou-refection\/\"><strong>Filets double<\/strong>\u2013<strong>polyane pour les poussi\u00e8res<\/strong><\/a><\/p>\n\n\n\n<p><a href=\"https:\/\/www.lmp-securite.com\/filets-avec-pare-gravats-preservent-la-voie-publique-des-salissures-et-gravats-protegent-les-passants-et-previennent-la-chute-dobjets\/\"><strong>Filets pare<\/strong>\u2013<strong>gravats<\/strong><\/a><\/p>\n\n\n\n<p><a href=\"https:\/\/www.lmp-securite.com\/pose-de-filets-pare-ballons-stades-terrains-de-sport-salles-de-sport-respect-norme-en1263\/\"><strong>Filets pare<\/strong>\u2013<strong>ballons pour les \u00e9quipements sportifs<\/strong><\/a><\/p>\n\n\n\n<p><a href=\"https:\/\/www.lmp-securite.com\/pose-de-filets-anti-volatiles-aucun-residus-aucun-danger-des-animaux\/\"><strong>Filets pare<\/strong>\u2013<strong>oiseaux<\/strong><\/a><\/p>\n\n\n\n<p><a href=\"https:\/\/www.lmp-securite.com\/pose-de-filets-verticaux-ou-de-de-facade\/\"><strong>Filets verticaux ou de fa\u00e7ade<\/strong><\/a><\/p>\n\n\n\n<p><strong><a href=\"https:\/\/www.lmp-securite.com\/accueil-site-lmp-securite-filets-de-securite-thermobachage-fabrication-location-pose-ventes-securisation-du-travail-en-hauteur\/le-thermobachage-par-lmp-securite-permet-la-mise-hors-deau-hors-dair-hors-de-poussieres-grace-au-film-thermoretractable\/\">Films thermo-r\u00e9tractables pour le thermob\u00e2chage<\/a><\/strong><\/p>\n\n\n\n<p><strong><a href=\"https:\/\/www.lmp-securite.com\/contactez-nous\/\">Filets de benne pour \u00e9quiper vos camions<\/a><\/strong><\/p>\n\n\n\n<p><\/p>\n\n\n\n<p>Quel que soit le contexte, nous nous adaptons \u00e0 <strong>toutes les situations<\/strong> et avons des d\u00e9lais de fabrication courts qui permettent une <strong>r\u00e9activit\u00e9<\/strong> et une <strong>efficacit\u00e9 totale d\u2019intervention<\/strong>. <\/p>\n\n\n\n<p><mark style=\"background-color:rgba(0, 0, 0, 0)\" class=\"has-inline-color has-vivid-cyan-blue-color\"><strong>Fabricants de filets de s\u00e9curit\u00e9 :  notre c\u0153ur de m\u00e9tier. La protection optimale : notre devoir<\/strong>. <\/mark><\/p>\n\n\n\n<p>C&rsquo;est pourquoi des poses de filets les plus complexes aux acc\u00e8s les plus difficiles,&nbsp;<strong>LMP S\u00e9curit\u00e9<\/strong>&nbsp;met tout en \u0153uvre pour assurer la protection de vos b\u00e2timents et de vos hommes.<\/p>\n\n\n\n<p><strong>LMP S\u00e9curit\u00e9<\/strong>&nbsp;intervient pour les b\u00e2timents neufs sur les r\u00e9gions Nouvelle Aquitaine et Midi Pyr\u00e9n\u00e9es et pour les b\u00e2timents en r\u00e9fection sur toute la France.<\/p>\n\n\n\n<p>Par ailleurs la pose se fait dans le respect de la norme EN1263-2 et recommandation R446.<\/p>\n","protected":false},"excerpt":{"rendered":"<p>Fabricants de filets de s\u00e9curit\u00e9 : LMP S\u00e9curit\u00e9 poss\u00e8de son propre atelier de fabrication de filets de s\u00e9curit\u00e9. Cet atelier, interne, est situ\u00e9 \u00e0 Barbezieux Saint Hilaire en Charente, dans la r\u00e9gion Nouvelle-Aquitaine. Aussi nos filets sont tous conformes aux normes en vigueur (EN 1263). Notre expertise et notre exp\u00e9rience nous permettent de vous proposer [&hellip;]<\/p>\n","protected":false},"author":2,"featured_media":0,"parent":0,"menu_order":0,"comment_status":"closed","ping_status":"closed","template":"","meta":[],"yoast_head":"<!-- This site is optimized with the Yoast SEO plugin v20.4 - https:\/\/yoast.com\/wordpress\/plugins\/seo\/ -->\n<title>Fabricants de filets de s\u00e9curit\u00e9 - Lmp S\u00e9curit\u00e9<\/title>\n<meta name=\"description\" content=\"Fabricants de filets de s\u00e9curit\u00e9 : LMP poss\u00e8de son propre atelier de fabrication \u00e0 Barbezieux en Charente dans la Nouvelle Aquitaine.\" \/>\n<meta name=\"robots\" content=\"index, follow, max-snippet:-1, max-image-preview:large, max-video-preview:-1\" \/>\n<link rel=\"canonical\" href=\"https:\/\/www.lmp-securite.com\/fabricants-de-filets-de-securite-lmp-possede-son-propre-atelier-de-fabrication-a-barbezieux-en-charente-dans-la-nouvelle-aquitaine\/\" \/>\n<meta property=\"og:locale\" content=\"fr_FR\" \/>\n<meta property=\"og:type\" content=\"article\" \/>\n<meta property=\"og:title\" content=\"Fabricants de filets de s\u00e9curit\u00e9 - Lmp S\u00e9curit\u00e9\" \/>\n<meta property=\"og:description\" content=\"Fabricants de filets de s\u00e9curit\u00e9 : LMP poss\u00e8de son propre atelier de fabrication \u00e0 Barbezieux en Charente dans la Nouvelle Aquitaine.\" \/>\n<meta property=\"og:url\" content=\"https:\/\/www.lmp-securite.com\/fabricants-de-filets-de-securite-lmp-possede-son-propre-atelier-de-fabrication-a-barbezieux-en-charente-dans-la-nouvelle-aquitaine\/\" \/>\n<meta property=\"og:site_name\" content=\"Lmp S\u00e9curit\u00e9\" \/>\n<meta property=\"article:publisher\" content=\"https:\/\/www.facebook.com\/LMPsecurite\" \/>\n<meta property=\"article:modified_time\" content=\"2023-04-03T12:08:56+00:00\" \/>\n<meta property=\"og:image\" content=\"https:\/\/www.lmp-securite.com\/wp-content\/uploads\/2020\/03\/IMG_1588-2-768x1024.jpg\" \/>\n<meta name=\"twitter:card\" content=\"summary_large_image\" \/>\n<meta name=\"twitter:site\" content=\"@LmpSecurite\" \/>\n<meta name=\"twitter:label1\" content=\"Dur\u00e9e de lecture estim\u00e9e\" \/>\n\t<meta name=\"twitter:data1\" content=\"3 minutes\" \/>\n<script type=\"application\/ld+json\" class=\"yoast-schema-graph\">{\"@context\":\"https:\/\/schema.org\",\"@graph\":[{\"@type\":\"WebPage\",\"@id\":\"https:\/\/www.lmp-securite.com\/fabricants-de-filets-de-securite-lmp-possede-son-propre-atelier-de-fabrication-a-barbezieux-en-charente-dans-la-nouvelle-aquitaine\/\",\"url\":\"https:\/\/www.lmp-securite.com\/fabricants-de-filets-de-securite-lmp-possede-son-propre-atelier-de-fabrication-a-barbezieux-en-charente-dans-la-nouvelle-aquitaine\/\",\"name\":\"Fabricants de filets de s\u00e9curit\u00e9 - Lmp S\u00e9curit\u00e9\",\"isPartOf\":{\"@id\":\"https:\/\/www.lmp-securite.com\/#website\"},\"datePublished\":\"2020-02-27T13:48:50+00:00\",\"dateModified\":\"2023-04-03T12:08:56+00:00\",\"description\":\"Fabricants de filets de s\u00e9curit\u00e9 : LMP poss\u00e8de son propre atelier de fabrication \u00e0 Barbezieux en Charente dans la Nouvelle Aquitaine.\",\"breadcrumb\":{\"@id\":\"https:\/\/www.lmp-securite.com\/fabricants-de-filets-de-securite-lmp-possede-son-propre-atelier-de-fabrication-a-barbezieux-en-charente-dans-la-nouvelle-aquitaine\/#breadcrumb\"},\"inLanguage\":\"fr-FR\",\"potentialAction\":[{\"@type\":\"ReadAction\",\"target\":[\"https:\/\/www.lmp-securite.com\/fabricants-de-filets-de-securite-lmp-possede-son-propre-atelier-de-fabrication-a-barbezieux-en-charente-dans-la-nouvelle-aquitaine\/\"]}]},{\"@type\":\"BreadcrumbList\",\"@id\":\"https:\/\/www.lmp-securite.com\/fabricants-de-filets-de-securite-lmp-possede-son-propre-atelier-de-fabrication-a-barbezieux-en-charente-dans-la-nouvelle-aquitaine\/#breadcrumb\",\"itemListElement\":[{\"@type\":\"ListItem\",\"position\":1,\"name\":\"Accueil\",\"item\":\"https:\/\/www.lmp-securite.com\/\"},{\"@type\":\"ListItem\",\"position\":2,\"name\":\"Fabricants de filets de s\u00e9curit\u00e9\"}]},{\"@type\":\"WebSite\",\"@id\":\"https:\/\/www.lmp-securite.com\/#website\",\"url\":\"https:\/\/www.lmp-securite.com\/\",\"name\":\"Lmp S\u00e9curit\u00e9\",\"description\":\"Filets de s\u00e9curit\u00e9\",\"publisher\":{\"@id\":\"https:\/\/www.lmp-securite.com\/#organization\"},\"potentialAction\":[{\"@type\":\"SearchAction\",\"target\":{\"@type\":\"EntryPoint\",\"urlTemplate\":\"https:\/\/www.lmp-securite.com\/?s={search_term_string}\"},\"query-input\":\"required name=search_term_string\"}],\"inLanguage\":\"fr-FR\"},{\"@type\":\"Organization\",\"@id\":\"https:\/\/www.lmp-securite.com\/#organization\",\"name\":\"LMP S\u00e9curit\u00e9\",\"url\":\"https:\/\/www.lmp-securite.com\/\",\"logo\":{\"@type\":\"ImageObject\",\"inLanguage\":\"fr-FR\",\"@id\":\"https:\/\/www.lmp-securite.com\/#\/schema\/logo\/image\/\",\"url\":\"https:\/\/www.lmp-securite.com\/wp-content\/uploads\/2021\/04\/LMP-modernise-compresse-pour-internet.png\",\"contentUrl\":\"https:\/\/www.lmp-securite.com\/wp-content\/uploads\/2021\/04\/LMP-modernise-compresse-pour-internet.png\",\"width\":6000,\"height\":4000,\"caption\":\"LMP S\u00e9curit\u00e9\"},\"image\":{\"@id\":\"https:\/\/www.lmp-securite.com\/#\/schema\/logo\/image\/\"},\"sameAs\":[\"https:\/\/www.facebook.com\/LMPsecurite\",\"https:\/\/twitter.com\/LmpSecurite\",\"https:\/\/www.instagram.com\/lmpsecurite\/\",\"https:\/\/www.linkedin.com\/company\/lmp-s\u00e9curit\u00e9\",\"https:\/\/www.youtube.com\/channel\/UCWk6fDe4a1UJE60gIvAml_w\"]}]}<\/script>\n<!-- \/ Yoast SEO plugin. -->","yoast_head_json":{"title":"Fabricants de filets de s\u00e9curit\u00e9 - Lmp S\u00e9curit\u00e9","description":"Fabricants de filets de s\u00e9curit\u00e9 : LMP poss\u00e8de son propre atelier de fabrication \u00e0 Barbezieux en Charente dans la Nouvelle Aquitaine.","robots":{"index":"index","follow":"follow","max-snippet":"max-snippet:-1","max-image-preview":"max-image-preview:large","max-video-preview":"max-video-preview:-1"},"canonical":"https:\/\/www.lmp-securite.com\/fabricants-de-filets-de-securite-lmp-possede-son-propre-atelier-de-fabrication-a-barbezieux-en-charente-dans-la-nouvelle-aquitaine\/","og_locale":"fr_FR","og_type":"article","og_title":"Fabricants de filets de s\u00e9curit\u00e9 - Lmp S\u00e9curit\u00e9","og_description":"Fabricants de filets de s\u00e9curit\u00e9 : LMP poss\u00e8de son propre atelier de fabrication \u00e0 Barbezieux en Charente dans la Nouvelle Aquitaine.","og_url":"https:\/\/www.lmp-securite.com\/fabricants-de-filets-de-securite-lmp-possede-son-propre-atelier-de-fabrication-a-barbezieux-en-charente-dans-la-nouvelle-aquitaine\/","og_site_name":"Lmp S\u00e9curit\u00e9","article_publisher":"https:\/\/www.facebook.com\/LMPsecurite","article_modified_time":"2023-04-03T12:08:56+00:00","og_image":[{"url":"https:\/\/www.lmp-securite.com\/wp-content\/uploads\/2020\/03\/IMG_1588-2-768x1024.jpg"}],"twitter_card":"summary_large_image","twitter_site":"@LmpSecurite","twitter_misc":{"Dur\u00e9e de lecture estim\u00e9e":"3 minutes"},"schema":{"@context":"https:\/\/schema.org","@graph":[{"@type":"WebPage","@id":"https:\/\/www.lmp-securite.com\/fabricants-de-filets-de-securite-lmp-possede-son-propre-atelier-de-fabrication-a-barbezieux-en-charente-dans-la-nouvelle-aquitaine\/","url":"https:\/\/www.lmp-securite.com\/fabricants-de-filets-de-securite-lmp-possede-son-propre-atelier-de-fabrication-a-barbezieux-en-charente-dans-la-nouvelle-aquitaine\/","name":"Fabricants de filets de s\u00e9curit\u00e9 - Lmp S\u00e9curit\u00e9","isPartOf":{"@id":"https:\/\/www.lmp-securite.com\/#website"},"datePublished":"2020-02-27T13:48:50+00:00","dateModified":"2023-04-03T12:08:56+00:00","description":"Fabricants de filets de s\u00e9curit\u00e9 : LMP poss\u00e8de son propre atelier de fabrication \u00e0 Barbezieux en Charente dans la Nouvelle Aquitaine.","breadcrumb":{"@id":"https:\/\/www.lmp-securite.com\/fabricants-de-filets-de-securite-lmp-possede-son-propre-atelier-de-fabrication-a-barbezieux-en-charente-dans-la-nouvelle-aquitaine\/#breadcrumb"},"inLanguage":"fr-FR","potentialAction":[{"@type":"ReadAction","target":["https:\/\/www.lmp-securite.com\/fabricants-de-filets-de-securite-lmp-possede-son-propre-atelier-de-fabrication-a-barbezieux-en-charente-dans-la-nouvelle-aquitaine\/"]}]},{"@type":"BreadcrumbList","@id":"https:\/\/www.lmp-securite.com\/fabricants-de-filets-de-securite-lmp-possede-son-propre-atelier-de-fabrication-a-barbezieux-en-charente-dans-la-nouvelle-aquitaine\/#breadcrumb","itemListElement":[{"@type":"ListItem","position":1,"name":"Accueil","item":"https:\/\/www.lmp-securite.com\/"},{"@type":"ListItem","position":2,"name":"Fabricants de filets de s\u00e9curit\u00e9"}]},{"@type":"WebSite","@id":"https:\/\/www.lmp-securite.com\/#website","url":"https:\/\/www.lmp-securite.com\/","name":"Lmp S\u00e9curit\u00e9","description":"Filets de s\u00e9curit\u00e9","publisher":{"@id":"https:\/\/www.lmp-securite.com\/#organization"},"potentialAction":[{"@type":"SearchAction","target":{"@type":"EntryPoint","urlTemplate":"https:\/\/www.lmp-securite.com\/?s={search_term_string}"},"query-input":"required name=search_term_string"}],"inLanguage":"fr-FR"},{"@type":"Organization","@id":"https:\/\/www.lmp-securite.com\/#organization","name":"LMP S\u00e9curit\u00e9","url":"https:\/\/www.lmp-securite.com\/","logo":{"@type":"ImageObject","inLanguage":"fr-FR","@id":"https:\/\/www.lmp-securite.com\/#\/schema\/logo\/image\/","url":"https:\/\/www.lmp-securite.com\/wp-content\/uploads\/2021\/04\/LMP-modernise-compresse-pour-internet.png","contentUrl":"https:\/\/www.lmp-securite.com\/wp-content\/uploads\/2021\/04\/LMP-modernise-compresse-pour-internet.png","width":6000,"height":4000,"caption":"LMP S\u00e9curit\u00e9"},"image":{"@id":"https:\/\/www.lmp-securite.com\/#\/schema\/logo\/image\/"},"sameAs":["https:\/\/www.facebook.com\/LMPsecurite","https:\/\/twitter.com\/LmpSecurite","https:\/\/www.instagram.com\/lmpsecurite\/","https:\/\/www.linkedin.com\/company\/lmp-s\u00e9curit\u00e9","https:\/\/www.youtube.com\/channel\/UCWk6fDe4a1UJE60gIvAml_w"]}]}},"_links":{"self":[{"href":"https:\/\/www.lmp-securite.com\/index.php?rest_route=\/wp\/v2\/pages\/283"}],"collection":[{"href":"https:\/\/www.lmp-securite.com\/index.php?rest_route=\/wp\/v2\/pages"}],"about":[{"href":"https:\/\/www.lmp-securite.com\/index.php?rest_route=\/wp\/v2\/types\/page"}],"author":[{"embeddable":true,"href":"https:\/\/www.lmp-securite.com\/index.php?rest_route=\/wp\/v2\/users\/2"}],"replies":[{"embeddable":true,"href":"https:\/\/www.lmp-securite.com\/index.php?rest_route=%2Fwp%2Fv2%2Fcomments&post=283"}],"version-history":[{"count":3,"href":"https:\/\/www.lmp-securite.com\/index.php?rest_route=\/wp\/v2\/pages\/283\/revisions"}],"predecessor-version":[{"id":1943,"href":"https:\/\/www.lmp-securite.com\/index.php?rest_route=\/wp\/v2\/pages\/283\/revisions\/1943"}],"wp:attachment":[{"href":"https:\/\/www.lmp-securite.com\/index.php?rest_route=%2Fwp%2Fv2%2Fmedia&parent=283"}],"curies":[{"name":"wp","href":"https:\/\/api.w.org\/{rel}","templated":true}]}}