{"id":276,"date":"2020-02-27T14:05:06","date_gmt":"2020-02-27T13:05:06","guid":{"rendered":"http:\/\/www.lmp-securite.com\/?page_id=276"},"modified":"2023-04-03T10:47:09","modified_gmt":"2023-04-03T08:47:09","slug":"secteur-geographique-dintervention","status":"publish","type":"page","link":"https:\/\/www.lmp-securite.com\/?page_id=276","title":{"rendered":"Le secteur g\u00e9ographique d&rsquo;intervention"},"content":{"rendered":"\n<p><\/p>\n\n\n\n<p>Secteur g\u00e9ographique d&rsquo;intervention de <a href=\"https:\/\/www.lmp-securite.com\/\">LMP S\u00e9curit\u00e9<\/a> : Nous intervenons sur les <a href=\"https:\/\/fr.wikipedia.org\/wiki\/Nouvelle-Aquitaine\">r\u00e9gions Nouvelle Aquitaine<\/a> et <a href=\"https:\/\/fr.wikipedia.org\/wiki\/Midi-Pyr%C3%A9n%C3%A9es\">Midi Pyr\u00e9n\u00e9es<\/a> pour les b\u00e2timents neufs.<\/p>\n\n\n\n<p><\/p>\n\n\n\n<p>Nous intervenons sur toute la France pour les b\u00e2timents en r\u00e9fection.<\/p>\n\n\n\n<h2 class=\"wp-block-heading\"><strong>Nos comp\u00e9tences au services de vos besoins :<\/strong><\/h2>\n\n\n\n<p><\/p>\n\n\n\n<p>Ainsi, comme depuis plus de 35 ans, LMP S\u00e9curit\u00e9 assure la mise en s\u00e9curit\u00e9 compl\u00e8te des b\u00e2timents, neufs ou existants.<\/p>\n\n\n\n<p>C&rsquo;est pourquoi notre exp\u00e9rience nous permet de prendre en charge la <mark style=\"background-color:rgba(0, 0, 0, 0)\" class=\"has-inline-color has-vivid-cyan-blue-color\">s\u00e9curit\u00e9<\/mark>, <mark style=\"background-color:rgba(0, 0, 0, 0)\" class=\"has-inline-color has-vivid-cyan-blue-color\">l\u2019\u00e9tude de faisabilit\u00e9<\/mark> et <mark style=\"background-color:rgba(0, 0, 0, 0)\" class=\"has-inline-color has-vivid-cyan-blue-color\">l\u2019installation<\/mark> mais aussi <mark style=\"background-color:rgba(0, 0, 0, 0)\" class=\"has-inline-color has-vivid-cyan-blue-color\">l\u2019entretien<\/mark> et la <mark style=\"background-color:rgba(0, 0, 0, 0)\" class=\"has-inline-color has-vivid-cyan-blue-color\">maintenance<\/mark>.<\/p>\n\n\n\n<p>Quelle que soit la configuration ou le secteur g\u00e9ographique d&rsquo;intervention, LMP S\u00e9curit\u00e9 c&rsquo;est une : <\/p>\n\n\n\n<p><mark style=\"background-color:rgba(0, 0, 0, 0)\" class=\"has-inline-color has-vivid-cyan-blue-color\">R\u00e9activit\u00e9 de r\u00e9ponse<\/mark><\/p>\n\n\n\n<p><mark style=\"background-color:rgba(0, 0, 0, 0)\" class=\"has-inline-color has-vivid-cyan-blue-color\">Efficacit\u00e9 d\u2019intervention<\/mark><\/p>\n\n\n\n<p><mark style=\"background-color:rgba(0, 0, 0, 0)\" class=\"has-inline-color has-vivid-cyan-blue-color\">Adaptation aux situations complexes<\/mark><\/p>\n\n\n\n<p><mark style=\"background-color:rgba(0, 0, 0, 0)\" class=\"has-inline-color has-vivid-cyan-blue-color\">\u00c9quipe professionnelle<\/mark><\/p>\n\n\n\n<p><mark style=\"background-color:rgba(0, 0, 0, 0)\" class=\"has-inline-color has-vivid-cyan-blue-color\">Respect des budgets<\/mark><\/p>\n\n\n\n<p>Nous vous assurons un r\u00f4le d\u2019audit et de conseil dans votre d\u00e9marche de s\u00e9curisation de vos b\u00e2timents.<\/p>\n\n\n\n<p><\/p>\n\n\n\n<p>N&rsquo;oubliez pas : LMP S\u00e9curit\u00e9 est disponible 24H\/24 et 7j\/7 gr\u00e2ce \u00e0 son <a href=\"https:\/\/www.lmp-securite.com\/contactez-nous\/\" target=\"_blank\" rel=\"noreferrer noopener\">formulaire de contact<\/a> et de devis en ligne. Nous nous engageons \u00e0 r\u00e9pondre dans les plus brefs d\u00e9lais, quelle que soit votre demande.<\/p>\n","protected":false},"excerpt":{"rendered":"<p>Secteur g\u00e9ographique d&rsquo;intervention de LMP S\u00e9curit\u00e9 : Nous intervenons sur les r\u00e9gions Nouvelle Aquitaine et Midi Pyr\u00e9n\u00e9es pour les b\u00e2timents neufs. Nous intervenons sur toute la France pour les b\u00e2timents en r\u00e9fection. Nos comp\u00e9tences au services de vos besoins : Ainsi, comme depuis plus de 35 ans, LMP S\u00e9curit\u00e9 assure la mise en s\u00e9curit\u00e9 compl\u00e8te [&hellip;]<\/p>\n","protected":false},"author":2,"featured_media":1886,"parent":0,"menu_order":0,"comment_status":"closed","ping_status":"closed","template":"","meta":[],"yoast_head":"<!-- This site is optimized with the Yoast SEO plugin v20.4 - https:\/\/yoast.com\/wordpress\/plugins\/seo\/ -->\n<title>Secteur g\u00e9ographique d&#039;intervention de LMP S\u00e9curit\u00e9<\/title>\n<meta name=\"description\" content=\"Secteur g\u00e9ographique d&#039;intervention : r\u00e9gion Nouvelle Aquitaine et Midi Pyr\u00e9n\u00e9es (b\u00e2timents neufs) et France (b\u00e2timents en r\u00e9fection).\" \/>\n<meta name=\"robots\" content=\"index, follow, max-snippet:-1, max-image-preview:large, max-video-preview:-1\" \/>\n<link rel=\"canonical\" href=\"https:\/\/www.lmp-securite.com\/secteur-geographique-dintervention\/\" \/>\n<meta property=\"og:locale\" content=\"fr_FR\" \/>\n<meta property=\"og:type\" content=\"article\" \/>\n<meta property=\"og:title\" content=\"Secteur g\u00e9ographique d&#039;intervention de LMP S\u00e9curit\u00e9\" \/>\n<meta property=\"og:description\" content=\"Secteur g\u00e9ographique d&#039;intervention : r\u00e9gion Nouvelle Aquitaine et Midi Pyr\u00e9n\u00e9es (b\u00e2timents neufs) et France (b\u00e2timents en r\u00e9fection).\" \/>\n<meta property=\"og:url\" content=\"https:\/\/www.lmp-securite.com\/secteur-geographique-dintervention\/\" \/>\n<meta property=\"og:site_name\" content=\"Lmp S\u00e9curit\u00e9\" \/>\n<meta property=\"article:publisher\" content=\"https:\/\/www.facebook.com\/LMPsecurite\" \/>\n<meta property=\"article:modified_time\" content=\"2023-04-03T08:47:09+00:00\" \/>\n<meta property=\"og:image\" content=\"https:\/\/www.lmp-securite.com\/wp-content\/uploads\/2023\/04\/Secteur-geographique-dintervention.jpg\" \/>\n\t<meta property=\"og:image:width\" content=\"815\" \/>\n\t<meta property=\"og:image:height\" content=\"663\" \/>\n\t<meta property=\"og:image:type\" content=\"image\/jpeg\" \/>\n<meta name=\"twitter:card\" content=\"summary_large_image\" \/>\n<meta name=\"twitter:site\" content=\"@LmpSecurite\" \/>\n<meta name=\"twitter:label1\" content=\"Dur\u00e9e de lecture estim\u00e9e\" \/>\n\t<meta name=\"twitter:data1\" content=\"1 minute\" \/>\n<script type=\"application\/ld+json\" class=\"yoast-schema-graph\">{\"@context\":\"https:\/\/schema.org\",\"@graph\":[{\"@type\":\"WebPage\",\"@id\":\"https:\/\/www.lmp-securite.com\/secteur-geographique-dintervention\/\",\"url\":\"https:\/\/www.lmp-securite.com\/secteur-geographique-dintervention\/\",\"name\":\"Secteur g\u00e9ographique d'intervention de LMP S\u00e9curit\u00e9\",\"isPartOf\":{\"@id\":\"https:\/\/www.lmp-securite.com\/#website\"},\"datePublished\":\"2020-02-27T13:05:06+00:00\",\"dateModified\":\"2023-04-03T08:47:09+00:00\",\"description\":\"Secteur g\u00e9ographique d'intervention : r\u00e9gion Nouvelle Aquitaine et Midi Pyr\u00e9n\u00e9es (b\u00e2timents neufs) et France (b\u00e2timents en r\u00e9fection).\",\"breadcrumb\":{\"@id\":\"https:\/\/www.lmp-securite.com\/secteur-geographique-dintervention\/#breadcrumb\"},\"inLanguage\":\"fr-FR\",\"potentialAction\":[{\"@type\":\"ReadAction\",\"target\":[\"https:\/\/www.lmp-securite.com\/secteur-geographique-dintervention\/\"]}]},{\"@type\":\"BreadcrumbList\",\"@id\":\"https:\/\/www.lmp-securite.com\/secteur-geographique-dintervention\/#breadcrumb\",\"itemListElement\":[{\"@type\":\"ListItem\",\"position\":1,\"name\":\"Accueil\",\"item\":\"https:\/\/www.lmp-securite.com\/\"},{\"@type\":\"ListItem\",\"position\":2,\"name\":\"Le secteur g\u00e9ographique d&rsquo;intervention\"}]},{\"@type\":\"WebSite\",\"@id\":\"https:\/\/www.lmp-securite.com\/#website\",\"url\":\"https:\/\/www.lmp-securite.com\/\",\"name\":\"Lmp S\u00e9curit\u00e9\",\"description\":\"Filets de s\u00e9curit\u00e9\",\"publisher\":{\"@id\":\"https:\/\/www.lmp-securite.com\/#organization\"},\"potentialAction\":[{\"@type\":\"SearchAction\",\"target\":{\"@type\":\"EntryPoint\",\"urlTemplate\":\"https:\/\/www.lmp-securite.com\/?s={search_term_string}\"},\"query-input\":\"required name=search_term_string\"}],\"inLanguage\":\"fr-FR\"},{\"@type\":\"Organization\",\"@id\":\"https:\/\/www.lmp-securite.com\/#organization\",\"name\":\"LMP S\u00e9curit\u00e9\",\"url\":\"https:\/\/www.lmp-securite.com\/\",\"logo\":{\"@type\":\"ImageObject\",\"inLanguage\":\"fr-FR\",\"@id\":\"https:\/\/www.lmp-securite.com\/#\/schema\/logo\/image\/\",\"url\":\"https:\/\/www.lmp-securite.com\/wp-content\/uploads\/2021\/04\/LMP-modernise-compresse-pour-internet.png\",\"contentUrl\":\"https:\/\/www.lmp-securite.com\/wp-content\/uploads\/2021\/04\/LMP-modernise-compresse-pour-internet.png\",\"width\":6000,\"height\":4000,\"caption\":\"LMP S\u00e9curit\u00e9\"},\"image\":{\"@id\":\"https:\/\/www.lmp-securite.com\/#\/schema\/logo\/image\/\"},\"sameAs\":[\"https:\/\/www.facebook.com\/LMPsecurite\",\"https:\/\/twitter.com\/LmpSecurite\",\"https:\/\/www.instagram.com\/lmpsecurite\/\",\"https:\/\/www.linkedin.com\/company\/lmp-s\u00e9curit\u00e9\",\"https:\/\/www.youtube.com\/channel\/UCWk6fDe4a1UJE60gIvAml_w\"]}]}<\/script>\n<!-- \/ Yoast SEO plugin. -->","yoast_head_json":{"title":"Secteur g\u00e9ographique d'intervention de LMP S\u00e9curit\u00e9","description":"Secteur g\u00e9ographique d'intervention : r\u00e9gion Nouvelle Aquitaine et Midi Pyr\u00e9n\u00e9es (b\u00e2timents neufs) et France (b\u00e2timents en r\u00e9fection).","robots":{"index":"index","follow":"follow","max-snippet":"max-snippet:-1","max-image-preview":"max-image-preview:large","max-video-preview":"max-video-preview:-1"},"canonical":"https:\/\/www.lmp-securite.com\/secteur-geographique-dintervention\/","og_locale":"fr_FR","og_type":"article","og_title":"Secteur g\u00e9ographique d'intervention de LMP S\u00e9curit\u00e9","og_description":"Secteur g\u00e9ographique d'intervention : r\u00e9gion Nouvelle Aquitaine et Midi Pyr\u00e9n\u00e9es (b\u00e2timents neufs) et France (b\u00e2timents en r\u00e9fection).","og_url":"https:\/\/www.lmp-securite.com\/secteur-geographique-dintervention\/","og_site_name":"Lmp S\u00e9curit\u00e9","article_publisher":"https:\/\/www.facebook.com\/LMPsecurite","article_modified_time":"2023-04-03T08:47:09+00:00","og_image":[{"width":815,"height":663,"url":"https:\/\/www.lmp-securite.com\/wp-content\/uploads\/2023\/04\/Secteur-geographique-dintervention.jpg","type":"image\/jpeg"}],"twitter_card":"summary_large_image","twitter_site":"@LmpSecurite","twitter_misc":{"Dur\u00e9e de lecture estim\u00e9e":"1 minute"},"schema":{"@context":"https:\/\/schema.org","@graph":[{"@type":"WebPage","@id":"https:\/\/www.lmp-securite.com\/secteur-geographique-dintervention\/","url":"https:\/\/www.lmp-securite.com\/secteur-geographique-dintervention\/","name":"Secteur g\u00e9ographique d'intervention de LMP S\u00e9curit\u00e9","isPartOf":{"@id":"https:\/\/www.lmp-securite.com\/#website"},"datePublished":"2020-02-27T13:05:06+00:00","dateModified":"2023-04-03T08:47:09+00:00","description":"Secteur g\u00e9ographique d'intervention : r\u00e9gion Nouvelle Aquitaine et Midi Pyr\u00e9n\u00e9es (b\u00e2timents neufs) et France (b\u00e2timents en r\u00e9fection).","breadcrumb":{"@id":"https:\/\/www.lmp-securite.com\/secteur-geographique-dintervention\/#breadcrumb"},"inLanguage":"fr-FR","potentialAction":[{"@type":"ReadAction","target":["https:\/\/www.lmp-securite.com\/secteur-geographique-dintervention\/"]}]},{"@type":"BreadcrumbList","@id":"https:\/\/www.lmp-securite.com\/secteur-geographique-dintervention\/#breadcrumb","itemListElement":[{"@type":"ListItem","position":1,"name":"Accueil","item":"https:\/\/www.lmp-securite.com\/"},{"@type":"ListItem","position":2,"name":"Le secteur g\u00e9ographique d&rsquo;intervention"}]},{"@type":"WebSite","@id":"https:\/\/www.lmp-securite.com\/#website","url":"https:\/\/www.lmp-securite.com\/","name":"Lmp S\u00e9curit\u00e9","description":"Filets de s\u00e9curit\u00e9","publisher":{"@id":"https:\/\/www.lmp-securite.com\/#organization"},"potentialAction":[{"@type":"SearchAction","target":{"@type":"EntryPoint","urlTemplate":"https:\/\/www.lmp-securite.com\/?s={search_term_string}"},"query-input":"required name=search_term_string"}],"inLanguage":"fr-FR"},{"@type":"Organization","@id":"https:\/\/www.lmp-securite.com\/#organization","name":"LMP S\u00e9curit\u00e9","url":"https:\/\/www.lmp-securite.com\/","logo":{"@type":"ImageObject","inLanguage":"fr-FR","@id":"https:\/\/www.lmp-securite.com\/#\/schema\/logo\/image\/","url":"https:\/\/www.lmp-securite.com\/wp-content\/uploads\/2021\/04\/LMP-modernise-compresse-pour-internet.png","contentUrl":"https:\/\/www.lmp-securite.com\/wp-content\/uploads\/2021\/04\/LMP-modernise-compresse-pour-internet.png","width":6000,"height":4000,"caption":"LMP S\u00e9curit\u00e9"},"image":{"@id":"https:\/\/www.lmp-securite.com\/#\/schema\/logo\/image\/"},"sameAs":["https:\/\/www.facebook.com\/LMPsecurite","https:\/\/twitter.com\/LmpSecurite","https:\/\/www.instagram.com\/lmpsecurite\/","https:\/\/www.linkedin.com\/company\/lmp-s\u00e9curit\u00e9","https:\/\/www.youtube.com\/channel\/UCWk6fDe4a1UJE60gIvAml_w"]}]}},"_links":{"self":[{"href":"https:\/\/www.lmp-securite.com\/index.php?rest_route=\/wp\/v2\/pages\/276"}],"collection":[{"href":"https:\/\/www.lmp-securite.com\/index.php?rest_route=\/wp\/v2\/pages"}],"about":[{"href":"https:\/\/www.lmp-securite.com\/index.php?rest_route=\/wp\/v2\/types\/page"}],"author":[{"embeddable":true,"href":"https:\/\/www.lmp-securite.com\/index.php?rest_route=\/wp\/v2\/users\/2"}],"replies":[{"embeddable":true,"href":"https:\/\/www.lmp-securite.com\/index.php?rest_route=%2Fwp%2Fv2%2Fcomments&post=276"}],"version-history":[{"count":4,"href":"https:\/\/www.lmp-securite.com\/index.php?rest_route=\/wp\/v2\/pages\/276\/revisions"}],"predecessor-version":[{"id":1893,"href":"https:\/\/www.lmp-securite.com\/index.php?rest_route=\/wp\/v2\/pages\/276\/revisions\/1893"}],"wp:featuredmedia":[{"embeddable":true,"href":"https:\/\/www.lmp-securite.com\/index.php?rest_route=\/wp\/v2\/media\/1886"}],"wp:attachment":[{"href":"https:\/\/www.lmp-securite.com\/index.php?rest_route=%2Fwp%2Fv2%2Fmedia&parent=276"}],"curies":[{"name":"wp","href":"https:\/\/api.w.org\/{rel}","templated":true}]}}