{"id":272,"date":"2020-02-27T11:48:13","date_gmt":"2020-02-27T10:48:13","guid":{"rendered":"http:\/\/www.lmp-securite.com\/?page_id=272"},"modified":"2023-03-31T11:31:01","modified_gmt":"2023-03-31T09:31:01","slug":"nos-habilitations-lmp-securite","status":"publish","type":"page","link":"https:\/\/www.lmp-securite.com\/?page_id=272","title":{"rendered":"Nos habilitations"},"content":{"rendered":"\n<p><\/p>\n\n\n\n<p>Nos habilitations LMP S\u00e9curit\u00e9 : des poseurs <strong>agr\u00e9\u00e9s<\/strong> et <strong>certifi\u00e9s<\/strong>. LMP S\u00e9curit\u00e9 est le sp\u00e9cialiste de la s\u00e9curit\u00e9 du travail en hauteur et du thermob\u00e2chage.<\/p>\n\n\n\n<p><\/p>\n\n\n\n<p><\/p>\n\n\n\n<p>En cons\u00e9quence et en qualit\u00e9 de poseurs agr\u00e9\u00e9s, les agents de notre entreprise doivent poss\u00e9der des <strong>qualifications sp\u00e9cifiques<\/strong>. Celles-ci sont r\u00e9guli\u00e8rement mises \u00e0 jour par le biais de formations. <\/p>\n\n\n\n<p>C&rsquo;est pourquoi <a href=\"https:\/\/www.lmp-securite.com\/la-societe-lmp-securite-travail-en-hauteur-filets-de-securite-thermobachage\/notre-equipe-lmp-securite-rigoureuse-experimentee-dynamique-equipe-lmp-securite-est-experte-dans-la-securite-pour-le-travail-en-hauteur\/\">l&rsquo;\u00e9quipe de LMP S\u00e9curit\u00e9<\/a> est en formation permanente et de fait poss\u00e8de les qualifications suivantes :<\/p>\n\n\n\n<h5 class=\"wp-block-heading\"><em><strong>Certificat d\u2019aptitude \u00e0 la conduite en s\u00e9curit\u00e9 (<\/strong><\/em> <em><strong><a href=\"https:\/\/fr.wikipedia.org\/wiki\/Certificat_d%27aptitude_%C3%A0_la_conduite_en_s%C3%A9curit%C3%A9\">CACES NACELLE 3B<\/a> ) <\/strong><\/em><\/h5>\n\n\n\n<h5 class=\"wp-block-heading\"><strong><em>Pose de filets<\/em><\/strong><\/h5>\n\n\n\n<h5 class=\"wp-block-heading\"><em><strong>Travaux sur cordes CQP1, CQP2 et IRATA<\/strong><\/em> <\/h5>\n\n\n\n<h5 class=\"wp-block-heading\"><em><strong>Formation Sous-Section 4 D\u00e9samiantage<\/strong><\/em><\/h5>\n\n\n\n<h5 class=\"wp-block-heading\"><em><strong>Travaux en hauteur<\/strong><\/em><\/h5>\n\n\n\n<h5 class=\"wp-block-heading\"><strong><em>Montage \u00e9chaffaudage<\/em><\/strong><\/h5>\n\n\n\n<p><\/p>\n\n\n\n<p><strong>Nos habilitations LMP S\u00e9curit\u00e9<\/strong> : nos intervenants poss\u00e8dent tous l&rsquo;habilitation <strong>AMIANTE SOUS SECTION 4<\/strong>. En effet selon le d\u00e9cret du 04 mai 2012 les personnels r\u00e9alisant des interventions susceptibles de provoquer l&rsquo;\u00e9mission de fibres d&rsquo;amiante doivent \u00eatre form\u00e9s aux techniques et aux conditions de s\u00e9curit\u00e9 sp\u00e9cifiques \u00e0 l&rsquo;amiante.  <\/p>\n\n\n\n<figure class=\"wp-block-image\"><a href=\"https:\/\/fr.wikipedia.org\/wiki\/Amiante#:~:text=Cependant%20ce%20mat%C3%A9riau%20est%20toxique,larynx%20et%20des%20voies%20digestives.\"><img decoding=\"async\" width=\"175\" height=\"125\" src=\"http:\/\/www.lmp-securite.com\/wp-content\/uploads\/2020\/03\/logo-amiante-49_bis.png\" alt=\"\" class=\"wp-image-798\"\/><\/a><\/figure>\n\n\n\n<p><\/p>\n\n\n\n<p>Comme les b\u00e2timents sur lesquels nous intervenons sont des surfaces commerciales ou artisanales, des industries, des b\u00e2timents agricoles etc. LMP S\u00e9curit\u00e9 se doit d&rsquo;\u00eatre <strong>toujours \u00e0 la pointe des techniques de pose<\/strong>.<\/p>\n\n\n\n<p>Ainsi qu\u2019il s\u2019agisse du travail en hauteur ou sur corde, de la conduite de nacelles \u00e9l\u00e9vatrices, du sauvetage et du secourisme au travail ainsi que de l\u2019habilitation amiante sous section 4, <strong>LMP S\u00e9curit\u00e9 poss\u00e8de LES comp\u00e9tences parfaitement adapt\u00e9es<\/strong>.<\/p>\n\n\n\n<p>C&rsquo;est pourquoi nous avons en permanence 5 \u00e9quipes \u00e0 votre service pour poser nos filets sur vos b\u00e2timents.<\/p>\n","protected":false},"excerpt":{"rendered":"<p>Nos habilitations LMP S\u00e9curit\u00e9 : des poseurs agr\u00e9\u00e9s et certifi\u00e9s. LMP S\u00e9curit\u00e9 est le sp\u00e9cialiste de la s\u00e9curit\u00e9 du travail en hauteur et du thermob\u00e2chage. En cons\u00e9quence et en qualit\u00e9 de poseurs agr\u00e9\u00e9s, les agents de notre entreprise doivent poss\u00e9der des qualifications sp\u00e9cifiques. Celles-ci sont r\u00e9guli\u00e8rement mises \u00e0 jour par le biais de formations. C&rsquo;est [&hellip;]<\/p>\n","protected":false},"author":2,"featured_media":1813,"parent":0,"menu_order":0,"comment_status":"closed","ping_status":"closed","template":"","meta":[],"yoast_head":"<!-- This site is optimized with the Yoast SEO plugin v20.4 - https:\/\/yoast.com\/wordpress\/plugins\/seo\/ -->\n<title>Nos habilitations - Lmp S\u00e9curit\u00e9<\/title>\n<meta name=\"description\" content=\"Nos habilitations LMP S\u00e9curit\u00e9 : des poseurs agr\u00e9\u00e9s et certifi\u00e9s. Le sp\u00e9cialiste de la s\u00e9curit\u00e9 pour le travail en hauteur et thermob\u00e2chage.\" \/>\n<meta name=\"robots\" content=\"index, follow, max-snippet:-1, max-image-preview:large, max-video-preview:-1\" \/>\n<link rel=\"canonical\" href=\"https:\/\/www.lmp-securite.com\/nos-habilitations-lmp-securite\/\" \/>\n<meta property=\"og:locale\" content=\"fr_FR\" \/>\n<meta property=\"og:type\" content=\"article\" \/>\n<meta property=\"og:title\" content=\"Nos habilitations - Lmp S\u00e9curit\u00e9\" \/>\n<meta property=\"og:description\" content=\"Nos habilitations LMP S\u00e9curit\u00e9 : des poseurs agr\u00e9\u00e9s et certifi\u00e9s. Le sp\u00e9cialiste de la s\u00e9curit\u00e9 pour le travail en hauteur et thermob\u00e2chage.\" \/>\n<meta property=\"og:url\" content=\"https:\/\/www.lmp-securite.com\/nos-habilitations-lmp-securite\/\" \/>\n<meta property=\"og:site_name\" content=\"Lmp S\u00e9curit\u00e9\" \/>\n<meta property=\"article:publisher\" content=\"https:\/\/www.facebook.com\/LMPsecurite\" \/>\n<meta property=\"article:modified_time\" content=\"2023-03-31T09:31:01+00:00\" \/>\n<meta property=\"og:image\" content=\"https:\/\/www.lmp-securite.com\/wp-content\/uploads\/2023\/03\/AdobeStock_452864916-min.jpeg\" \/>\n\t<meta property=\"og:image:width\" content=\"1920\" \/>\n\t<meta property=\"og:image:height\" content=\"1373\" \/>\n\t<meta property=\"og:image:type\" content=\"image\/jpeg\" \/>\n<meta name=\"twitter:card\" content=\"summary_large_image\" \/>\n<meta name=\"twitter:site\" content=\"@LmpSecurite\" \/>\n<meta name=\"twitter:label1\" content=\"Dur\u00e9e de lecture estim\u00e9e\" \/>\n\t<meta name=\"twitter:data1\" content=\"2 minutes\" \/>\n<script type=\"application\/ld+json\" class=\"yoast-schema-graph\">{\"@context\":\"https:\/\/schema.org\",\"@graph\":[{\"@type\":\"WebPage\",\"@id\":\"https:\/\/www.lmp-securite.com\/nos-habilitations-lmp-securite\/\",\"url\":\"https:\/\/www.lmp-securite.com\/nos-habilitations-lmp-securite\/\",\"name\":\"Nos habilitations - Lmp S\u00e9curit\u00e9\",\"isPartOf\":{\"@id\":\"https:\/\/www.lmp-securite.com\/#website\"},\"datePublished\":\"2020-02-27T10:48:13+00:00\",\"dateModified\":\"2023-03-31T09:31:01+00:00\",\"description\":\"Nos habilitations LMP S\u00e9curit\u00e9 : des poseurs agr\u00e9\u00e9s et certifi\u00e9s. Le sp\u00e9cialiste de la s\u00e9curit\u00e9 pour le travail en hauteur et thermob\u00e2chage.\",\"breadcrumb\":{\"@id\":\"https:\/\/www.lmp-securite.com\/nos-habilitations-lmp-securite\/#breadcrumb\"},\"inLanguage\":\"fr-FR\",\"potentialAction\":[{\"@type\":\"ReadAction\",\"target\":[\"https:\/\/www.lmp-securite.com\/nos-habilitations-lmp-securite\/\"]}]},{\"@type\":\"BreadcrumbList\",\"@id\":\"https:\/\/www.lmp-securite.com\/nos-habilitations-lmp-securite\/#breadcrumb\",\"itemListElement\":[{\"@type\":\"ListItem\",\"position\":1,\"name\":\"Accueil\",\"item\":\"https:\/\/www.lmp-securite.com\/\"},{\"@type\":\"ListItem\",\"position\":2,\"name\":\"Nos habilitations\"}]},{\"@type\":\"WebSite\",\"@id\":\"https:\/\/www.lmp-securite.com\/#website\",\"url\":\"https:\/\/www.lmp-securite.com\/\",\"name\":\"Lmp S\u00e9curit\u00e9\",\"description\":\"Filets de s\u00e9curit\u00e9\",\"publisher\":{\"@id\":\"https:\/\/www.lmp-securite.com\/#organization\"},\"potentialAction\":[{\"@type\":\"SearchAction\",\"target\":{\"@type\":\"EntryPoint\",\"urlTemplate\":\"https:\/\/www.lmp-securite.com\/?s={search_term_string}\"},\"query-input\":\"required name=search_term_string\"}],\"inLanguage\":\"fr-FR\"},{\"@type\":\"Organization\",\"@id\":\"https:\/\/www.lmp-securite.com\/#organization\",\"name\":\"LMP S\u00e9curit\u00e9\",\"url\":\"https:\/\/www.lmp-securite.com\/\",\"logo\":{\"@type\":\"ImageObject\",\"inLanguage\":\"fr-FR\",\"@id\":\"https:\/\/www.lmp-securite.com\/#\/schema\/logo\/image\/\",\"url\":\"https:\/\/www.lmp-securite.com\/wp-content\/uploads\/2021\/04\/LMP-modernise-compresse-pour-internet.png\",\"contentUrl\":\"https:\/\/www.lmp-securite.com\/wp-content\/uploads\/2021\/04\/LMP-modernise-compresse-pour-internet.png\",\"width\":6000,\"height\":4000,\"caption\":\"LMP S\u00e9curit\u00e9\"},\"image\":{\"@id\":\"https:\/\/www.lmp-securite.com\/#\/schema\/logo\/image\/\"},\"sameAs\":[\"https:\/\/www.facebook.com\/LMPsecurite\",\"https:\/\/twitter.com\/LmpSecurite\",\"https:\/\/www.instagram.com\/lmpsecurite\/\",\"https:\/\/www.linkedin.com\/company\/lmp-s\u00e9curit\u00e9\",\"https:\/\/www.youtube.com\/channel\/UCWk6fDe4a1UJE60gIvAml_w\"]}]}<\/script>\n<!-- \/ Yoast SEO plugin. -->","yoast_head_json":{"title":"Nos habilitations - Lmp S\u00e9curit\u00e9","description":"Nos habilitations LMP S\u00e9curit\u00e9 : des poseurs agr\u00e9\u00e9s et certifi\u00e9s. Le sp\u00e9cialiste de la s\u00e9curit\u00e9 pour le travail en hauteur et thermob\u00e2chage.","robots":{"index":"index","follow":"follow","max-snippet":"max-snippet:-1","max-image-preview":"max-image-preview:large","max-video-preview":"max-video-preview:-1"},"canonical":"https:\/\/www.lmp-securite.com\/nos-habilitations-lmp-securite\/","og_locale":"fr_FR","og_type":"article","og_title":"Nos habilitations - Lmp S\u00e9curit\u00e9","og_description":"Nos habilitations LMP S\u00e9curit\u00e9 : des poseurs agr\u00e9\u00e9s et certifi\u00e9s. Le sp\u00e9cialiste de la s\u00e9curit\u00e9 pour le travail en hauteur et thermob\u00e2chage.","og_url":"https:\/\/www.lmp-securite.com\/nos-habilitations-lmp-securite\/","og_site_name":"Lmp S\u00e9curit\u00e9","article_publisher":"https:\/\/www.facebook.com\/LMPsecurite","article_modified_time":"2023-03-31T09:31:01+00:00","og_image":[{"width":1920,"height":1373,"url":"https:\/\/www.lmp-securite.com\/wp-content\/uploads\/2023\/03\/AdobeStock_452864916-min.jpeg","type":"image\/jpeg"}],"twitter_card":"summary_large_image","twitter_site":"@LmpSecurite","twitter_misc":{"Dur\u00e9e de lecture estim\u00e9e":"2 minutes"},"schema":{"@context":"https:\/\/schema.org","@graph":[{"@type":"WebPage","@id":"https:\/\/www.lmp-securite.com\/nos-habilitations-lmp-securite\/","url":"https:\/\/www.lmp-securite.com\/nos-habilitations-lmp-securite\/","name":"Nos habilitations - Lmp S\u00e9curit\u00e9","isPartOf":{"@id":"https:\/\/www.lmp-securite.com\/#website"},"datePublished":"2020-02-27T10:48:13+00:00","dateModified":"2023-03-31T09:31:01+00:00","description":"Nos habilitations LMP S\u00e9curit\u00e9 : des poseurs agr\u00e9\u00e9s et certifi\u00e9s. Le sp\u00e9cialiste de la s\u00e9curit\u00e9 pour le travail en hauteur et thermob\u00e2chage.","breadcrumb":{"@id":"https:\/\/www.lmp-securite.com\/nos-habilitations-lmp-securite\/#breadcrumb"},"inLanguage":"fr-FR","potentialAction":[{"@type":"ReadAction","target":["https:\/\/www.lmp-securite.com\/nos-habilitations-lmp-securite\/"]}]},{"@type":"BreadcrumbList","@id":"https:\/\/www.lmp-securite.com\/nos-habilitations-lmp-securite\/#breadcrumb","itemListElement":[{"@type":"ListItem","position":1,"name":"Accueil","item":"https:\/\/www.lmp-securite.com\/"},{"@type":"ListItem","position":2,"name":"Nos habilitations"}]},{"@type":"WebSite","@id":"https:\/\/www.lmp-securite.com\/#website","url":"https:\/\/www.lmp-securite.com\/","name":"Lmp S\u00e9curit\u00e9","description":"Filets de s\u00e9curit\u00e9","publisher":{"@id":"https:\/\/www.lmp-securite.com\/#organization"},"potentialAction":[{"@type":"SearchAction","target":{"@type":"EntryPoint","urlTemplate":"https:\/\/www.lmp-securite.com\/?s={search_term_string}"},"query-input":"required name=search_term_string"}],"inLanguage":"fr-FR"},{"@type":"Organization","@id":"https:\/\/www.lmp-securite.com\/#organization","name":"LMP S\u00e9curit\u00e9","url":"https:\/\/www.lmp-securite.com\/","logo":{"@type":"ImageObject","inLanguage":"fr-FR","@id":"https:\/\/www.lmp-securite.com\/#\/schema\/logo\/image\/","url":"https:\/\/www.lmp-securite.com\/wp-content\/uploads\/2021\/04\/LMP-modernise-compresse-pour-internet.png","contentUrl":"https:\/\/www.lmp-securite.com\/wp-content\/uploads\/2021\/04\/LMP-modernise-compresse-pour-internet.png","width":6000,"height":4000,"caption":"LMP S\u00e9curit\u00e9"},"image":{"@id":"https:\/\/www.lmp-securite.com\/#\/schema\/logo\/image\/"},"sameAs":["https:\/\/www.facebook.com\/LMPsecurite","https:\/\/twitter.com\/LmpSecurite","https:\/\/www.instagram.com\/lmpsecurite\/","https:\/\/www.linkedin.com\/company\/lmp-s\u00e9curit\u00e9","https:\/\/www.youtube.com\/channel\/UCWk6fDe4a1UJE60gIvAml_w"]}]}},"_links":{"self":[{"href":"https:\/\/www.lmp-securite.com\/index.php?rest_route=\/wp\/v2\/pages\/272"}],"collection":[{"href":"https:\/\/www.lmp-securite.com\/index.php?rest_route=\/wp\/v2\/pages"}],"about":[{"href":"https:\/\/www.lmp-securite.com\/index.php?rest_route=\/wp\/v2\/types\/page"}],"author":[{"embeddable":true,"href":"https:\/\/www.lmp-securite.com\/index.php?rest_route=\/wp\/v2\/users\/2"}],"replies":[{"embeddable":true,"href":"https:\/\/www.lmp-securite.com\/index.php?rest_route=%2Fwp%2Fv2%2Fcomments&post=272"}],"version-history":[{"count":2,"href":"https:\/\/www.lmp-securite.com\/index.php?rest_route=\/wp\/v2\/pages\/272\/revisions"}],"predecessor-version":[{"id":1737,"href":"https:\/\/www.lmp-securite.com\/index.php?rest_route=\/wp\/v2\/pages\/272\/revisions\/1737"}],"wp:featuredmedia":[{"embeddable":true,"href":"https:\/\/www.lmp-securite.com\/index.php?rest_route=\/wp\/v2\/media\/1813"}],"wp:attachment":[{"href":"https:\/\/www.lmp-securite.com\/index.php?rest_route=%2Fwp%2Fv2%2Fmedia&parent=272"}],"curies":[{"name":"wp","href":"https:\/\/api.w.org\/{rel}","templated":true}]}}