{"id":23,"date":"2019-04-22T13:23:45","date_gmt":"2019-04-22T11:23:45","guid":{"rendered":"http:\/\/www.lmp-securite.com\/?page_id=23"},"modified":"2021-05-25T11:30:53","modified_gmt":"2021-05-25T09:30:53","slug":"reglementation-travail-en-hauteur","status":"publish","type":"page","link":"https:\/\/www.lmp-securite.com\/?page_id=23","title":{"rendered":"La r\u00e9glementation sur le travail en hauteur"},"content":{"rendered":"\n<p>R\u00e9glementation travail en hauteur : <a href=\"https:\/\/www.lmp-securite.com\/contactez-nous\/\">LMP S\u00e9curit\u00e9<\/a>, <strong>experte de la s\u00e9curit\u00e9 pour le travail en hauteur<\/strong>, r\u00e9pond donc aux exigences impos\u00e9es par la <a href=\"https:\/\/www.inrs.fr\/risques\/chutes-hauteur\/reglementation-travail-hauteur.html\">r\u00e9glementation<\/a>.<\/p>\n\n\n\n<p>Le travail en hauteur pr\u00e9sente des risques majeurs de chute de hauteur. Les cons\u00e9quences peuvent, bien malheureusement, \u00eatre dramatiques. Les filets de s\u00e9curit\u00e9 repr\u00e9sentent un moyen de protection collective. Ceci dans le cadre de travaux temporaires et lorsque des solutions techniques d&rsquo;arr\u00eat de chutes ou de gardes corps ne peuvent \u00eatre mises en place.<\/p>\n\n\n\n<p>Nos filets de s\u00e9curit\u00e9 sont conformes \u00e0 la norme EN 1263 relative aux exigences de s\u00e9curit\u00e9 pour les filets de s\u00e9curit\u00e9 utilis\u00e9s dans le b\u00e2timent et les travaux publics.<\/p>\n\n\n\n<p>Cette norme est compos\u00e9e de deux parties :<\/p>\n\n\n\n<p>EN 1263-1, Filets de s\u00e9curit\u00e9 \u2014 Partie 1 : Exigences de s\u00e9curit\u00e9, m\u00e9thodes d\u2019essai.<br>Sp\u00e9cifie les exigences de s\u00e9curit\u00e9 ainsi que les m\u00e9thodes d&rsquo;essai. Fond\u00e9e sur les caract\u00e9ristiques de performance de fibres de polyprop\u00e8ne et de polyamide.<\/p>\n\n\n\n<p>EN 1263-2, Filets de s\u00e9curit\u00e9 \u2014 Partie 2 : Exigences de s\u00e9curit\u00e9 pour le montage de filets de s\u00e9curit\u00e9.<br>Cette norme d\u00e9taille les exigences de s\u00e9curit\u00e9 relatives au montage des filets de s\u00e9curit\u00e9. Cela conform\u00e9ment aux instructions du fabricant et aux sp\u00e9cifications du produit; de m\u00eame qu&rsquo;\u00e0 la r\u00e9alisation des essais sur les filets de s\u00e9curit\u00e9.<\/p>\n\n\n\n<p>Nos filets sont pos\u00e9s suivant la recommandation R446 du 14 mai 2009.<br>Cette recommandation pr\u00e9cise les modalit\u00e9s de s\u00e9curit\u00e9 et de protection de la sant\u00e9 lors du montage, de l&rsquo;utilisation et du d\u00e9montage des filets de s\u00e9curit\u00e9 en grandes nappes. Elle vise \u00e0 r\u00e9aliser la protection des travailleurs contre les cons\u00e9quences des chutes de hauteur (travaux sur charpente).<\/p>\n","protected":false},"excerpt":{"rendered":"<p>R\u00e9glementation travail en hauteur : LMP S\u00e9curit\u00e9, experte de la s\u00e9curit\u00e9 pour le travail en hauteur, r\u00e9pond donc aux exigences impos\u00e9es par la r\u00e9glementation. Le travail en hauteur pr\u00e9sente des risques majeurs de chute de hauteur. Les cons\u00e9quences peuvent, bien malheureusement, \u00eatre dramatiques. Les filets de s\u00e9curit\u00e9 repr\u00e9sentent un moyen de protection collective. Ceci dans [&hellip;]<\/p>\n","protected":false},"author":1,"featured_media":746,"parent":32,"menu_order":0,"comment_status":"closed","ping_status":"open","template":"page-la-reglementation.php","meta":[],"yoast_head":"<!-- This site is optimized with the Yoast SEO plugin v20.4 - https:\/\/yoast.com\/wordpress\/plugins\/seo\/ -->\n<title>La r\u00e9glementation sur le travail en hauteur - Lmp S\u00e9curit\u00e9<\/title>\n<meta name=\"description\" content=\"R\u00e9glementation travail en hauteur : Comment r\u00e9pondre aux exigences de la recommandation R446 ainsi que des normes EN1263-1 et EN1263-2.\" \/>\n<meta name=\"robots\" content=\"index, follow, max-snippet:-1, max-image-preview:large, max-video-preview:-1\" \/>\n<link rel=\"canonical\" href=\"https:\/\/www.lmp-securite.com\/la-societe-lmp-securite-travail-en-hauteur-filets-de-securite-thermobachage\/reglementation-travail-en-hauteur\/\" \/>\n<meta property=\"og:locale\" content=\"fr_FR\" \/>\n<meta property=\"og:type\" content=\"article\" \/>\n<meta property=\"og:title\" content=\"La r\u00e9glementation sur le travail en hauteur - Lmp S\u00e9curit\u00e9\" \/>\n<meta property=\"og:description\" content=\"R\u00e9glementation travail en hauteur : Comment r\u00e9pondre aux exigences de la recommandation R446 ainsi que des normes EN1263-1 et EN1263-2.\" \/>\n<meta property=\"og:url\" content=\"https:\/\/www.lmp-securite.com\/la-societe-lmp-securite-travail-en-hauteur-filets-de-securite-thermobachage\/reglementation-travail-en-hauteur\/\" \/>\n<meta property=\"og:site_name\" content=\"Lmp S\u00e9curit\u00e9\" \/>\n<meta property=\"article:publisher\" content=\"https:\/\/www.facebook.com\/LMPsecurite\" \/>\n<meta property=\"article:modified_time\" content=\"2021-05-25T09:30:53+00:00\" \/>\n<meta property=\"og:image\" content=\"https:\/\/www.lmp-securite.com\/wp-content\/uploads\/2020\/03\/vlcsnap-2020-03-10-09h15m59s504.png\" \/>\n\t<meta property=\"og:image:width\" content=\"1920\" \/>\n\t<meta property=\"og:image:height\" content=\"1090\" \/>\n\t<meta property=\"og:image:type\" content=\"image\/png\" \/>\n<meta name=\"twitter:card\" content=\"summary_large_image\" \/>\n<meta name=\"twitter:site\" content=\"@LmpSecurite\" \/>\n<meta name=\"twitter:label1\" content=\"Dur\u00e9e de lecture estim\u00e9e\" \/>\n\t<meta name=\"twitter:data1\" content=\"2 minutes\" \/>\n<script type=\"application\/ld+json\" class=\"yoast-schema-graph\">{\"@context\":\"https:\/\/schema.org\",\"@graph\":[{\"@type\":\"WebPage\",\"@id\":\"https:\/\/www.lmp-securite.com\/la-societe-lmp-securite-travail-en-hauteur-filets-de-securite-thermobachage\/reglementation-travail-en-hauteur\/\",\"url\":\"https:\/\/www.lmp-securite.com\/la-societe-lmp-securite-travail-en-hauteur-filets-de-securite-thermobachage\/reglementation-travail-en-hauteur\/\",\"name\":\"La r\u00e9glementation sur le travail en hauteur - Lmp S\u00e9curit\u00e9\",\"isPartOf\":{\"@id\":\"https:\/\/www.lmp-securite.com\/#website\"},\"datePublished\":\"2019-04-22T11:23:45+00:00\",\"dateModified\":\"2021-05-25T09:30:53+00:00\",\"description\":\"R\u00e9glementation travail en hauteur : Comment r\u00e9pondre aux exigences de la recommandation R446 ainsi que des normes EN1263-1 et EN1263-2.\",\"breadcrumb\":{\"@id\":\"https:\/\/www.lmp-securite.com\/la-societe-lmp-securite-travail-en-hauteur-filets-de-securite-thermobachage\/reglementation-travail-en-hauteur\/#breadcrumb\"},\"inLanguage\":\"fr-FR\",\"potentialAction\":[{\"@type\":\"ReadAction\",\"target\":[\"https:\/\/www.lmp-securite.com\/la-societe-lmp-securite-travail-en-hauteur-filets-de-securite-thermobachage\/reglementation-travail-en-hauteur\/\"]}]},{\"@type\":\"BreadcrumbList\",\"@id\":\"https:\/\/www.lmp-securite.com\/la-societe-lmp-securite-travail-en-hauteur-filets-de-securite-thermobachage\/reglementation-travail-en-hauteur\/#breadcrumb\",\"itemListElement\":[{\"@type\":\"ListItem\",\"position\":1,\"name\":\"Accueil\",\"item\":\"https:\/\/www.lmp-securite.com\/\"},{\"@type\":\"ListItem\",\"position\":2,\"name\":\"La soci\u00e9t\u00e9\",\"item\":\"https:\/\/www.lmp-securite.com\/la-societe-lmp-securite-travail-en-hauteur-filets-de-securite-thermobachage\/\"},{\"@type\":\"ListItem\",\"position\":3,\"name\":\"La r\u00e9glementation sur le travail en hauteur\"}]},{\"@type\":\"WebSite\",\"@id\":\"https:\/\/www.lmp-securite.com\/#website\",\"url\":\"https:\/\/www.lmp-securite.com\/\",\"name\":\"Lmp S\u00e9curit\u00e9\",\"description\":\"Filets de s\u00e9curit\u00e9\",\"publisher\":{\"@id\":\"https:\/\/www.lmp-securite.com\/#organization\"},\"potentialAction\":[{\"@type\":\"SearchAction\",\"target\":{\"@type\":\"EntryPoint\",\"urlTemplate\":\"https:\/\/www.lmp-securite.com\/?s={search_term_string}\"},\"query-input\":\"required name=search_term_string\"}],\"inLanguage\":\"fr-FR\"},{\"@type\":\"Organization\",\"@id\":\"https:\/\/www.lmp-securite.com\/#organization\",\"name\":\"LMP S\u00e9curit\u00e9\",\"url\":\"https:\/\/www.lmp-securite.com\/\",\"logo\":{\"@type\":\"ImageObject\",\"inLanguage\":\"fr-FR\",\"@id\":\"https:\/\/www.lmp-securite.com\/#\/schema\/logo\/image\/\",\"url\":\"https:\/\/www.lmp-securite.com\/wp-content\/uploads\/2021\/04\/LMP-modernise-compresse-pour-internet.png\",\"contentUrl\":\"https:\/\/www.lmp-securite.com\/wp-content\/uploads\/2021\/04\/LMP-modernise-compresse-pour-internet.png\",\"width\":6000,\"height\":4000,\"caption\":\"LMP S\u00e9curit\u00e9\"},\"image\":{\"@id\":\"https:\/\/www.lmp-securite.com\/#\/schema\/logo\/image\/\"},\"sameAs\":[\"https:\/\/www.facebook.com\/LMPsecurite\",\"https:\/\/twitter.com\/LmpSecurite\",\"https:\/\/www.instagram.com\/lmpsecurite\/\",\"https:\/\/www.linkedin.com\/company\/lmp-s\u00e9curit\u00e9\",\"https:\/\/www.youtube.com\/channel\/UCWk6fDe4a1UJE60gIvAml_w\"]}]}<\/script>\n<!-- \/ Yoast SEO plugin. -->","yoast_head_json":{"title":"La r\u00e9glementation sur le travail en hauteur - Lmp S\u00e9curit\u00e9","description":"R\u00e9glementation travail en hauteur : Comment r\u00e9pondre aux exigences de la recommandation R446 ainsi que des normes EN1263-1 et EN1263-2.","robots":{"index":"index","follow":"follow","max-snippet":"max-snippet:-1","max-image-preview":"max-image-preview:large","max-video-preview":"max-video-preview:-1"},"canonical":"https:\/\/www.lmp-securite.com\/la-societe-lmp-securite-travail-en-hauteur-filets-de-securite-thermobachage\/reglementation-travail-en-hauteur\/","og_locale":"fr_FR","og_type":"article","og_title":"La r\u00e9glementation sur le travail en hauteur - Lmp S\u00e9curit\u00e9","og_description":"R\u00e9glementation travail en hauteur : Comment r\u00e9pondre aux exigences de la recommandation R446 ainsi que des normes EN1263-1 et EN1263-2.","og_url":"https:\/\/www.lmp-securite.com\/la-societe-lmp-securite-travail-en-hauteur-filets-de-securite-thermobachage\/reglementation-travail-en-hauteur\/","og_site_name":"Lmp S\u00e9curit\u00e9","article_publisher":"https:\/\/www.facebook.com\/LMPsecurite","article_modified_time":"2021-05-25T09:30:53+00:00","og_image":[{"width":1920,"height":1090,"url":"https:\/\/www.lmp-securite.com\/wp-content\/uploads\/2020\/03\/vlcsnap-2020-03-10-09h15m59s504.png","type":"image\/png"}],"twitter_card":"summary_large_image","twitter_site":"@LmpSecurite","twitter_misc":{"Dur\u00e9e de lecture estim\u00e9e":"2 minutes"},"schema":{"@context":"https:\/\/schema.org","@graph":[{"@type":"WebPage","@id":"https:\/\/www.lmp-securite.com\/la-societe-lmp-securite-travail-en-hauteur-filets-de-securite-thermobachage\/reglementation-travail-en-hauteur\/","url":"https:\/\/www.lmp-securite.com\/la-societe-lmp-securite-travail-en-hauteur-filets-de-securite-thermobachage\/reglementation-travail-en-hauteur\/","name":"La r\u00e9glementation sur le travail en hauteur - Lmp S\u00e9curit\u00e9","isPartOf":{"@id":"https:\/\/www.lmp-securite.com\/#website"},"datePublished":"2019-04-22T11:23:45+00:00","dateModified":"2021-05-25T09:30:53+00:00","description":"R\u00e9glementation travail en hauteur : Comment r\u00e9pondre aux exigences de la recommandation R446 ainsi que des normes EN1263-1 et EN1263-2.","breadcrumb":{"@id":"https:\/\/www.lmp-securite.com\/la-societe-lmp-securite-travail-en-hauteur-filets-de-securite-thermobachage\/reglementation-travail-en-hauteur\/#breadcrumb"},"inLanguage":"fr-FR","potentialAction":[{"@type":"ReadAction","target":["https:\/\/www.lmp-securite.com\/la-societe-lmp-securite-travail-en-hauteur-filets-de-securite-thermobachage\/reglementation-travail-en-hauteur\/"]}]},{"@type":"BreadcrumbList","@id":"https:\/\/www.lmp-securite.com\/la-societe-lmp-securite-travail-en-hauteur-filets-de-securite-thermobachage\/reglementation-travail-en-hauteur\/#breadcrumb","itemListElement":[{"@type":"ListItem","position":1,"name":"Accueil","item":"https:\/\/www.lmp-securite.com\/"},{"@type":"ListItem","position":2,"name":"La soci\u00e9t\u00e9","item":"https:\/\/www.lmp-securite.com\/la-societe-lmp-securite-travail-en-hauteur-filets-de-securite-thermobachage\/"},{"@type":"ListItem","position":3,"name":"La r\u00e9glementation sur le travail en hauteur"}]},{"@type":"WebSite","@id":"https:\/\/www.lmp-securite.com\/#website","url":"https:\/\/www.lmp-securite.com\/","name":"Lmp S\u00e9curit\u00e9","description":"Filets de s\u00e9curit\u00e9","publisher":{"@id":"https:\/\/www.lmp-securite.com\/#organization"},"potentialAction":[{"@type":"SearchAction","target":{"@type":"EntryPoint","urlTemplate":"https:\/\/www.lmp-securite.com\/?s={search_term_string}"},"query-input":"required name=search_term_string"}],"inLanguage":"fr-FR"},{"@type":"Organization","@id":"https:\/\/www.lmp-securite.com\/#organization","name":"LMP S\u00e9curit\u00e9","url":"https:\/\/www.lmp-securite.com\/","logo":{"@type":"ImageObject","inLanguage":"fr-FR","@id":"https:\/\/www.lmp-securite.com\/#\/schema\/logo\/image\/","url":"https:\/\/www.lmp-securite.com\/wp-content\/uploads\/2021\/04\/LMP-modernise-compresse-pour-internet.png","contentUrl":"https:\/\/www.lmp-securite.com\/wp-content\/uploads\/2021\/04\/LMP-modernise-compresse-pour-internet.png","width":6000,"height":4000,"caption":"LMP S\u00e9curit\u00e9"},"image":{"@id":"https:\/\/www.lmp-securite.com\/#\/schema\/logo\/image\/"},"sameAs":["https:\/\/www.facebook.com\/LMPsecurite","https:\/\/twitter.com\/LmpSecurite","https:\/\/www.instagram.com\/lmpsecurite\/","https:\/\/www.linkedin.com\/company\/lmp-s\u00e9curit\u00e9","https:\/\/www.youtube.com\/channel\/UCWk6fDe4a1UJE60gIvAml_w"]}]}},"_links":{"self":[{"href":"https:\/\/www.lmp-securite.com\/index.php?rest_route=\/wp\/v2\/pages\/23"}],"collection":[{"href":"https:\/\/www.lmp-securite.com\/index.php?rest_route=\/wp\/v2\/pages"}],"about":[{"href":"https:\/\/www.lmp-securite.com\/index.php?rest_route=\/wp\/v2\/types\/page"}],"author":[{"embeddable":true,"href":"https:\/\/www.lmp-securite.com\/index.php?rest_route=\/wp\/v2\/users\/1"}],"replies":[{"embeddable":true,"href":"https:\/\/www.lmp-securite.com\/index.php?rest_route=%2Fwp%2Fv2%2Fcomments&post=23"}],"version-history":[{"count":0,"href":"https:\/\/www.lmp-securite.com\/index.php?rest_route=\/wp\/v2\/pages\/23\/revisions"}],"up":[{"embeddable":true,"href":"https:\/\/www.lmp-securite.com\/index.php?rest_route=\/wp\/v2\/pages\/32"}],"wp:featuredmedia":[{"embeddable":true,"href":"https:\/\/www.lmp-securite.com\/index.php?rest_route=\/wp\/v2\/media\/746"}],"wp:attachment":[{"href":"https:\/\/www.lmp-securite.com\/index.php?rest_route=%2Fwp%2Fv2%2Fmedia&parent=23"}],"curies":[{"name":"wp","href":"https:\/\/api.w.org\/{rel}","templated":true}]}}